{"id":466,"date":"2016-12-12T14:20:58","date_gmt":"2016-12-12T13:20:58","guid":{"rendered":"https:\/\/lenoxsawmasters.kwaaidevelop.nl\/en\/product\/lenox-cai-lube\/"},"modified":"2024-08-23T10:44:37","modified_gmt":"2024-08-23T08:44:37","slug":"lenox-cai-lube","status":"publish","type":"product","link":"https:\/\/www.lenoxsawmasters.com\/pl\/product\/lenox-cai-lube\/","title":{"rendered":"LENOX C\/AI LUBE"},"content":{"rendered":"","protected":false},"excerpt":{"rendered":"<ul>\n<li>Do ci\u0119cia stop\u00f3w aluminium i miedzi<\/li>\n<li>Zaprojektowany do u\u017cywania z Mikronizerem<\/li>\n<li>Zapobiega przedostawaniu si\u0119 wi\u00f3r\u00f3w do z\u0119b\u00f3w<\/li>\n<li>Lepsze wyko\u0144czenie powierzchni i d\u0142u\u017csza \u017cywotno\u015b\u0107 ostrza<\/li>\n<\/ul>\n","protected":false},"featured_media":1342,"template":"","meta":{"_acf_changed":false},"product_brand":[],"product_cat":[107],"product_tag":[],"class_list":{"0":"post-466","1":"product","2":"type-product","3":"status-publish","4":"has-post-thumbnail","6":"product_cat-plyny","8":"first","9":"onbackorder","10":"taxable","11":"shipping-taxable","12":"product-type-simple"},"acf":[],"yoast_head":"<!-- This site is optimized with the Yoast SEO plugin v27.3 - https:\/\/yoast.com\/product\/yoast-seo-wordpress\/ -->\n<title>LENOX C\/AI LUBE - Lenox Sawmasters PL<\/title>\n<meta name=\"robots\" content=\"index, follow, max-snippet:-1, max-image-preview:large, max-video-preview:-1\" \/>\n<link rel=\"canonical\" href=\"https:\/\/www.lenoxsawmasters.com\/pl\/product\/lenox-cai-lube\/\" \/>\n<meta property=\"og:locale\" content=\"pl_PL\" \/>\n<meta property=\"og:type\" content=\"article\" \/>\n<meta property=\"og:title\" content=\"LENOX C\/AI LUBE - Lenox Sawmasters PL\" \/>\n<meta property=\"og:description\" content=\"Do ci\u0119cia stop\u00f3w aluminium i miedzi  Zaprojektowany do u\u017cywania z Mikronizerem  Zapobiega przedostawaniu si\u0119 wi\u00f3r\u00f3w do z\u0119b\u00f3w  Lepsze wyko\u0144czenie powierzchni i d\u0142u\u017csza \u017cywotno\u015b\u0107 ostrza\" \/>\n<meta property=\"og:url\" content=\"https:\/\/www.lenoxsawmasters.com\/pl\/product\/lenox-cai-lube\/\" \/>\n<meta property=\"og:site_name\" content=\"Lenox Sawmasters PL\" \/>\n<meta property=\"article:modified_time\" content=\"2024-08-23T08:44:37+00:00\" \/>\n<meta property=\"og:image\" content=\"https:\/\/www.lenoxsawmasters.com\/pl\/wp-content\/uploads\/sites\/9\/2016\/12\/cailube_001.png\" \/>\n\t<meta property=\"og:image:width\" content=\"745\" \/>\n\t<meta property=\"og:image:height\" content=\"931\" \/>\n\t<meta property=\"og:image:type\" content=\"image\/png\" \/>\n<meta name=\"twitter:card\" content=\"summary_large_image\" \/>\n<script type=\"application\/ld+json\" class=\"yoast-schema-graph\">{\"@context\":\"https:\\\/\\\/schema.org\",\"@graph\":[{\"@type\":\"WebPage\",\"@id\":\"https:\\\/\\\/www.lenoxsawmasters.com\\\/pl\\\/product\\\/lenox-cai-lube\\\/\",\"url\":\"https:\\\/\\\/www.lenoxsawmasters.com\\\/pl\\\/product\\\/lenox-cai-lube\\\/\",\"name\":\"LENOX C\\\/AI LUBE - Lenox Sawmasters PL\",\"isPartOf\":{\"@id\":\"https:\\\/\\\/www.lenoxsawmasters.com\\\/pl\\\/#website\"},\"primaryImageOfPage\":{\"@id\":\"https:\\\/\\\/www.lenoxsawmasters.com\\\/pl\\\/product\\\/lenox-cai-lube\\\/#primaryimage\"},\"image\":{\"@id\":\"https:\\\/\\\/www.lenoxsawmasters.com\\\/pl\\\/product\\\/lenox-cai-lube\\\/#primaryimage\"},\"thumbnailUrl\":\"https:\\\/\\\/www.lenoxsawmasters.com\\\/pl\\\/wp-content\\\/uploads\\\/sites\\\/9\\\/2016\\\/12\\\/cailube_001.png\",\"datePublished\":\"2016-12-12T13:20:58+00:00\",\"dateModified\":\"2024-08-23T08:44:37+00:00\",\"breadcrumb\":{\"@id\":\"https:\\\/\\\/www.lenoxsawmasters.com\\\/pl\\\/product\\\/lenox-cai-lube\\\/#breadcrumb\"},\"inLanguage\":\"pl-PL\",\"potentialAction\":[{\"@type\":\"ReadAction\",\"target\":[\"https:\\\/\\\/www.lenoxsawmasters.com\\\/pl\\\/product\\\/lenox-cai-lube\\\/\"]}]},{\"@type\":\"ImageObject\",\"inLanguage\":\"pl-PL\",\"@id\":\"https:\\\/\\\/www.lenoxsawmasters.com\\\/pl\\\/product\\\/lenox-cai-lube\\\/#primaryimage\",\"url\":\"https:\\\/\\\/www.lenoxsawmasters.com\\\/pl\\\/wp-content\\\/uploads\\\/sites\\\/9\\\/2016\\\/12\\\/cailube_001.png\",\"contentUrl\":\"https:\\\/\\\/www.lenoxsawmasters.com\\\/pl\\\/wp-content\\\/uploads\\\/sites\\\/9\\\/2016\\\/12\\\/cailube_001.png\",\"width\":745,\"height\":931,\"caption\":\"LENOX C\\\/AI LUBE\"},{\"@type\":\"BreadcrumbList\",\"@id\":\"https:\\\/\\\/www.lenoxsawmasters.com\\\/pl\\\/product\\\/lenox-cai-lube\\\/#breadcrumb\",\"itemListElement\":[{\"@type\":\"ListItem\",\"position\":1,\"name\":\"Home\",\"item\":\"https:\\\/\\\/www.lenoxsawmasters.com\\\/pl\\\/\"},{\"@type\":\"ListItem\",\"position\":2,\"name\":\"Shop\",\"item\":\"https:\\\/\\\/www.lenoxsawmasters.com\\\/pl\\\/shop\\\/\"},{\"@type\":\"ListItem\",\"position\":3,\"name\":\"LENOX C\\\/AI LUBE\"}]},{\"@type\":\"WebSite\",\"@id\":\"https:\\\/\\\/www.lenoxsawmasters.com\\\/pl\\\/#website\",\"url\":\"https:\\\/\\\/www.lenoxsawmasters.com\\\/pl\\\/\",\"name\":\"Lenoxsawmasters\",\"description\":\"Always Hungry\",\"publisher\":{\"@id\":\"https:\\\/\\\/www.lenoxsawmasters.com\\\/pl\\\/#organization\"},\"alternateName\":\"Lenoxsawmasters\",\"potentialAction\":[{\"@type\":\"SearchAction\",\"target\":{\"@type\":\"EntryPoint\",\"urlTemplate\":\"https:\\\/\\\/www.lenoxsawmasters.com\\\/pl\\\/?s={search_term_string}\"},\"query-input\":{\"@type\":\"PropertyValueSpecification\",\"valueRequired\":true,\"valueName\":\"search_term_string\"}}],\"inLanguage\":\"pl-PL\"},{\"@type\":\"Organization\",\"@id\":\"https:\\\/\\\/www.lenoxsawmasters.com\\\/pl\\\/#organization\",\"name\":\"Lenoxsawmasters\",\"alternateName\":\"Lenoxsawmasters\",\"url\":\"https:\\\/\\\/www.lenoxsawmasters.com\\\/pl\\\/\",\"logo\":{\"@type\":\"ImageObject\",\"inLanguage\":\"pl-PL\",\"@id\":\"https:\\\/\\\/www.lenoxsawmasters.com\\\/pl\\\/#\\\/schema\\\/logo\\\/image\\\/\",\"url\":\"https:\\\/\\\/www.lenoxsawmasters.com\\\/pl\\\/wp-content\\\/uploads\\\/sites\\\/9\\\/2023\\\/05\\\/lenox-sawmasters-favicon.png\",\"contentUrl\":\"https:\\\/\\\/www.lenoxsawmasters.com\\\/pl\\\/wp-content\\\/uploads\\\/sites\\\/9\\\/2023\\\/05\\\/lenox-sawmasters-favicon.png\",\"width\":522,\"height\":522,\"caption\":\"Lenoxsawmasters\"},\"image\":{\"@id\":\"https:\\\/\\\/www.lenoxsawmasters.com\\\/pl\\\/#\\\/schema\\\/logo\\\/image\\\/\"}}]}<\/script>\n<!-- \/ Yoast SEO plugin. -->","yoast_head_json":{"title":"LENOX C\/AI LUBE - Lenox Sawmasters PL","robots":{"index":"index","follow":"follow","max-snippet":"max-snippet:-1","max-image-preview":"max-image-preview:large","max-video-preview":"max-video-preview:-1"},"canonical":"https:\/\/www.lenoxsawmasters.com\/pl\/product\/lenox-cai-lube\/","og_locale":"pl_PL","og_type":"article","og_title":"LENOX C\/AI LUBE - Lenox Sawmasters PL","og_description":"Do ci\u0119cia stop\u00f3w aluminium i miedzi  Zaprojektowany do u\u017cywania z Mikronizerem  Zapobiega przedostawaniu si\u0119 wi\u00f3r\u00f3w do z\u0119b\u00f3w  Lepsze wyko\u0144czenie powierzchni i d\u0142u\u017csza \u017cywotno\u015b\u0107 ostrza","og_url":"https:\/\/www.lenoxsawmasters.com\/pl\/product\/lenox-cai-lube\/","og_site_name":"Lenox Sawmasters PL","article_modified_time":"2024-08-23T08:44:37+00:00","og_image":[{"width":745,"height":931,"url":"https:\/\/www.lenoxsawmasters.com\/pl\/wp-content\/uploads\/sites\/9\/2016\/12\/cailube_001.png","type":"image\/png"}],"twitter_card":"summary_large_image","schema":{"@context":"https:\/\/schema.org","@graph":[{"@type":"WebPage","@id":"https:\/\/www.lenoxsawmasters.com\/pl\/product\/lenox-cai-lube\/","url":"https:\/\/www.lenoxsawmasters.com\/pl\/product\/lenox-cai-lube\/","name":"LENOX C\/AI LUBE - Lenox Sawmasters PL","isPartOf":{"@id":"https:\/\/www.lenoxsawmasters.com\/pl\/#website"},"primaryImageOfPage":{"@id":"https:\/\/www.lenoxsawmasters.com\/pl\/product\/lenox-cai-lube\/#primaryimage"},"image":{"@id":"https:\/\/www.lenoxsawmasters.com\/pl\/product\/lenox-cai-lube\/#primaryimage"},"thumbnailUrl":"https:\/\/www.lenoxsawmasters.com\/pl\/wp-content\/uploads\/sites\/9\/2016\/12\/cailube_001.png","datePublished":"2016-12-12T13:20:58+00:00","dateModified":"2024-08-23T08:44:37+00:00","breadcrumb":{"@id":"https:\/\/www.lenoxsawmasters.com\/pl\/product\/lenox-cai-lube\/#breadcrumb"},"inLanguage":"pl-PL","potentialAction":[{"@type":"ReadAction","target":["https:\/\/www.lenoxsawmasters.com\/pl\/product\/lenox-cai-lube\/"]}]},{"@type":"ImageObject","inLanguage":"pl-PL","@id":"https:\/\/www.lenoxsawmasters.com\/pl\/product\/lenox-cai-lube\/#primaryimage","url":"https:\/\/www.lenoxsawmasters.com\/pl\/wp-content\/uploads\/sites\/9\/2016\/12\/cailube_001.png","contentUrl":"https:\/\/www.lenoxsawmasters.com\/pl\/wp-content\/uploads\/sites\/9\/2016\/12\/cailube_001.png","width":745,"height":931,"caption":"LENOX C\/AI LUBE"},{"@type":"BreadcrumbList","@id":"https:\/\/www.lenoxsawmasters.com\/pl\/product\/lenox-cai-lube\/#breadcrumb","itemListElement":[{"@type":"ListItem","position":1,"name":"Home","item":"https:\/\/www.lenoxsawmasters.com\/pl\/"},{"@type":"ListItem","position":2,"name":"Shop","item":"https:\/\/www.lenoxsawmasters.com\/pl\/shop\/"},{"@type":"ListItem","position":3,"name":"LENOX C\/AI LUBE"}]},{"@type":"WebSite","@id":"https:\/\/www.lenoxsawmasters.com\/pl\/#website","url":"https:\/\/www.lenoxsawmasters.com\/pl\/","name":"Lenoxsawmasters","description":"Always Hungry","publisher":{"@id":"https:\/\/www.lenoxsawmasters.com\/pl\/#organization"},"alternateName":"Lenoxsawmasters","potentialAction":[{"@type":"SearchAction","target":{"@type":"EntryPoint","urlTemplate":"https:\/\/www.lenoxsawmasters.com\/pl\/?s={search_term_string}"},"query-input":{"@type":"PropertyValueSpecification","valueRequired":true,"valueName":"search_term_string"}}],"inLanguage":"pl-PL"},{"@type":"Organization","@id":"https:\/\/www.lenoxsawmasters.com\/pl\/#organization","name":"Lenoxsawmasters","alternateName":"Lenoxsawmasters","url":"https:\/\/www.lenoxsawmasters.com\/pl\/","logo":{"@type":"ImageObject","inLanguage":"pl-PL","@id":"https:\/\/www.lenoxsawmasters.com\/pl\/#\/schema\/logo\/image\/","url":"https:\/\/www.lenoxsawmasters.com\/pl\/wp-content\/uploads\/sites\/9\/2023\/05\/lenox-sawmasters-favicon.png","contentUrl":"https:\/\/www.lenoxsawmasters.com\/pl\/wp-content\/uploads\/sites\/9\/2023\/05\/lenox-sawmasters-favicon.png","width":522,"height":522,"caption":"Lenoxsawmasters"},"image":{"@id":"https:\/\/www.lenoxsawmasters.com\/pl\/#\/schema\/logo\/image\/"}}]}},"_links":{"self":[{"href":"https:\/\/www.lenoxsawmasters.com\/pl\/wp-json\/wp\/v2\/product\/466","targetHints":{"allow":["GET"]}}],"collection":[{"href":"https:\/\/www.lenoxsawmasters.com\/pl\/wp-json\/wp\/v2\/product"}],"about":[{"href":"https:\/\/www.lenoxsawmasters.com\/pl\/wp-json\/wp\/v2\/types\/product"}],"wp:featuredmedia":[{"embeddable":true,"href":"https:\/\/www.lenoxsawmasters.com\/pl\/wp-json\/wp\/v2\/media\/1342"}],"wp:attachment":[{"href":"https:\/\/www.lenoxsawmasters.com\/pl\/wp-json\/wp\/v2\/media?parent=466"}],"wp:term":[{"taxonomy":"product_brand","embeddable":true,"href":"https:\/\/www.lenoxsawmasters.com\/pl\/wp-json\/wp\/v2\/product_brand?post=466"},{"taxonomy":"product_cat","embeddable":true,"href":"https:\/\/www.lenoxsawmasters.com\/pl\/wp-json\/wp\/v2\/product_cat?post=466"},{"taxonomy":"product_tag","embeddable":true,"href":"https:\/\/www.lenoxsawmasters.com\/pl\/wp-json\/wp\/v2\/product_tag?post=466"}],"curies":[{"name":"wp","href":"https:\/\/api.w.org\/{rel}","templated":true}]}}