{"id":456,"date":"2016-12-12T13:52:23","date_gmt":"2016-12-12T12:52:23","guid":{"rendered":"https:\/\/lenoxsawmasters.kwaaidevelop.nl\/en\/product\/lenox-saw-master\/"},"modified":"2024-08-23T11:04:31","modified_gmt":"2024-08-23T09:04:31","slug":"lenox-saw-master","status":"publish","type":"product","link":"https:\/\/www.lenoxsawmasters.com\/pl\/product\/lenox-saw-master\/","title":{"rendered":"Lenox Saw Master"},"content":{"rendered":"","protected":false},"excerpt":{"rendered":"<ul>\n<li>P\u0142yn ch\u0142odz\u0105cy zapewniaj\u0105cy d\u0142u\u017csz\u0105 \u017cywotno\u015b\u0107 brzeszczotu<\/li>\n<li>Mo\u017ce by\u0107 stosowany w wi\u0119kszo\u015bci zastosowa\u0144 utwardzanych wod\u0105<\/li>\n<li>Bezpieczny w u\u017cyciu, nie powoduje podra\u017cnie\u0144<\/li>\n<li>Najd\u0142u\u017csza \u017cywotno\u015b\u0107 zbiornika, doskona\u0142e dzia\u0142anie antybakteryjne<\/li>\n<\/ul>\n<p>Jedynie do przemys\u0142owego zastosowania<\/p>\n<p>Nie zaleca si\u0119 u\u017cywanie tego \u015brodka jako olej do pi\u0142<\/p>\n<p>\u0141\u0105czenie tego produktu z wod\u0105 jest jak najbardziej rekomendowane<\/p>\n","protected":false},"featured_media":880,"template":"","meta":{"_acf_changed":false},"product_brand":[],"product_cat":[107],"product_tag":[],"class_list":{"0":"post-456","1":"product","2":"type-product","3":"status-publish","4":"has-post-thumbnail","6":"product_cat-plyny","8":"first","9":"onbackorder","10":"taxable","11":"shipping-taxable","12":"product-type-simple"},"acf":[],"yoast_head":"<!-- This site is optimized with the Yoast SEO plugin v27.3 - https:\/\/yoast.com\/product\/yoast-seo-wordpress\/ -->\n<title>Lenox Saw Master - Lenox Sawmasters PL<\/title>\n<meta name=\"robots\" content=\"index, follow, max-snippet:-1, max-image-preview:large, max-video-preview:-1\" \/>\n<link rel=\"canonical\" href=\"https:\/\/www.lenoxsawmasters.com\/pl\/product\/lenox-saw-master\/\" \/>\n<meta property=\"og:locale\" content=\"pl_PL\" \/>\n<meta property=\"og:type\" content=\"article\" \/>\n<meta property=\"og:title\" content=\"Lenox Saw Master - Lenox Sawmasters PL\" \/>\n<meta property=\"og:description\" content=\"P\u0142yn ch\u0142odz\u0105cy zapewniaj\u0105cy d\u0142u\u017csz\u0105 \u017cywotno\u015b\u0107 brzeszczotu  Mo\u017ce by\u0107 stosowany w wi\u0119kszo\u015bci zastosowa\u0144 utwardzanych wod\u0105  Bezpieczny w u\u017cyciu, nie powoduje podra\u017cnie\u0144  Najd\u0142u\u017csza \u017cywotno\u015b\u0107 zbiornika, doskona\u0142e dzia\u0142anie antybakteryjne  Jedynie do przemys\u0142owego zastosowania  Nie zaleca si\u0119 u\u017cywanie tego \u015brodka jako olej do pi\u0142  \u0141\u0105czenie tego produktu z wod\u0105 jest jak najbardziej rekomendowane\" \/>\n<meta property=\"og:url\" content=\"https:\/\/www.lenoxsawmasters.com\/pl\/product\/lenox-saw-master\/\" \/>\n<meta property=\"og:site_name\" content=\"Lenox Sawmasters PL\" \/>\n<meta property=\"article:modified_time\" content=\"2024-08-23T09:04:31+00:00\" \/>\n<meta property=\"og:image\" content=\"https:\/\/www.lenoxsawmasters.com\/pl\/wp-content\/uploads\/sites\/9\/2016\/12\/SAW-MASTER-5L-300DPI-TR.png\" \/>\n\t<meta property=\"og:image:width\" content=\"736\" \/>\n\t<meta property=\"og:image:height\" content=\"945\" \/>\n\t<meta property=\"og:image:type\" content=\"image\/png\" \/>\n<meta name=\"twitter:card\" content=\"summary_large_image\" \/>\n<script type=\"application\/ld+json\" class=\"yoast-schema-graph\">{\"@context\":\"https:\\\/\\\/schema.org\",\"@graph\":[{\"@type\":\"WebPage\",\"@id\":\"https:\\\/\\\/www.lenoxsawmasters.com\\\/pl\\\/product\\\/lenox-saw-master\\\/\",\"url\":\"https:\\\/\\\/www.lenoxsawmasters.com\\\/pl\\\/product\\\/lenox-saw-master\\\/\",\"name\":\"Lenox Saw Master - Lenox Sawmasters PL\",\"isPartOf\":{\"@id\":\"https:\\\/\\\/www.lenoxsawmasters.com\\\/pl\\\/#website\"},\"primaryImageOfPage\":{\"@id\":\"https:\\\/\\\/www.lenoxsawmasters.com\\\/pl\\\/product\\\/lenox-saw-master\\\/#primaryimage\"},\"image\":{\"@id\":\"https:\\\/\\\/www.lenoxsawmasters.com\\\/pl\\\/product\\\/lenox-saw-master\\\/#primaryimage\"},\"thumbnailUrl\":\"https:\\\/\\\/www.lenoxsawmasters.com\\\/pl\\\/wp-content\\\/uploads\\\/sites\\\/9\\\/2016\\\/12\\\/SAW-MASTER-5L-300DPI-TR.png\",\"datePublished\":\"2016-12-12T12:52:23+00:00\",\"dateModified\":\"2024-08-23T09:04:31+00:00\",\"breadcrumb\":{\"@id\":\"https:\\\/\\\/www.lenoxsawmasters.com\\\/pl\\\/product\\\/lenox-saw-master\\\/#breadcrumb\"},\"inLanguage\":\"pl-PL\",\"potentialAction\":[{\"@type\":\"ReadAction\",\"target\":[\"https:\\\/\\\/www.lenoxsawmasters.com\\\/pl\\\/product\\\/lenox-saw-master\\\/\"]}]},{\"@type\":\"ImageObject\",\"inLanguage\":\"pl-PL\",\"@id\":\"https:\\\/\\\/www.lenoxsawmasters.com\\\/pl\\\/product\\\/lenox-saw-master\\\/#primaryimage\",\"url\":\"https:\\\/\\\/www.lenoxsawmasters.com\\\/pl\\\/wp-content\\\/uploads\\\/sites\\\/9\\\/2016\\\/12\\\/SAW-MASTER-5L-300DPI-TR.png\",\"contentUrl\":\"https:\\\/\\\/www.lenoxsawmasters.com\\\/pl\\\/wp-content\\\/uploads\\\/sites\\\/9\\\/2016\\\/12\\\/SAW-MASTER-5L-300DPI-TR.png\",\"width\":736,\"height\":945,\"caption\":\"Lenox Saw Master\"},{\"@type\":\"BreadcrumbList\",\"@id\":\"https:\\\/\\\/www.lenoxsawmasters.com\\\/pl\\\/product\\\/lenox-saw-master\\\/#breadcrumb\",\"itemListElement\":[{\"@type\":\"ListItem\",\"position\":1,\"name\":\"Home\",\"item\":\"https:\\\/\\\/www.lenoxsawmasters.com\\\/pl\\\/\"},{\"@type\":\"ListItem\",\"position\":2,\"name\":\"Shop\",\"item\":\"https:\\\/\\\/www.lenoxsawmasters.com\\\/pl\\\/shop\\\/\"},{\"@type\":\"ListItem\",\"position\":3,\"name\":\"Lenox Saw Master\"}]},{\"@type\":\"WebSite\",\"@id\":\"https:\\\/\\\/www.lenoxsawmasters.com\\\/pl\\\/#website\",\"url\":\"https:\\\/\\\/www.lenoxsawmasters.com\\\/pl\\\/\",\"name\":\"Lenoxsawmasters\",\"description\":\"Always Hungry\",\"publisher\":{\"@id\":\"https:\\\/\\\/www.lenoxsawmasters.com\\\/pl\\\/#organization\"},\"alternateName\":\"Lenoxsawmasters\",\"potentialAction\":[{\"@type\":\"SearchAction\",\"target\":{\"@type\":\"EntryPoint\",\"urlTemplate\":\"https:\\\/\\\/www.lenoxsawmasters.com\\\/pl\\\/?s={search_term_string}\"},\"query-input\":{\"@type\":\"PropertyValueSpecification\",\"valueRequired\":true,\"valueName\":\"search_term_string\"}}],\"inLanguage\":\"pl-PL\"},{\"@type\":\"Organization\",\"@id\":\"https:\\\/\\\/www.lenoxsawmasters.com\\\/pl\\\/#organization\",\"name\":\"Lenoxsawmasters\",\"alternateName\":\"Lenoxsawmasters\",\"url\":\"https:\\\/\\\/www.lenoxsawmasters.com\\\/pl\\\/\",\"logo\":{\"@type\":\"ImageObject\",\"inLanguage\":\"pl-PL\",\"@id\":\"https:\\\/\\\/www.lenoxsawmasters.com\\\/pl\\\/#\\\/schema\\\/logo\\\/image\\\/\",\"url\":\"https:\\\/\\\/www.lenoxsawmasters.com\\\/pl\\\/wp-content\\\/uploads\\\/sites\\\/9\\\/2023\\\/05\\\/lenox-sawmasters-favicon.png\",\"contentUrl\":\"https:\\\/\\\/www.lenoxsawmasters.com\\\/pl\\\/wp-content\\\/uploads\\\/sites\\\/9\\\/2023\\\/05\\\/lenox-sawmasters-favicon.png\",\"width\":522,\"height\":522,\"caption\":\"Lenoxsawmasters\"},\"image\":{\"@id\":\"https:\\\/\\\/www.lenoxsawmasters.com\\\/pl\\\/#\\\/schema\\\/logo\\\/image\\\/\"}}]}<\/script>\n<!-- \/ Yoast SEO plugin. -->","yoast_head_json":{"title":"Lenox Saw Master - Lenox Sawmasters PL","robots":{"index":"index","follow":"follow","max-snippet":"max-snippet:-1","max-image-preview":"max-image-preview:large","max-video-preview":"max-video-preview:-1"},"canonical":"https:\/\/www.lenoxsawmasters.com\/pl\/product\/lenox-saw-master\/","og_locale":"pl_PL","og_type":"article","og_title":"Lenox Saw Master - Lenox Sawmasters PL","og_description":"P\u0142yn ch\u0142odz\u0105cy zapewniaj\u0105cy d\u0142u\u017csz\u0105 \u017cywotno\u015b\u0107 brzeszczotu  Mo\u017ce by\u0107 stosowany w wi\u0119kszo\u015bci zastosowa\u0144 utwardzanych wod\u0105  Bezpieczny w u\u017cyciu, nie powoduje podra\u017cnie\u0144  Najd\u0142u\u017csza \u017cywotno\u015b\u0107 zbiornika, doskona\u0142e dzia\u0142anie antybakteryjne  Jedynie do przemys\u0142owego zastosowania  Nie zaleca si\u0119 u\u017cywanie tego \u015brodka jako olej do pi\u0142  \u0141\u0105czenie tego produktu z wod\u0105 jest jak najbardziej rekomendowane","og_url":"https:\/\/www.lenoxsawmasters.com\/pl\/product\/lenox-saw-master\/","og_site_name":"Lenox Sawmasters PL","article_modified_time":"2024-08-23T09:04:31+00:00","og_image":[{"width":736,"height":945,"url":"https:\/\/www.lenoxsawmasters.com\/pl\/wp-content\/uploads\/sites\/9\/2016\/12\/SAW-MASTER-5L-300DPI-TR.png","type":"image\/png"}],"twitter_card":"summary_large_image","schema":{"@context":"https:\/\/schema.org","@graph":[{"@type":"WebPage","@id":"https:\/\/www.lenoxsawmasters.com\/pl\/product\/lenox-saw-master\/","url":"https:\/\/www.lenoxsawmasters.com\/pl\/product\/lenox-saw-master\/","name":"Lenox Saw Master - Lenox Sawmasters PL","isPartOf":{"@id":"https:\/\/www.lenoxsawmasters.com\/pl\/#website"},"primaryImageOfPage":{"@id":"https:\/\/www.lenoxsawmasters.com\/pl\/product\/lenox-saw-master\/#primaryimage"},"image":{"@id":"https:\/\/www.lenoxsawmasters.com\/pl\/product\/lenox-saw-master\/#primaryimage"},"thumbnailUrl":"https:\/\/www.lenoxsawmasters.com\/pl\/wp-content\/uploads\/sites\/9\/2016\/12\/SAW-MASTER-5L-300DPI-TR.png","datePublished":"2016-12-12T12:52:23+00:00","dateModified":"2024-08-23T09:04:31+00:00","breadcrumb":{"@id":"https:\/\/www.lenoxsawmasters.com\/pl\/product\/lenox-saw-master\/#breadcrumb"},"inLanguage":"pl-PL","potentialAction":[{"@type":"ReadAction","target":["https:\/\/www.lenoxsawmasters.com\/pl\/product\/lenox-saw-master\/"]}]},{"@type":"ImageObject","inLanguage":"pl-PL","@id":"https:\/\/www.lenoxsawmasters.com\/pl\/product\/lenox-saw-master\/#primaryimage","url":"https:\/\/www.lenoxsawmasters.com\/pl\/wp-content\/uploads\/sites\/9\/2016\/12\/SAW-MASTER-5L-300DPI-TR.png","contentUrl":"https:\/\/www.lenoxsawmasters.com\/pl\/wp-content\/uploads\/sites\/9\/2016\/12\/SAW-MASTER-5L-300DPI-TR.png","width":736,"height":945,"caption":"Lenox Saw Master"},{"@type":"BreadcrumbList","@id":"https:\/\/www.lenoxsawmasters.com\/pl\/product\/lenox-saw-master\/#breadcrumb","itemListElement":[{"@type":"ListItem","position":1,"name":"Home","item":"https:\/\/www.lenoxsawmasters.com\/pl\/"},{"@type":"ListItem","position":2,"name":"Shop","item":"https:\/\/www.lenoxsawmasters.com\/pl\/shop\/"},{"@type":"ListItem","position":3,"name":"Lenox Saw Master"}]},{"@type":"WebSite","@id":"https:\/\/www.lenoxsawmasters.com\/pl\/#website","url":"https:\/\/www.lenoxsawmasters.com\/pl\/","name":"Lenoxsawmasters","description":"Always Hungry","publisher":{"@id":"https:\/\/www.lenoxsawmasters.com\/pl\/#organization"},"alternateName":"Lenoxsawmasters","potentialAction":[{"@type":"SearchAction","target":{"@type":"EntryPoint","urlTemplate":"https:\/\/www.lenoxsawmasters.com\/pl\/?s={search_term_string}"},"query-input":{"@type":"PropertyValueSpecification","valueRequired":true,"valueName":"search_term_string"}}],"inLanguage":"pl-PL"},{"@type":"Organization","@id":"https:\/\/www.lenoxsawmasters.com\/pl\/#organization","name":"Lenoxsawmasters","alternateName":"Lenoxsawmasters","url":"https:\/\/www.lenoxsawmasters.com\/pl\/","logo":{"@type":"ImageObject","inLanguage":"pl-PL","@id":"https:\/\/www.lenoxsawmasters.com\/pl\/#\/schema\/logo\/image\/","url":"https:\/\/www.lenoxsawmasters.com\/pl\/wp-content\/uploads\/sites\/9\/2023\/05\/lenox-sawmasters-favicon.png","contentUrl":"https:\/\/www.lenoxsawmasters.com\/pl\/wp-content\/uploads\/sites\/9\/2023\/05\/lenox-sawmasters-favicon.png","width":522,"height":522,"caption":"Lenoxsawmasters"},"image":{"@id":"https:\/\/www.lenoxsawmasters.com\/pl\/#\/schema\/logo\/image\/"}}]}},"_links":{"self":[{"href":"https:\/\/www.lenoxsawmasters.com\/pl\/wp-json\/wp\/v2\/product\/456","targetHints":{"allow":["GET"]}}],"collection":[{"href":"https:\/\/www.lenoxsawmasters.com\/pl\/wp-json\/wp\/v2\/product"}],"about":[{"href":"https:\/\/www.lenoxsawmasters.com\/pl\/wp-json\/wp\/v2\/types\/product"}],"wp:featuredmedia":[{"embeddable":true,"href":"https:\/\/www.lenoxsawmasters.com\/pl\/wp-json\/wp\/v2\/media\/880"}],"wp:attachment":[{"href":"https:\/\/www.lenoxsawmasters.com\/pl\/wp-json\/wp\/v2\/media?parent=456"}],"wp:term":[{"taxonomy":"product_brand","embeddable":true,"href":"https:\/\/www.lenoxsawmasters.com\/pl\/wp-json\/wp\/v2\/product_brand?post=456"},{"taxonomy":"product_cat","embeddable":true,"href":"https:\/\/www.lenoxsawmasters.com\/pl\/wp-json\/wp\/v2\/product_cat?post=456"},{"taxonomy":"product_tag","embeddable":true,"href":"https:\/\/www.lenoxsawmasters.com\/pl\/wp-json\/wp\/v2\/product_tag?post=456"}],"curies":[{"name":"wp","href":"https:\/\/api.w.org\/{rel}","templated":true}]}}