{"id":703,"date":"2023-05-22T22:51:16","date_gmt":"2023-05-22T20:51:16","guid":{"rendered":"https:\/\/lenoxsawmasters.kwaaidevelop.nl\/en\/?page_id=703"},"modified":"2024-04-24T12:57:05","modified_gmt":"2024-04-24T10:57:05","slug":"about-us","status":"publish","type":"page","link":"https:\/\/www.lenoxsawmasters.com\/pl\/about-us\/","title":{"rendered":"O nas"},"content":{"rendered":"\n<style type=\"text\/css\" data-created_by=\"avia_inline_auto\" id=\"style-css-av-2ijj4v-aba0214fa6899f9561b79ba18332ec2e\">\n.avia-section.av-2ijj4v-aba0214fa6899f9561b79ba18332ec2e{\nbackground-repeat:no-repeat;\nbackground-image:url(https:\/\/www.lenoxsawmasters.com\/pl\/wp-content\/uploads\/sites\/9\/2023\/05\/productie-bandzagen-lenoxsawmasters.jpg);\nbackground-position:100% 50%;\nbackground-attachment:scroll;\n}\n<\/style>\n<div id='av_section_1'  class='avia-section av-2ijj4v-aba0214fa6899f9561b79ba18332ec2e main_color avia-section-default avia-no-border-styling  avia-builder-el-0  el_before_av_section  avia-builder-el-first  avia-full-stretch avia-bg-style-scroll av-minimum-height av-minimum-height-40 av-height-percent  container_wrap sidebar_right'  data-section-bg-repeat='stretch' data-av_minimum_height_pc='40' data-av_min_height_opt='percent'><div class='container av-section-cont-open' ><main  role=\"main\" itemprop=\"mainContentOfPage\"  class='template-page content  av-content-small alpha units'><div class='post-entry post-entry-type-page post-entry-703'><div class='entry-content-wrapper clearfix'>\n<\/div><\/div><\/main><!-- close content main element --><\/div><\/div><div id='av_section_2'  class='avia-section av-2d5ce7-07f926d5879fd74135b796e97859da4b main_color avia-section-default avia-no-border-styling  avia-builder-el-1  el_after_av_section  el_before_av_section  avia-bg-style-scroll container_wrap sidebar_right'  ><div class='container av-section-cont-open' ><div class='template-page content  av-content-small alpha units'><div class='post-entry post-entry-type-page post-entry-703'><div class='entry-content-wrapper clearfix'>\n<div  class='flex_column av-2b9i9j-3971a49f655343ec4ee11b0d64e7c47a av_one_half  avia-builder-el-2  el_before_av_one_half  avia-builder-el-first  first flex_column_div av-animated-generic bottom-to-top  '     ><section  class='av_textblock_section av-lj7640is-fca4814e4dbaba3edb2bd9982aade5dc '   itemscope=\"itemscope\" itemtype=\"https:\/\/schema.org\/CreativeWork\" ><div class='avia_textblock kj-title-big-secundairy'  itemprop=\"text\" ><h1>O Lenoxsawmasters<\/h1>\n<p><strong>\u015awiatowej klasy pi\u0142y ta\u015bmowe Lenox<\/strong><\/p>\n<p>Globe Europe jest niderlandzkim dystrybutorem marki\u00a0 Lenox od roku 2012.\u00a0 Lenox oferuje bardzo szeroki zakres brzeszczot\u00f3w do r\u00f3\u017cnych zastosowa\u0144 w metalu czy drewnie.<\/p>\n<p>Globe posiada w\u0142asne centrum spawalnicze do produkcji brzeszczot\u00f3w ta\u015bmowych Lenox. Dzi\u0119ki du\u017cym zapasom magazynowym Globe Europe jest w stanie dostarczy\u0107 towar w ci\u0105gu 48 godzin.<\/p>\n<p>Globe Europe oferuje wysoce wyspecjalizowane wsparcie dla firm zajmuj\u0105cych si\u0119 obr\u00f3bk\u0105 metalu, stali i drewna w celu usprawnienia procesu ci\u0119cia. Globe Europe obs\u0142uguje r\u00f3wnie\u017c firmy zajmuj\u0105ce si\u0119 handlem technicznym, kt\u00f3re chc\u0105 zapewni\u0107 swoim klientom warto\u015b\u0107 dodan\u0105 w zakresie asortymentu produkt\u00f3w i us\u0142ug.<\/p>\n<\/div><\/section><\/div><div  class='flex_column av-tnj3j-f373eb5a416eea8c8bbf2de8fe032b7c av_one_half  avia-builder-el-4  el_after_av_one_half  avia-builder-el-last  flex_column_div av-animated-generic bottom-to-top  '     ><style type=\"text\/css\" data-created_by=\"avia_inline_auto\" id=\"style-css-av-ihe8v-378a16f327f3a07024994162ebf963e9\">\n.avia-image-container.av-ihe8v-378a16f327f3a07024994162ebf963e9 img.avia_image{\nbox-shadow:none;\n}\n.avia-image-container.av-ihe8v-378a16f327f3a07024994162ebf963e9 .av-image-caption-overlay-center{\ncolor:#ffffff;\n}\n<\/style>\n<div  class='avia-image-container av-ihe8v-378a16f327f3a07024994162ebf963e9 av-styling-no-styling avia-align-center  avia-builder-el-5  avia-builder-el-no-sibling  kj-about-us-image'   itemprop=\"image\" itemscope=\"itemscope\" itemtype=\"https:\/\/schema.org\/ImageObject\" ><div class=\"avia-image-container-inner\"><div class=\"avia-image-overlay-wrap\"><img decoding=\"async\" fetchpriority=\"high\" class='wp-image-669 avia-img-lazy-loading-not-669 avia_image ' src=\"https:\/\/www.lenoxsawmasters.com\/pl\/wp-content\/uploads\/sites\/9\/2023\/05\/lenoxsawmasters-kwaliteit.jpg\" alt='' title='lenoxsawmasters-kwaliteit'  height=\"600\" width=\"899\"  itemprop=\"thumbnailUrl\"  \/><\/div><\/div><\/div><\/div><\/div><\/div><\/div><!-- close content main div --><\/div><\/div>\n<style type=\"text\/css\" data-created_by=\"avia_inline_auto\" id=\"style-css-av-1oxh1r-6da63a91b6508a01389db47f78cf04e6\">\n.avia-section.av-1oxh1r-6da63a91b6508a01389db47f78cf04e6{\nbackground-color:#003da5;\nbackground-image:url(https:\/\/www.lenoxsawmasters.com\/pl\/wp-content\/uploads\/sites\/9\/2023\/05\/beeldmerk-lenoxsawmasters-white.png);\nbackground-repeat:no-repeat;\nbackground-position:50% 50%;\nbackground-attachment:scroll;\n}\n<\/style>\n<div id='av_section_3'  class='avia-section av-1oxh1r-6da63a91b6508a01389db47f78cf04e6 main_color avia-section-huge avia-no-border-styling  avia-builder-el-6  el_after_av_section  el_before_av_section  avia-bg-style-scroll container_wrap sidebar_right'  data-section-bg-repeat='no-repeat'><div class='container av-section-cont-open' ><div class='template-page content  av-content-small alpha units'><div class='post-entry post-entry-type-page post-entry-703'><div class='entry-content-wrapper clearfix'>\n<div class='flex_column_table av-1ml1p3-f5f505e156353647d5692c71fe077068 sc-av_one_half av-equal-height-column-flextable'><div  class='flex_column av-1ml1p3-f5f505e156353647d5692c71fe077068 av_one_half  avia-builder-el-7  el_before_av_one_half  avia-builder-el-first  first flex_column_table_cell av-equal-height-column av-align-top av-animated-generic bottom-to-top  '     ><style type=\"text\/css\" data-created_by=\"avia_inline_auto\" id=\"style-css-av-1f4f67-4f1942b347116e7b57702b78c24e98b9\">\n#top .av_textblock_section.av-1f4f67-4f1942b347116e7b57702b78c24e98b9 .avia_textblock{\ncolor:#ffffff;\n}\n<\/style>\n<section  class='av_textblock_section av-1f4f67-4f1942b347116e7b57702b78c24e98b9 '   itemscope=\"itemscope\" itemtype=\"https:\/\/schema.org\/CreativeWork\" ><div class='avia_textblock av_inherit_color'  itemprop=\"text\" ><h3>Jako\u015b\u0107 Lenox, wsparcie Globe<\/h3>\n<p>Oferujemy szeroki zakres pi\u0142 ta\u015bmowych. Jeste\u015bmy w stanie dzia\u0142a\u0107 szybko, dzi\u0119ki w\u0142asnemu centrum spawalniczemu. W rezultacie wi\u0119kszo\u015b\u0107 pi\u0142 mo\u017ce zosta\u0107 dostarczona w przeci\u0105gu 48 godzin.<\/p>\n<h3>Sie\u0107 dealerska w Niderlandach<\/h3>\n<p>Globe Europe jest niderlandzkim dystrybutorem marki LENOX\u00ae od roku 2012. <a href=\"https:\/\/www.lenoxsawmasters.com\/pl\/become-dealer\/\">Zosta\u0144 dealerem marki LENOX\u00ae <\/a>.<\/p>\n<\/div><\/section><\/div><div class='av-flex-placeholder'><\/div><div  class='flex_column av-184nwf-1d438b717b930393933ab2aa52fab498 av_one_half  avia-builder-el-9  el_after_av_one_half  avia-builder-el-last  flex_column_table_cell av-equal-height-column av-align-top av-animated-generic bottom-to-top  '     ><style type=\"text\/css\" data-created_by=\"avia_inline_auto\" id=\"style-css-av-13vggv-834b91db41deba45d2bb32365a96db86\">\n#top .av_textblock_section.av-13vggv-834b91db41deba45d2bb32365a96db86 .avia_textblock{\ncolor:#ffffff;\n}\n<\/style>\n<section  class='av_textblock_section av-13vggv-834b91db41deba45d2bb32365a96db86 '   itemscope=\"itemscope\" itemtype=\"https:\/\/schema.org\/CreativeWork\" ><div class='avia_textblock av_inherit_color'  itemprop=\"text\" ><h3>Gwarancja Lenox<\/h3>\n<p>Zalecane ostrze przewy\u017cszy wydajno\u015bci\u0105 Twoje obecne ostrze a je\u015bli nie &#8211; otrzymasz zwrot pieni\u0119dzy &#8211; to jest gwarantowane zam\u00f3wienie pr\u00f3bne Lenox.<\/p>\n<h3>Wsparcie techniczne<\/h3>\n<p><a href=\"https:\/\/www.lenoxsawmasters.com\/pl\/contact\/\">Pytania dotycz\u0105ce pi\u0142?<\/a> Nasi specjali\u015bci ds. wsparcia technicznego mog\u0105 podpowiedzie\u0107, jaka pi\u0142a ta\u015bmowa jest najbardziej odpowiednia do danej czynno\u015bci.<\/p>\n<\/div><\/section><\/div><\/div><!--close column table wrapper. Autoclose: 1 -->\n<\/p>\n<\/div><\/div><\/div><!-- close content main div --><\/div><\/div><div id='av_section_4'  class='avia-section av-yo0s7-a73770000a33e44aa176f0803fe8bbc1 main_color avia-section-default avia-no-border-styling  avia-builder-el-11  el_after_av_section  avia-builder-el-last  avia-bg-style-scroll container_wrap sidebar_right'  ><div class='container av-section-cont-open' ><div class='template-page content  av-content-small alpha units'><div class='post-entry post-entry-type-page post-entry-703'><div class='entry-content-wrapper clearfix'>\n<div  class='flex_column av-1fwlj-d45b420286c59d2670aac0ec3bad73fe av_one_half  avia-builder-el-12  el_before_av_one_half  avia-builder-el-first  first flex_column_div av-animated-generic bottom-to-top  '     ><style type=\"text\/css\" data-created_by=\"avia_inline_auto\" id=\"style-css-av-827av-5a990cdc1e5babcf9f82b67868d8798a\">\n.avia-image-container.av-827av-5a990cdc1e5babcf9f82b67868d8798a img.avia_image{\nbox-shadow:none;\n}\n.avia-image-container.av-827av-5a990cdc1e5babcf9f82b67868d8798a .av-image-caption-overlay-center{\ncolor:#ffffff;\n}\n<\/style>\n<div  class='avia-image-container av-827av-5a990cdc1e5babcf9f82b67868d8798a av-styling-no-styling avia-align-center  avia-builder-el-13  avia-builder-el-no-sibling  kj-about-us-image'   itemprop=\"image\" itemscope=\"itemscope\" itemtype=\"https:\/\/schema.org\/ImageObject\" ><div class=\"avia-image-container-inner\"><div class=\"avia-image-overlay-wrap\"><img decoding=\"async\" fetchpriority=\"high\" class='wp-image-720 avia-img-lazy-loading-not-720 avia_image ' src=\"https:\/\/www.lenoxsawmasters.com\/pl\/wp-content\/uploads\/sites\/9\/2023\/05\/lenoxsawmasters-experts-bandzagen-1.jpg\" alt='' title='lenoxsawmasters-experts-bandzagen'  height=\"703\" width=\"1000\"  itemprop=\"thumbnailUrl\" srcset=\"https:\/\/www.lenoxsawmasters.com\/pl\/wp-content\/uploads\/sites\/9\/2023\/05\/lenoxsawmasters-experts-bandzagen-1.jpg 1000w, https:\/\/www.lenoxsawmasters.com\/pl\/wp-content\/uploads\/sites\/9\/2023\/05\/lenoxsawmasters-experts-bandzagen-1-300x211.jpg 300w, https:\/\/www.lenoxsawmasters.com\/pl\/wp-content\/uploads\/sites\/9\/2023\/05\/lenoxsawmasters-experts-bandzagen-1-768x540.jpg 768w, https:\/\/www.lenoxsawmasters.com\/pl\/wp-content\/uploads\/sites\/9\/2023\/05\/lenoxsawmasters-experts-bandzagen-1-705x496.jpg 705w, https:\/\/www.lenoxsawmasters.com\/pl\/wp-content\/uploads\/sites\/9\/2023\/05\/lenoxsawmasters-experts-bandzagen-1-450x316.jpg 450w, https:\/\/www.lenoxsawmasters.com\/pl\/wp-content\/uploads\/sites\/9\/2023\/05\/lenoxsawmasters-experts-bandzagen-1-600x422.jpg 600w\" sizes=\"(max-width: 1000px) 100vw, 1000px\" \/><\/div><\/div><\/div><\/div><div  class='flex_column av-f8lrr-8e38f63ca277cdb860f5838b5f23614a av_one_half  avia-builder-el-14  el_after_av_one_half  avia-builder-el-last  flex_column_div av-animated-generic bottom-to-top  '     ><section  class='av_textblock_section av-14l6v-0fa1934d63b76586a379a5c8a8eb4b74 '   itemscope=\"itemscope\" itemtype=\"https:\/\/schema.org\/CreativeWork\" ><div class='avia_textblock kj-title-big-secundairy'  itemprop=\"text\" ><h2>Globe Europe<\/h2>\n<p><strong>Dystrybutor w Europie brzeszczot\u00f3w do pi\u0142 ta\u015bmowych Lenox<\/strong><\/p>\n<p>Globe analizuje proces ci\u0119cia i identyfikuje konkretne potrzeby. Wydawane jest zalecenie dotycz\u0105ce konkretnego typu ta\u015bmy tn\u0105cej, po czym w wielu przypadkach przeprowadzany jest test ci\u0119cia w zak\u0142adzie klienta. Podczas tego testu maszyna jest regulowana przez specjalist\u0119 technicznego. Odbywa si\u0119 to zawsze w obecno\u015bci operatora, dzi\u0119ki czemu wiedza ta mo\u017ce zosta\u0107 przekazana wewn\u0105trz organizacji w celu usprawnienia procesu ci\u0119cia.<\/p>\n<p>Analiza, testowanie i dopasowanie pilarki w po\u0142\u0105czeniu z odpowiednim typem ta\u015bmy tn\u0105cej pozwoli zmniejszy\u0107 liczb\u0119 ta\u015bm tn\u0105cych w skali roku.<\/p>\n<\/div><\/section><\/div>\n<\/div><\/div><\/div><!-- close content main div --><\/div><\/div><div id='after_section_4'  class='main_color av_default_container_wrap container_wrap sidebar_right'  ><div class='container av-section-cont-open' ><div class='template-page content  av-content-small alpha units'><div class='post-entry post-entry-type-page post-entry-703'><div class='entry-content-wrapper clearfix'>\n","protected":false},"excerpt":{"rendered":"","protected":false},"author":21,"featured_media":0,"parent":0,"menu_order":0,"comment_status":"closed","ping_status":"closed","template":"","meta":{"_acf_changed":false,"footnotes":""},"class_list":["post-703","page","type-page","status-publish","hentry"],"acf":[],"yoast_head":"<!-- This site is optimized with the Yoast SEO plugin v27.3 - https:\/\/yoast.com\/product\/yoast-seo-wordpress\/ -->\n<title>Lenox Sawmasters | Naucz si\u0119 o narz\u0119dziach wysokiej jako\u015bci<\/title>\n<meta name=\"description\" content=\"Poznaj Lenox Sawmasters. Z dum\u0105 prezentujemy wysokiej jako\u015bci brzeszczoty i narz\u0119dzia tn\u0105ce - gwarantujemy to Pa\u0144stwu. Ju\u017c dzi\u015b dowiedz si\u0119 wi\u0119cej o nas!\" \/>\n<meta name=\"robots\" content=\"index, follow, max-snippet:-1, max-image-preview:large, max-video-preview:-1\" \/>\n<link rel=\"canonical\" href=\"https:\/\/www.lenoxsawmasters.com\/pl\/about-us\/\" \/>\n<meta property=\"og:locale\" content=\"pl_PL\" \/>\n<meta property=\"og:type\" content=\"article\" \/>\n<meta property=\"og:title\" content=\"Lenox Sawmasters | Naucz si\u0119 o narz\u0119dziach wysokiej jako\u015bci\" \/>\n<meta property=\"og:description\" content=\"Poznaj Lenox Sawmasters. Z dum\u0105 prezentujemy wysokiej jako\u015bci brzeszczoty i narz\u0119dzia tn\u0105ce - gwarantujemy to Pa\u0144stwu. Ju\u017c dzi\u015b dowiedz si\u0119 wi\u0119cej o nas!\" \/>\n<meta property=\"og:url\" content=\"https:\/\/www.lenoxsawmasters.com\/pl\/about-us\/\" \/>\n<meta property=\"og:site_name\" content=\"Lenox Sawmasters PL\" \/>\n<meta property=\"article:modified_time\" content=\"2024-04-24T10:57:05+00:00\" \/>\n<meta property=\"og:image\" content=\"https:\/\/www.lenoxsawmasters.com\/pl\/wp-content\/uploads\/sites\/9\/2023\/09\/lenox-sawmasters-logo.png\" \/>\n\t<meta property=\"og:image:width\" content=\"1200\" \/>\n\t<meta property=\"og:image:height\" content=\"675\" \/>\n\t<meta property=\"og:image:type\" content=\"image\/png\" \/>\n<meta name=\"twitter:card\" content=\"summary_large_image\" \/>\n<meta name=\"twitter:label1\" content=\"Szacowany czas czytania\" \/>\n\t<meta name=\"twitter:data1\" content=\"3 minuty\" \/>\n<script type=\"application\/ld+json\" class=\"yoast-schema-graph\">{\"@context\":\"https:\\\/\\\/schema.org\",\"@graph\":[{\"@type\":\"WebPage\",\"@id\":\"https:\\\/\\\/www.lenoxsawmasters.com\\\/pl\\\/about-us\\\/\",\"url\":\"https:\\\/\\\/www.lenoxsawmasters.com\\\/pl\\\/about-us\\\/\",\"name\":\"Lenox Sawmasters | Naucz si\u0119 o narz\u0119dziach wysokiej jako\u015bci\",\"isPartOf\":{\"@id\":\"https:\\\/\\\/www.lenoxsawmasters.com\\\/pl\\\/#website\"},\"datePublished\":\"2023-05-22T20:51:16+00:00\",\"dateModified\":\"2024-04-24T10:57:05+00:00\",\"description\":\"Poznaj Lenox Sawmasters. Z dum\u0105 prezentujemy wysokiej jako\u015bci brzeszczoty i narz\u0119dzia tn\u0105ce - gwarantujemy to Pa\u0144stwu. Ju\u017c dzi\u015b dowiedz si\u0119 wi\u0119cej o nas!\",\"breadcrumb\":{\"@id\":\"https:\\\/\\\/www.lenoxsawmasters.com\\\/pl\\\/about-us\\\/#breadcrumb\"},\"inLanguage\":\"pl-PL\",\"potentialAction\":[{\"@type\":\"ReadAction\",\"target\":[\"https:\\\/\\\/www.lenoxsawmasters.com\\\/pl\\\/about-us\\\/\"]}]},{\"@type\":\"BreadcrumbList\",\"@id\":\"https:\\\/\\\/www.lenoxsawmasters.com\\\/pl\\\/about-us\\\/#breadcrumb\",\"itemListElement\":[{\"@type\":\"ListItem\",\"position\":1,\"name\":\"Home\",\"item\":\"https:\\\/\\\/www.lenoxsawmasters.com\\\/pl\\\/\"},{\"@type\":\"ListItem\",\"position\":2,\"name\":\"O nas\"}]},{\"@type\":\"WebSite\",\"@id\":\"https:\\\/\\\/www.lenoxsawmasters.com\\\/pl\\\/#website\",\"url\":\"https:\\\/\\\/www.lenoxsawmasters.com\\\/pl\\\/\",\"name\":\"Lenoxsawmasters\",\"description\":\"Always Hungry\",\"publisher\":{\"@id\":\"https:\\\/\\\/www.lenoxsawmasters.com\\\/pl\\\/#organization\"},\"alternateName\":\"Lenoxsawmasters\",\"potentialAction\":[{\"@type\":\"SearchAction\",\"target\":{\"@type\":\"EntryPoint\",\"urlTemplate\":\"https:\\\/\\\/www.lenoxsawmasters.com\\\/pl\\\/?s={search_term_string}\"},\"query-input\":{\"@type\":\"PropertyValueSpecification\",\"valueRequired\":true,\"valueName\":\"search_term_string\"}}],\"inLanguage\":\"pl-PL\"},{\"@type\":\"Organization\",\"@id\":\"https:\\\/\\\/www.lenoxsawmasters.com\\\/pl\\\/#organization\",\"name\":\"Lenoxsawmasters\",\"alternateName\":\"Lenoxsawmasters\",\"url\":\"https:\\\/\\\/www.lenoxsawmasters.com\\\/pl\\\/\",\"logo\":{\"@type\":\"ImageObject\",\"inLanguage\":\"pl-PL\",\"@id\":\"https:\\\/\\\/www.lenoxsawmasters.com\\\/pl\\\/#\\\/schema\\\/logo\\\/image\\\/\",\"url\":\"https:\\\/\\\/www.lenoxsawmasters.com\\\/pl\\\/wp-content\\\/uploads\\\/sites\\\/9\\\/2023\\\/05\\\/lenox-sawmasters-favicon.png\",\"contentUrl\":\"https:\\\/\\\/www.lenoxsawmasters.com\\\/pl\\\/wp-content\\\/uploads\\\/sites\\\/9\\\/2023\\\/05\\\/lenox-sawmasters-favicon.png\",\"width\":522,\"height\":522,\"caption\":\"Lenoxsawmasters\"},\"image\":{\"@id\":\"https:\\\/\\\/www.lenoxsawmasters.com\\\/pl\\\/#\\\/schema\\\/logo\\\/image\\\/\"}}]}<\/script>\n<!-- \/ Yoast SEO plugin. -->","yoast_head_json":{"title":"Lenox Sawmasters | Naucz si\u0119 o narz\u0119dziach wysokiej jako\u015bci","description":"Poznaj Lenox Sawmasters. Z dum\u0105 prezentujemy wysokiej jako\u015bci brzeszczoty i narz\u0119dzia tn\u0105ce - gwarantujemy to Pa\u0144stwu. Ju\u017c dzi\u015b dowiedz si\u0119 wi\u0119cej o nas!","robots":{"index":"index","follow":"follow","max-snippet":"max-snippet:-1","max-image-preview":"max-image-preview:large","max-video-preview":"max-video-preview:-1"},"canonical":"https:\/\/www.lenoxsawmasters.com\/pl\/about-us\/","og_locale":"pl_PL","og_type":"article","og_title":"Lenox Sawmasters | Naucz si\u0119 o narz\u0119dziach wysokiej jako\u015bci","og_description":"Poznaj Lenox Sawmasters. Z dum\u0105 prezentujemy wysokiej jako\u015bci brzeszczoty i narz\u0119dzia tn\u0105ce - gwarantujemy to Pa\u0144stwu. Ju\u017c dzi\u015b dowiedz si\u0119 wi\u0119cej o nas!","og_url":"https:\/\/www.lenoxsawmasters.com\/pl\/about-us\/","og_site_name":"Lenox Sawmasters PL","article_modified_time":"2024-04-24T10:57:05+00:00","og_image":[{"width":1200,"height":675,"url":"https:\/\/www.lenoxsawmasters.com\/pl\/wp-content\/uploads\/sites\/9\/2023\/09\/lenox-sawmasters-logo.png","type":"image\/png"}],"twitter_card":"summary_large_image","twitter_misc":{"Szacowany czas czytania":"3 minuty"},"schema":{"@context":"https:\/\/schema.org","@graph":[{"@type":"WebPage","@id":"https:\/\/www.lenoxsawmasters.com\/pl\/about-us\/","url":"https:\/\/www.lenoxsawmasters.com\/pl\/about-us\/","name":"Lenox Sawmasters | Naucz si\u0119 o narz\u0119dziach wysokiej jako\u015bci","isPartOf":{"@id":"https:\/\/www.lenoxsawmasters.com\/pl\/#website"},"datePublished":"2023-05-22T20:51:16+00:00","dateModified":"2024-04-24T10:57:05+00:00","description":"Poznaj Lenox Sawmasters. Z dum\u0105 prezentujemy wysokiej jako\u015bci brzeszczoty i narz\u0119dzia tn\u0105ce - gwarantujemy to Pa\u0144stwu. Ju\u017c dzi\u015b dowiedz si\u0119 wi\u0119cej o nas!","breadcrumb":{"@id":"https:\/\/www.lenoxsawmasters.com\/pl\/about-us\/#breadcrumb"},"inLanguage":"pl-PL","potentialAction":[{"@type":"ReadAction","target":["https:\/\/www.lenoxsawmasters.com\/pl\/about-us\/"]}]},{"@type":"BreadcrumbList","@id":"https:\/\/www.lenoxsawmasters.com\/pl\/about-us\/#breadcrumb","itemListElement":[{"@type":"ListItem","position":1,"name":"Home","item":"https:\/\/www.lenoxsawmasters.com\/pl\/"},{"@type":"ListItem","position":2,"name":"O nas"}]},{"@type":"WebSite","@id":"https:\/\/www.lenoxsawmasters.com\/pl\/#website","url":"https:\/\/www.lenoxsawmasters.com\/pl\/","name":"Lenoxsawmasters","description":"Always Hungry","publisher":{"@id":"https:\/\/www.lenoxsawmasters.com\/pl\/#organization"},"alternateName":"Lenoxsawmasters","potentialAction":[{"@type":"SearchAction","target":{"@type":"EntryPoint","urlTemplate":"https:\/\/www.lenoxsawmasters.com\/pl\/?s={search_term_string}"},"query-input":{"@type":"PropertyValueSpecification","valueRequired":true,"valueName":"search_term_string"}}],"inLanguage":"pl-PL"},{"@type":"Organization","@id":"https:\/\/www.lenoxsawmasters.com\/pl\/#organization","name":"Lenoxsawmasters","alternateName":"Lenoxsawmasters","url":"https:\/\/www.lenoxsawmasters.com\/pl\/","logo":{"@type":"ImageObject","inLanguage":"pl-PL","@id":"https:\/\/www.lenoxsawmasters.com\/pl\/#\/schema\/logo\/image\/","url":"https:\/\/www.lenoxsawmasters.com\/pl\/wp-content\/uploads\/sites\/9\/2023\/05\/lenox-sawmasters-favicon.png","contentUrl":"https:\/\/www.lenoxsawmasters.com\/pl\/wp-content\/uploads\/sites\/9\/2023\/05\/lenox-sawmasters-favicon.png","width":522,"height":522,"caption":"Lenoxsawmasters"},"image":{"@id":"https:\/\/www.lenoxsawmasters.com\/pl\/#\/schema\/logo\/image\/"}}]}},"_links":{"self":[{"href":"https:\/\/www.lenoxsawmasters.com\/pl\/wp-json\/wp\/v2\/pages\/703","targetHints":{"allow":["GET"]}}],"collection":[{"href":"https:\/\/www.lenoxsawmasters.com\/pl\/wp-json\/wp\/v2\/pages"}],"about":[{"href":"https:\/\/www.lenoxsawmasters.com\/pl\/wp-json\/wp\/v2\/types\/page"}],"author":[{"embeddable":true,"href":"https:\/\/www.lenoxsawmasters.com\/pl\/wp-json\/wp\/v2\/users\/21"}],"replies":[{"embeddable":true,"href":"https:\/\/www.lenoxsawmasters.com\/pl\/wp-json\/wp\/v2\/comments?post=703"}],"version-history":[{"count":19,"href":"https:\/\/www.lenoxsawmasters.com\/pl\/wp-json\/wp\/v2\/pages\/703\/revisions"}],"predecessor-version":[{"id":2583,"href":"https:\/\/www.lenoxsawmasters.com\/pl\/wp-json\/wp\/v2\/pages\/703\/revisions\/2583"}],"wp:attachment":[{"href":"https:\/\/www.lenoxsawmasters.com\/pl\/wp-json\/wp\/v2\/media?parent=703"}],"curies":[{"name":"wp","href":"https:\/\/api.w.org\/{rel}","templated":true}]}}