{"id":1732,"date":"2023-09-11T14:28:18","date_gmt":"2023-09-11T12:28:18","guid":{"rendered":"https:\/\/lenoxsawmasters.kwaaidevelop.nl\/en\/?page_id=1732"},"modified":"2024-08-23T10:02:28","modified_gmt":"2024-08-23T08:02:28","slug":"tooling","status":"publish","type":"page","link":"https:\/\/www.lenoxsawmasters.com\/pl\/tooling\/","title":{"rendered":"Narz\u0119dzia"},"content":{"rendered":"\n<style type=\"text\/css\" data-created_by=\"avia_inline_auto\" id=\"style-css-av-cca4dg-e84110aec6f074074f51e2f468e248db\">\n.avia-section.av-cca4dg-e84110aec6f074074f51e2f468e248db{\nbackground-repeat:no-repeat;\nbackground-image:url(https:\/\/www.lenoxsawmasters.com\/pl\/wp-content\/uploads\/sites\/9\/2023\/05\/productie-bandzagen-lenoxsawmasters.jpg);\nbackground-position:100% 50%;\nbackground-attachment:scroll;\n}\n<\/style>\n<div id='av_section_1'  class='avia-section av-cca4dg-e84110aec6f074074f51e2f468e248db main_color avia-section-default avia-no-border-styling  avia-builder-el-0  el_before_av_section  avia-builder-el-first  avia-full-stretch avia-bg-style-scroll av-minimum-height av-minimum-height-40 av-height-percent  container_wrap sidebar_right'  data-section-bg-repeat='stretch' data-av_minimum_height_pc='40' data-av_min_height_opt='percent'><div class='container av-section-cont-open' ><main  role=\"main\" itemprop=\"mainContentOfPage\"  class='template-page content  av-content-small alpha units'><div class='post-entry post-entry-type-page post-entry-1732'><div class='entry-content-wrapper clearfix'>\n<div  class='flex_column av-10crj8-5aeb9fcc3e2b03c71b299ad87fa52de2 av_one_full  avia-builder-el-1  avia-builder-el-no-sibling  first flex_column_div  '     ><style type=\"text\/css\" data-created_by=\"avia_inline_auto\" id=\"style-css-av-lmev0f5v-30d05c96bb7bea3588cb7d84de25859a\">\n#top .av_textblock_section.av-lmev0f5v-30d05c96bb7bea3588cb7d84de25859a .avia_textblock{\nfont-size:25px;\ncolor:#ffffff;\n}\n<\/style>\n<section  class='av_textblock_section av-lmev0f5v-30d05c96bb7bea3588cb7d84de25859a '   itemscope=\"itemscope\" itemtype=\"https:\/\/schema.org\/CreativeWork\" ><div class='avia_textblock kj-header-product-binnenkort av_inherit_color'  itemprop=\"text\" ><h1>NARZ\u0118DZIA<\/h1>\n<\/div><\/section><\/div><\/div><\/div><\/main><!-- close content main element --><\/div><\/div><div id='av_section_2'  class='avia-section av-9089yc-8b742614dcafddfc53a0c0a91962c86e main_color avia-section-default avia-no-border-styling  avia-builder-el-3  el_after_av_section  avia-builder-el-last  avia-bg-style-scroll container_wrap sidebar_right'  ><div class='container av-section-cont-open' ><div class='template-page content  av-content-small alpha units'><div class='post-entry post-entry-type-page post-entry-1732'><div class='entry-content-wrapper clearfix'>\n\n<style type=\"text\/css\" data-created_by=\"avia_inline_auto\" id=\"style-css-av-87rr8k-57f9caad26a954da6128ebbbc8645cde\">\n.flex_column.av-87rr8k-57f9caad26a954da6128ebbbc8645cde{\npadding:15px 15px 15px 15px;\nbackground-color:#ffe8a2;\n}\n<\/style>\n<div  class='flex_column av-87rr8k-57f9caad26a954da6128ebbbc8645cde av_one_full  avia-builder-el-4  el_before_av_three_fifth  avia-builder-el-first  first flex_column_div  '     ><style type=\"text\/css\" data-created_by=\"avia_inline_auto\" id=\"style-css-av-671ves-a1c9312fb665e7e87d20b600118cc800\">\n#top .av_textblock_section.av-671ves-a1c9312fb665e7e87d20b600118cc800 .avia_textblock{\nfont-size:25px;\ncolor:#212121;\n}\n<\/style>\n<section  class='av_textblock_section av-671ves-a1c9312fb665e7e87d20b600118cc800 '   itemscope=\"itemscope\" itemtype=\"https:\/\/schema.org\/CreativeWork\" ><div class='avia_textblock av_inherit_color'  itemprop=\"text\" ><p style=\"text-align: center;\">Coming soon<\/p>\n<\/div><\/section><\/div><div  class='flex_column av-4qa82c-4480e6ec638f6a292b2fae0f5d7ff9b0 av_three_fifth  avia-builder-el-6  el_after_av_one_full  el_before_av_two_fifth  first flex_column_div  column-top-margin'     ><style type=\"text\/css\" data-created_by=\"avia_inline_auto\" id=\"style-css-av-lmev0vy7-f14040d6947437f6655d4222076c7631\">\n.avia-image-container.av-lmev0vy7-f14040d6947437f6655d4222076c7631 img.avia_image{\nbox-shadow:none;\n}\n.avia-image-container.av-lmev0vy7-f14040d6947437f6655d4222076c7631 .av-image-caption-overlay-center{\ncolor:#ffffff;\n}\n<\/style>\n<div  class='avia-image-container av-lmev0vy7-f14040d6947437f6655d4222076c7631 av-styling- avia-align-center  avia-builder-el-7  avia-builder-el-no-sibling '   itemprop=\"image\" itemscope=\"itemscope\" itemtype=\"https:\/\/schema.org\/ImageObject\" ><div class=\"avia-image-container-inner\"><div class=\"avia-image-overlay-wrap\"><img decoding=\"async\" fetchpriority=\"high\" class='wp-image-1734 avia-img-lazy-loading-not-1734 avia_image ' src=\"https:\/\/www.lenoxsawmasters.com\/pl\/wp-content\/uploads\/sites\/9\/2023\/09\/lenoxsawmasters-tooling-coomingsoon-1030x288.jpg\" alt='' title='lenoxsawmasters-tooling-coomingsoon'  height=\"288\" width=\"1030\"  itemprop=\"thumbnailUrl\" srcset=\"https:\/\/www.lenoxsawmasters.com\/pl\/wp-content\/uploads\/sites\/9\/2023\/09\/lenoxsawmasters-tooling-coomingsoon-1030x288.jpg 1030w, https:\/\/www.lenoxsawmasters.com\/pl\/wp-content\/uploads\/sites\/9\/2023\/09\/lenoxsawmasters-tooling-coomingsoon-300x84.jpg 300w, https:\/\/www.lenoxsawmasters.com\/pl\/wp-content\/uploads\/sites\/9\/2023\/09\/lenoxsawmasters-tooling-coomingsoon-768x215.jpg 768w, https:\/\/www.lenoxsawmasters.com\/pl\/wp-content\/uploads\/sites\/9\/2023\/09\/lenoxsawmasters-tooling-coomingsoon-705x197.jpg 705w, https:\/\/www.lenoxsawmasters.com\/pl\/wp-content\/uploads\/sites\/9\/2023\/09\/lenoxsawmasters-tooling-coomingsoon-450x126.jpg 450w, https:\/\/www.lenoxsawmasters.com\/pl\/wp-content\/uploads\/sites\/9\/2023\/09\/lenoxsawmasters-tooling-coomingsoon-600x168.jpg 600w, https:\/\/www.lenoxsawmasters.com\/pl\/wp-content\/uploads\/sites\/9\/2023\/09\/lenoxsawmasters-tooling-coomingsoon.jpg 1200w\" sizes=\"(max-width: 1030px) 100vw, 1030px\" \/><\/div><\/div><\/div><\/div><div  class='flex_column av-2hx4tw-7f10f0a30604a609aad58b08298c912c av_two_fifth  avia-builder-el-8  el_after_av_three_fifth  avia-builder-el-last  flex_column_div  column-top-margin'     ><\/div>\n<\/div><\/div><\/div><!-- close content main div --><\/div><\/div><div id='after_section_2'  class='main_color av_default_container_wrap container_wrap sidebar_right'  ><div class='container av-section-cont-open' ><div class='template-page content  av-content-small alpha units'><div class='post-entry post-entry-type-page post-entry-1732'><div class='entry-content-wrapper clearfix'><\/p>\n","protected":false},"excerpt":{"rendered":"","protected":false},"author":21,"featured_media":0,"parent":0,"menu_order":0,"comment_status":"closed","ping_status":"closed","template":"","meta":{"_acf_changed":false,"footnotes":""},"class_list":["post-1732","page","type-page","status-publish","hentry"],"acf":[],"yoast_head":"<!-- This site is optimized with the Yoast SEO plugin v27.3 - https:\/\/yoast.com\/product\/yoast-seo-wordpress\/ -->\n<title>Narz\u0119dzia - Lenox Sawmasters PL<\/title>\n<meta name=\"description\" content=\"Tutaj mo\u017cna znale\u017a\u0107 wszystkie akcesoria do narz\u0119dzi Lenox Sawmasters. Nie mo\u017cesz znale\u017a\u0107? Skontaktuj si\u0119 z nami!\" \/>\n<meta name=\"robots\" content=\"index, follow, max-snippet:-1, max-image-preview:large, max-video-preview:-1\" \/>\n<link rel=\"canonical\" href=\"https:\/\/www.lenoxsawmasters.com\/pl\/tooling\/\" \/>\n<meta property=\"og:locale\" content=\"pl_PL\" \/>\n<meta property=\"og:type\" content=\"article\" \/>\n<meta property=\"og:title\" content=\"Narz\u0119dzia - Lenox Sawmasters PL\" \/>\n<meta property=\"og:description\" content=\"Tutaj mo\u017cna znale\u017a\u0107 wszystkie akcesoria do narz\u0119dzi Lenox Sawmasters. Nie mo\u017cesz znale\u017a\u0107? Skontaktuj si\u0119 z nami!\" \/>\n<meta property=\"og:url\" content=\"https:\/\/www.lenoxsawmasters.com\/pl\/tooling\/\" \/>\n<meta property=\"og:site_name\" content=\"Lenox Sawmasters PL\" \/>\n<meta property=\"article:modified_time\" content=\"2024-08-23T08:02:28+00:00\" \/>\n<meta property=\"og:image\" content=\"https:\/\/www.lenoxsawmasters.com\/pl\/wp-content\/uploads\/sites\/9\/2023\/09\/lenox-sawmasters-logo.png\" \/>\n\t<meta property=\"og:image:width\" content=\"1200\" \/>\n\t<meta property=\"og:image:height\" content=\"675\" \/>\n\t<meta property=\"og:image:type\" content=\"image\/png\" \/>\n<meta name=\"twitter:card\" content=\"summary_large_image\" \/>\n<meta name=\"twitter:label1\" content=\"Szacowany czas czytania\" \/>\n\t<meta name=\"twitter:data1\" content=\"1 minuta\" \/>\n<script type=\"application\/ld+json\" class=\"yoast-schema-graph\">{\"@context\":\"https:\\\/\\\/schema.org\",\"@graph\":[{\"@type\":\"WebPage\",\"@id\":\"https:\\\/\\\/www.lenoxsawmasters.com\\\/pl\\\/tooling\\\/\",\"url\":\"https:\\\/\\\/www.lenoxsawmasters.com\\\/pl\\\/tooling\\\/\",\"name\":\"Narz\u0119dzia - Lenox Sawmasters PL\",\"isPartOf\":{\"@id\":\"https:\\\/\\\/www.lenoxsawmasters.com\\\/pl\\\/#website\"},\"datePublished\":\"2023-09-11T12:28:18+00:00\",\"dateModified\":\"2024-08-23T08:02:28+00:00\",\"description\":\"Tutaj mo\u017cna znale\u017a\u0107 wszystkie akcesoria do narz\u0119dzi Lenox Sawmasters. Nie mo\u017cesz znale\u017a\u0107? Skontaktuj si\u0119 z nami!\",\"breadcrumb\":{\"@id\":\"https:\\\/\\\/www.lenoxsawmasters.com\\\/pl\\\/tooling\\\/#breadcrumb\"},\"inLanguage\":\"pl-PL\",\"potentialAction\":[{\"@type\":\"ReadAction\",\"target\":[\"https:\\\/\\\/www.lenoxsawmasters.com\\\/pl\\\/tooling\\\/\"]}]},{\"@type\":\"BreadcrumbList\",\"@id\":\"https:\\\/\\\/www.lenoxsawmasters.com\\\/pl\\\/tooling\\\/#breadcrumb\",\"itemListElement\":[{\"@type\":\"ListItem\",\"position\":1,\"name\":\"Home\",\"item\":\"https:\\\/\\\/www.lenoxsawmasters.com\\\/pl\\\/\"},{\"@type\":\"ListItem\",\"position\":2,\"name\":\"Narz\u0119dzia\"}]},{\"@type\":\"WebSite\",\"@id\":\"https:\\\/\\\/www.lenoxsawmasters.com\\\/pl\\\/#website\",\"url\":\"https:\\\/\\\/www.lenoxsawmasters.com\\\/pl\\\/\",\"name\":\"Lenoxsawmasters\",\"description\":\"Always Hungry\",\"publisher\":{\"@id\":\"https:\\\/\\\/www.lenoxsawmasters.com\\\/pl\\\/#organization\"},\"alternateName\":\"Lenoxsawmasters\",\"potentialAction\":[{\"@type\":\"SearchAction\",\"target\":{\"@type\":\"EntryPoint\",\"urlTemplate\":\"https:\\\/\\\/www.lenoxsawmasters.com\\\/pl\\\/?s={search_term_string}\"},\"query-input\":{\"@type\":\"PropertyValueSpecification\",\"valueRequired\":true,\"valueName\":\"search_term_string\"}}],\"inLanguage\":\"pl-PL\"},{\"@type\":\"Organization\",\"@id\":\"https:\\\/\\\/www.lenoxsawmasters.com\\\/pl\\\/#organization\",\"name\":\"Lenoxsawmasters\",\"alternateName\":\"Lenoxsawmasters\",\"url\":\"https:\\\/\\\/www.lenoxsawmasters.com\\\/pl\\\/\",\"logo\":{\"@type\":\"ImageObject\",\"inLanguage\":\"pl-PL\",\"@id\":\"https:\\\/\\\/www.lenoxsawmasters.com\\\/pl\\\/#\\\/schema\\\/logo\\\/image\\\/\",\"url\":\"https:\\\/\\\/www.lenoxsawmasters.com\\\/pl\\\/wp-content\\\/uploads\\\/sites\\\/9\\\/2023\\\/05\\\/lenox-sawmasters-favicon.png\",\"contentUrl\":\"https:\\\/\\\/www.lenoxsawmasters.com\\\/pl\\\/wp-content\\\/uploads\\\/sites\\\/9\\\/2023\\\/05\\\/lenox-sawmasters-favicon.png\",\"width\":522,\"height\":522,\"caption\":\"Lenoxsawmasters\"},\"image\":{\"@id\":\"https:\\\/\\\/www.lenoxsawmasters.com\\\/pl\\\/#\\\/schema\\\/logo\\\/image\\\/\"}}]}<\/script>\n<!-- \/ Yoast SEO plugin. -->","yoast_head_json":{"title":"Narz\u0119dzia - Lenox Sawmasters PL","description":"Tutaj mo\u017cna znale\u017a\u0107 wszystkie akcesoria do narz\u0119dzi Lenox Sawmasters. Nie mo\u017cesz znale\u017a\u0107? Skontaktuj si\u0119 z nami!","robots":{"index":"index","follow":"follow","max-snippet":"max-snippet:-1","max-image-preview":"max-image-preview:large","max-video-preview":"max-video-preview:-1"},"canonical":"https:\/\/www.lenoxsawmasters.com\/pl\/tooling\/","og_locale":"pl_PL","og_type":"article","og_title":"Narz\u0119dzia - Lenox Sawmasters PL","og_description":"Tutaj mo\u017cna znale\u017a\u0107 wszystkie akcesoria do narz\u0119dzi Lenox Sawmasters. Nie mo\u017cesz znale\u017a\u0107? Skontaktuj si\u0119 z nami!","og_url":"https:\/\/www.lenoxsawmasters.com\/pl\/tooling\/","og_site_name":"Lenox Sawmasters PL","article_modified_time":"2024-08-23T08:02:28+00:00","og_image":[{"width":1200,"height":675,"url":"https:\/\/www.lenoxsawmasters.com\/pl\/wp-content\/uploads\/sites\/9\/2023\/09\/lenox-sawmasters-logo.png","type":"image\/png"}],"twitter_card":"summary_large_image","twitter_misc":{"Szacowany czas czytania":"1 minuta"},"schema":{"@context":"https:\/\/schema.org","@graph":[{"@type":"WebPage","@id":"https:\/\/www.lenoxsawmasters.com\/pl\/tooling\/","url":"https:\/\/www.lenoxsawmasters.com\/pl\/tooling\/","name":"Narz\u0119dzia - Lenox Sawmasters PL","isPartOf":{"@id":"https:\/\/www.lenoxsawmasters.com\/pl\/#website"},"datePublished":"2023-09-11T12:28:18+00:00","dateModified":"2024-08-23T08:02:28+00:00","description":"Tutaj mo\u017cna znale\u017a\u0107 wszystkie akcesoria do narz\u0119dzi Lenox Sawmasters. Nie mo\u017cesz znale\u017a\u0107? Skontaktuj si\u0119 z nami!","breadcrumb":{"@id":"https:\/\/www.lenoxsawmasters.com\/pl\/tooling\/#breadcrumb"},"inLanguage":"pl-PL","potentialAction":[{"@type":"ReadAction","target":["https:\/\/www.lenoxsawmasters.com\/pl\/tooling\/"]}]},{"@type":"BreadcrumbList","@id":"https:\/\/www.lenoxsawmasters.com\/pl\/tooling\/#breadcrumb","itemListElement":[{"@type":"ListItem","position":1,"name":"Home","item":"https:\/\/www.lenoxsawmasters.com\/pl\/"},{"@type":"ListItem","position":2,"name":"Narz\u0119dzia"}]},{"@type":"WebSite","@id":"https:\/\/www.lenoxsawmasters.com\/pl\/#website","url":"https:\/\/www.lenoxsawmasters.com\/pl\/","name":"Lenoxsawmasters","description":"Always Hungry","publisher":{"@id":"https:\/\/www.lenoxsawmasters.com\/pl\/#organization"},"alternateName":"Lenoxsawmasters","potentialAction":[{"@type":"SearchAction","target":{"@type":"EntryPoint","urlTemplate":"https:\/\/www.lenoxsawmasters.com\/pl\/?s={search_term_string}"},"query-input":{"@type":"PropertyValueSpecification","valueRequired":true,"valueName":"search_term_string"}}],"inLanguage":"pl-PL"},{"@type":"Organization","@id":"https:\/\/www.lenoxsawmasters.com\/pl\/#organization","name":"Lenoxsawmasters","alternateName":"Lenoxsawmasters","url":"https:\/\/www.lenoxsawmasters.com\/pl\/","logo":{"@type":"ImageObject","inLanguage":"pl-PL","@id":"https:\/\/www.lenoxsawmasters.com\/pl\/#\/schema\/logo\/image\/","url":"https:\/\/www.lenoxsawmasters.com\/pl\/wp-content\/uploads\/sites\/9\/2023\/05\/lenox-sawmasters-favicon.png","contentUrl":"https:\/\/www.lenoxsawmasters.com\/pl\/wp-content\/uploads\/sites\/9\/2023\/05\/lenox-sawmasters-favicon.png","width":522,"height":522,"caption":"Lenoxsawmasters"},"image":{"@id":"https:\/\/www.lenoxsawmasters.com\/pl\/#\/schema\/logo\/image\/"}}]}},"_links":{"self":[{"href":"https:\/\/www.lenoxsawmasters.com\/pl\/wp-json\/wp\/v2\/pages\/1732","targetHints":{"allow":["GET"]}}],"collection":[{"href":"https:\/\/www.lenoxsawmasters.com\/pl\/wp-json\/wp\/v2\/pages"}],"about":[{"href":"https:\/\/www.lenoxsawmasters.com\/pl\/wp-json\/wp\/v2\/types\/page"}],"author":[{"embeddable":true,"href":"https:\/\/www.lenoxsawmasters.com\/pl\/wp-json\/wp\/v2\/users\/21"}],"replies":[{"embeddable":true,"href":"https:\/\/www.lenoxsawmasters.com\/pl\/wp-json\/wp\/v2\/comments?post=1732"}],"version-history":[{"count":6,"href":"https:\/\/www.lenoxsawmasters.com\/pl\/wp-json\/wp\/v2\/pages\/1732\/revisions"}],"predecessor-version":[{"id":2582,"href":"https:\/\/www.lenoxsawmasters.com\/pl\/wp-json\/wp\/v2\/pages\/1732\/revisions\/2582"}],"wp:attachment":[{"href":"https:\/\/www.lenoxsawmasters.com\/pl\/wp-json\/wp\/v2\/media?parent=1732"}],"curies":[{"name":"wp","href":"https:\/\/api.w.org\/{rel}","templated":true}]}}