{"id":343,"date":"2016-12-09T15:48:35","date_gmt":"2016-12-09T14:48:35","guid":{"rendered":"https:\/\/lenoxsawmasters.kwaaidevelop.nl\/en\/product\/lenox-tri-master\/"},"modified":"2024-04-29T16:14:55","modified_gmt":"2024-04-29T14:14:55","slug":"lenox-tri-master","status":"publish","type":"product","link":"https:\/\/www.lenoxsawmasters.com\/it\/prodotto\/lenox-tri-master\/","title":{"rendered":"Lenox Tri-Master\u2122"},"content":{"rendered":"<p><em>Lama versatile con denti in metallo duro<\/em><\/p>\n<p><strong>DENTI A TRIPLA AFFILATURA DI PRECISIONE<\/strong><br \/>\nTagli uniformi, finitura eccellente<\/p>\n<p><strong>RINFORZO IN ACCIAIO DI ALTA QUALIT\u00c0<\/strong><br \/>\nLa lama dura pi\u00f9 a lungo<\/p>\n<p><strong>LAMA PER USO UNIVERSALE<\/strong><br \/>\nPerfetta per tagliare un&#8217;ampia variet\u00e0 di materiali<\/p>\n","protected":false},"excerpt":{"rendered":"<p>Lama versatile con denti in metallo duro DENTI A TRIPLA AFFILATURA DI PRECISIONE Tagli uniformi, finitura eccellente RINFORZO IN ACCIAIO DI ALTA QUALIT\u00c0 La lama dura pi\u00f9 a lungo LAMA PER USO UNIVERSALE Perfetta per tagliare un&#8217;ampia variet\u00e0 di materiali<\/p>\n","protected":false},"featured_media":344,"template":"","meta":{"_acf_changed":false},"product_brand":[],"product_cat":[49,62],"product_tag":[],"class_list":{"0":"post-343","1":"product","2":"type-product","3":"status-publish","4":"has-post-thumbnail","6":"product_cat-lame-a-nastro","7":"product_cat-metallo","8":"pa_altezza-127-mm","9":"pa_altezza-19-mm","10":"pa_altezza-27-mm","11":"pa_altezza-34-mm","12":"pa_altezza-41-mm","13":"pa_altezza-95-mm","14":"pa_applicazione-acciaio-al-carbonio","15":"pa_applicazione-acciaio-da-cuscinetti","16":"pa_applicazione-acciaio-da-stampi","17":"pa_applicazione-acciaio-da-utensili","18":"pa_applicazione-acciaio-inossidabile","19":"pa_applicazione-acciaio-legato","20":"pa_applicazione-alluminio-e-non-ferrosi","21":"pa_applicazione-compositi","22":"pa_applicazione-leghe-di-nichel-inconel","23":"pa_applicazione-leghe-di-titanio","24":"pa_applicazione-legno","25":"pa_denti-per-pollice-tpi-2-3","26":"pa_denti-per-pollice-tpi-78","27":"pa_denti-per-pollice-tpi-3-4","28":"pa_larghezza-064-mm","29":"pa_larghezza-080-mm","30":"pa_larghezza-090-mm","31":"pa_larghezza-107-mm","32":"pa_larghezza-127-mm","33":"pa_larghezza-160-mm","35":"first","36":"onbackorder","37":"taxable","38":"shipping-taxable","39":"product-type-simple"},"acf":[],"yoast_head":"<!-- This site is optimized with the Yoast SEO plugin v27.3 - https:\/\/yoast.com\/product\/yoast-seo-wordpress\/ -->\n<title>Lenox Tri-Master\u2122 - Lenox Sawmasters IT<\/title>\n<meta name=\"robots\" content=\"index, follow, max-snippet:-1, max-image-preview:large, max-video-preview:-1\" \/>\n<link rel=\"canonical\" href=\"https:\/\/www.lenoxsawmasters.com\/it\/prodotto\/lenox-tri-master\/\" \/>\n<meta property=\"og:locale\" content=\"it_IT\" \/>\n<meta property=\"og:type\" content=\"article\" \/>\n<meta property=\"og:title\" content=\"Lenox Tri-Master\u2122 - Lenox Sawmasters IT\" \/>\n<meta property=\"og:description\" content=\"Lama versatile con denti in metallo duro DENTI A TRIPLA AFFILATURA DI PRECISIONE Tagli uniformi, finitura eccellente RINFORZO IN ACCIAIO DI ALTA QUALIT\u00c0 La lama dura pi\u00f9 a lungo LAMA PER USO UNIVERSALE Perfetta per tagliare un&#8217;ampia variet\u00e0 di materiali\" \/>\n<meta property=\"og:url\" content=\"https:\/\/www.lenoxsawmasters.com\/it\/prodotto\/lenox-tri-master\/\" \/>\n<meta property=\"og:site_name\" content=\"Lenox Sawmasters IT\" \/>\n<meta property=\"article:modified_time\" content=\"2024-04-29T14:14:55+00:00\" \/>\n<meta property=\"og:image\" content=\"https:\/\/www.lenoxsawmasters.com\/it\/wp-content\/uploads\/sites\/8\/2023\/03\/LENOX-Tri-Master-3.png\" \/>\n\t<meta property=\"og:image:width\" content=\"945\" \/>\n\t<meta property=\"og:image:height\" content=\"518\" \/>\n\t<meta property=\"og:image:type\" content=\"image\/png\" \/>\n<meta name=\"twitter:card\" content=\"summary_large_image\" \/>\n<meta name=\"twitter:label1\" content=\"Tempo di lettura stimato\" \/>\n\t<meta name=\"twitter:data1\" content=\"1 minuto\" \/>\n<script type=\"application\/ld+json\" class=\"yoast-schema-graph\">{\"@context\":\"https:\\\/\\\/schema.org\",\"@graph\":[{\"@type\":\"WebPage\",\"@id\":\"https:\\\/\\\/www.lenoxsawmasters.com\\\/it\\\/prodotto\\\/lenox-tri-master\\\/\",\"url\":\"https:\\\/\\\/www.lenoxsawmasters.com\\\/it\\\/prodotto\\\/lenox-tri-master\\\/\",\"name\":\"Lenox Tri-Master\u2122 - Lenox Sawmasters IT\",\"isPartOf\":{\"@id\":\"https:\\\/\\\/www.lenoxsawmasters.com\\\/it\\\/#website\"},\"primaryImageOfPage\":{\"@id\":\"https:\\\/\\\/www.lenoxsawmasters.com\\\/it\\\/prodotto\\\/lenox-tri-master\\\/#primaryimage\"},\"image\":{\"@id\":\"https:\\\/\\\/www.lenoxsawmasters.com\\\/it\\\/prodotto\\\/lenox-tri-master\\\/#primaryimage\"},\"thumbnailUrl\":\"https:\\\/\\\/www.lenoxsawmasters.com\\\/it\\\/wp-content\\\/uploads\\\/sites\\\/8\\\/2023\\\/03\\\/LENOX-Tri-Master-3.png\",\"datePublished\":\"2016-12-09T14:48:35+00:00\",\"dateModified\":\"2024-04-29T14:14:55+00:00\",\"breadcrumb\":{\"@id\":\"https:\\\/\\\/www.lenoxsawmasters.com\\\/it\\\/prodotto\\\/lenox-tri-master\\\/#breadcrumb\"},\"inLanguage\":\"it-IT\",\"potentialAction\":[{\"@type\":\"ReadAction\",\"target\":[\"https:\\\/\\\/www.lenoxsawmasters.com\\\/it\\\/prodotto\\\/lenox-tri-master\\\/\"]}]},{\"@type\":\"ImageObject\",\"inLanguage\":\"it-IT\",\"@id\":\"https:\\\/\\\/www.lenoxsawmasters.com\\\/it\\\/prodotto\\\/lenox-tri-master\\\/#primaryimage\",\"url\":\"https:\\\/\\\/www.lenoxsawmasters.com\\\/it\\\/wp-content\\\/uploads\\\/sites\\\/8\\\/2023\\\/03\\\/LENOX-Tri-Master-3.png\",\"contentUrl\":\"https:\\\/\\\/www.lenoxsawmasters.com\\\/it\\\/wp-content\\\/uploads\\\/sites\\\/8\\\/2023\\\/03\\\/LENOX-Tri-Master-3.png\",\"width\":945,\"height\":518},{\"@type\":\"BreadcrumbList\",\"@id\":\"https:\\\/\\\/www.lenoxsawmasters.com\\\/it\\\/prodotto\\\/lenox-tri-master\\\/#breadcrumb\",\"itemListElement\":[{\"@type\":\"ListItem\",\"position\":1,\"name\":\"Home\",\"item\":\"https:\\\/\\\/www.lenoxsawmasters.com\\\/it\\\/\"},{\"@type\":\"ListItem\",\"position\":2,\"name\":\"Negozio\",\"item\":\"https:\\\/\\\/www.lenoxsawmasters.com\\\/it\\\/negozio\\\/\"},{\"@type\":\"ListItem\",\"position\":3,\"name\":\"Lenox Tri-Master\u2122\"}]},{\"@type\":\"WebSite\",\"@id\":\"https:\\\/\\\/www.lenoxsawmasters.com\\\/it\\\/#website\",\"url\":\"https:\\\/\\\/www.lenoxsawmasters.com\\\/it\\\/\",\"name\":\"Lenoxsawmasters\",\"description\":\"Always Hungry\",\"publisher\":{\"@id\":\"https:\\\/\\\/www.lenoxsawmasters.com\\\/it\\\/#organization\"},\"alternateName\":\"Lenoxsawmasters\",\"potentialAction\":[{\"@type\":\"SearchAction\",\"target\":{\"@type\":\"EntryPoint\",\"urlTemplate\":\"https:\\\/\\\/www.lenoxsawmasters.com\\\/it\\\/?s={search_term_string}\"},\"query-input\":{\"@type\":\"PropertyValueSpecification\",\"valueRequired\":true,\"valueName\":\"search_term_string\"}}],\"inLanguage\":\"it-IT\"},{\"@type\":\"Organization\",\"@id\":\"https:\\\/\\\/www.lenoxsawmasters.com\\\/it\\\/#organization\",\"name\":\"Lenoxsawmasters\",\"alternateName\":\"Lenoxsawmasters\",\"url\":\"https:\\\/\\\/www.lenoxsawmasters.com\\\/it\\\/\",\"logo\":{\"@type\":\"ImageObject\",\"inLanguage\":\"it-IT\",\"@id\":\"https:\\\/\\\/www.lenoxsawmasters.com\\\/it\\\/#\\\/schema\\\/logo\\\/image\\\/\",\"url\":\"https:\\\/\\\/www.lenoxsawmasters.com\\\/it\\\/wp-content\\\/uploads\\\/sites\\\/8\\\/2023\\\/05\\\/lenox-sawmasters-favicon.png\",\"contentUrl\":\"https:\\\/\\\/www.lenoxsawmasters.com\\\/it\\\/wp-content\\\/uploads\\\/sites\\\/8\\\/2023\\\/05\\\/lenox-sawmasters-favicon.png\",\"width\":522,\"height\":522,\"caption\":\"Lenoxsawmasters\"},\"image\":{\"@id\":\"https:\\\/\\\/www.lenoxsawmasters.com\\\/it\\\/#\\\/schema\\\/logo\\\/image\\\/\"}}]}<\/script>\n<!-- \/ Yoast SEO plugin. -->","yoast_head_json":{"title":"Lenox Tri-Master\u2122 - Lenox Sawmasters IT","robots":{"index":"index","follow":"follow","max-snippet":"max-snippet:-1","max-image-preview":"max-image-preview:large","max-video-preview":"max-video-preview:-1"},"canonical":"https:\/\/www.lenoxsawmasters.com\/it\/prodotto\/lenox-tri-master\/","og_locale":"it_IT","og_type":"article","og_title":"Lenox Tri-Master\u2122 - Lenox Sawmasters IT","og_description":"Lama versatile con denti in metallo duro DENTI A TRIPLA AFFILATURA DI PRECISIONE Tagli uniformi, finitura eccellente RINFORZO IN ACCIAIO DI ALTA QUALIT\u00c0 La lama dura pi\u00f9 a lungo LAMA PER USO UNIVERSALE Perfetta per tagliare un&#8217;ampia variet\u00e0 di materiali","og_url":"https:\/\/www.lenoxsawmasters.com\/it\/prodotto\/lenox-tri-master\/","og_site_name":"Lenox Sawmasters IT","article_modified_time":"2024-04-29T14:14:55+00:00","og_image":[{"width":945,"height":518,"url":"https:\/\/www.lenoxsawmasters.com\/it\/wp-content\/uploads\/sites\/8\/2023\/03\/LENOX-Tri-Master-3.png","type":"image\/png"}],"twitter_card":"summary_large_image","twitter_misc":{"Tempo di lettura stimato":"1 minuto"},"schema":{"@context":"https:\/\/schema.org","@graph":[{"@type":"WebPage","@id":"https:\/\/www.lenoxsawmasters.com\/it\/prodotto\/lenox-tri-master\/","url":"https:\/\/www.lenoxsawmasters.com\/it\/prodotto\/lenox-tri-master\/","name":"Lenox Tri-Master\u2122 - Lenox Sawmasters IT","isPartOf":{"@id":"https:\/\/www.lenoxsawmasters.com\/it\/#website"},"primaryImageOfPage":{"@id":"https:\/\/www.lenoxsawmasters.com\/it\/prodotto\/lenox-tri-master\/#primaryimage"},"image":{"@id":"https:\/\/www.lenoxsawmasters.com\/it\/prodotto\/lenox-tri-master\/#primaryimage"},"thumbnailUrl":"https:\/\/www.lenoxsawmasters.com\/it\/wp-content\/uploads\/sites\/8\/2023\/03\/LENOX-Tri-Master-3.png","datePublished":"2016-12-09T14:48:35+00:00","dateModified":"2024-04-29T14:14:55+00:00","breadcrumb":{"@id":"https:\/\/www.lenoxsawmasters.com\/it\/prodotto\/lenox-tri-master\/#breadcrumb"},"inLanguage":"it-IT","potentialAction":[{"@type":"ReadAction","target":["https:\/\/www.lenoxsawmasters.com\/it\/prodotto\/lenox-tri-master\/"]}]},{"@type":"ImageObject","inLanguage":"it-IT","@id":"https:\/\/www.lenoxsawmasters.com\/it\/prodotto\/lenox-tri-master\/#primaryimage","url":"https:\/\/www.lenoxsawmasters.com\/it\/wp-content\/uploads\/sites\/8\/2023\/03\/LENOX-Tri-Master-3.png","contentUrl":"https:\/\/www.lenoxsawmasters.com\/it\/wp-content\/uploads\/sites\/8\/2023\/03\/LENOX-Tri-Master-3.png","width":945,"height":518},{"@type":"BreadcrumbList","@id":"https:\/\/www.lenoxsawmasters.com\/it\/prodotto\/lenox-tri-master\/#breadcrumb","itemListElement":[{"@type":"ListItem","position":1,"name":"Home","item":"https:\/\/www.lenoxsawmasters.com\/it\/"},{"@type":"ListItem","position":2,"name":"Negozio","item":"https:\/\/www.lenoxsawmasters.com\/it\/negozio\/"},{"@type":"ListItem","position":3,"name":"Lenox Tri-Master\u2122"}]},{"@type":"WebSite","@id":"https:\/\/www.lenoxsawmasters.com\/it\/#website","url":"https:\/\/www.lenoxsawmasters.com\/it\/","name":"Lenoxsawmasters","description":"Always Hungry","publisher":{"@id":"https:\/\/www.lenoxsawmasters.com\/it\/#organization"},"alternateName":"Lenoxsawmasters","potentialAction":[{"@type":"SearchAction","target":{"@type":"EntryPoint","urlTemplate":"https:\/\/www.lenoxsawmasters.com\/it\/?s={search_term_string}"},"query-input":{"@type":"PropertyValueSpecification","valueRequired":true,"valueName":"search_term_string"}}],"inLanguage":"it-IT"},{"@type":"Organization","@id":"https:\/\/www.lenoxsawmasters.com\/it\/#organization","name":"Lenoxsawmasters","alternateName":"Lenoxsawmasters","url":"https:\/\/www.lenoxsawmasters.com\/it\/","logo":{"@type":"ImageObject","inLanguage":"it-IT","@id":"https:\/\/www.lenoxsawmasters.com\/it\/#\/schema\/logo\/image\/","url":"https:\/\/www.lenoxsawmasters.com\/it\/wp-content\/uploads\/sites\/8\/2023\/05\/lenox-sawmasters-favicon.png","contentUrl":"https:\/\/www.lenoxsawmasters.com\/it\/wp-content\/uploads\/sites\/8\/2023\/05\/lenox-sawmasters-favicon.png","width":522,"height":522,"caption":"Lenoxsawmasters"},"image":{"@id":"https:\/\/www.lenoxsawmasters.com\/it\/#\/schema\/logo\/image\/"}}]}},"_links":{"self":[{"href":"https:\/\/www.lenoxsawmasters.com\/it\/wp-json\/wp\/v2\/product\/343","targetHints":{"allow":["GET"]}}],"collection":[{"href":"https:\/\/www.lenoxsawmasters.com\/it\/wp-json\/wp\/v2\/product"}],"about":[{"href":"https:\/\/www.lenoxsawmasters.com\/it\/wp-json\/wp\/v2\/types\/product"}],"wp:featuredmedia":[{"embeddable":true,"href":"https:\/\/www.lenoxsawmasters.com\/it\/wp-json\/wp\/v2\/media\/344"}],"wp:attachment":[{"href":"https:\/\/www.lenoxsawmasters.com\/it\/wp-json\/wp\/v2\/media?parent=343"}],"wp:term":[{"taxonomy":"product_brand","embeddable":true,"href":"https:\/\/www.lenoxsawmasters.com\/it\/wp-json\/wp\/v2\/product_brand?post=343"},{"taxonomy":"product_cat","embeddable":true,"href":"https:\/\/www.lenoxsawmasters.com\/it\/wp-json\/wp\/v2\/product_cat?post=343"},{"taxonomy":"product_tag","embeddable":true,"href":"https:\/\/www.lenoxsawmasters.com\/it\/wp-json\/wp\/v2\/product_tag?post=343"}],"curies":[{"name":"wp","href":"https:\/\/api.w.org\/{rel}","templated":true}]}}