{"id":320,"date":"2016-12-09T13:56:08","date_gmt":"2016-12-09T12:56:08","guid":{"rendered":"https:\/\/lenoxsawmasters.kwaaidevelop.nl\/en\/product\/lenox-contestor-gt\/"},"modified":"2024-04-29T16:15:15","modified_gmt":"2024-04-29T14:15:15","slug":"lenox-contestor-gt","status":"publish","type":"product","link":"https:\/\/www.lenoxsawmasters.com\/it\/prodotto\/lenox-contestor-gt\/","title":{"rendered":"Lenox Contestor GT\u2122"},"content":{"rendered":"<p><em>Tagli di alta qualit\u00e0<\/em><\/p>\n<p><strong>TAGLI PI\u00d9 DRITTI SU MATERIALI PI\u00d9 GRANDI E DIFFICILI DA TAGLIARE<\/strong><br \/>\nEsclusivo design della trincea per il rinforzo del profilo<\/p>\n<p><strong>FORMAZIONE OTTIMALE DEL TRUCIOLO SULLE LEGHE PER LA FORMATURA A FREDDO<\/strong><br \/>\nDenti rettificati di precisione &#8211; superficie del dente e dell&#8217;avvallamento pi\u00f9 liscia<br \/>\nImpostazione e profilo speciale del dente brevettati<\/p>\n","protected":false},"excerpt":{"rendered":"<p>Tagli di alta qualit\u00e0 TAGLI PI\u00d9 DRITTI SU MATERIALI PI\u00d9 GRANDI E DIFFICILI DA TAGLIARE Esclusivo design della trincea per il rinforzo del profilo FORMAZIONE OTTIMALE DEL TRUCIOLO SULLE LEGHE PER LA FORMATURA A FREDDO Denti rettificati di precisione &#8211; superficie del dente e dell&#8217;avvallamento pi\u00f9 liscia Impostazione e profilo speciale del dente brevettati<\/p>\n","protected":false},"featured_media":321,"template":"","meta":{"_acf_changed":false},"product_brand":[],"product_cat":[49,62],"product_tag":[],"class_list":{"0":"post-320","1":"product","2":"type-product","3":"status-publish","4":"has-post-thumbnail","6":"product_cat-lame-a-nastro","7":"product_cat-metallo","8":"pa_altezza-27-mm","9":"pa_altezza-34-mm","10":"pa_altezza-41-mm","11":"pa_altezza-54-mm","12":"pa_altezza-67-mm","13":"pa_altezza-80-mm","14":"pa_applicazione-acciaio-da-stampi","15":"pa_applicazione-acciaio-da-utensili","16":"pa_applicazione-acciaio-inossidabile","17":"pa_applicazione-leghe-di-nichel-inconel","18":"pa_applicazione-leghe-di-titanio","19":"pa_denti-per-pollice-tpi-07-10","20":"pa_denti-per-pollice-tpi-10-13","21":"pa_denti-per-pollice-tpi-14-20","22":"pa_denti-per-pollice-tpi-2-3","23":"pa_denti-per-pollice-tpi-3-4","24":"pa_denti-per-pollice-tpi-4-6","25":"pa_larghezza-090-mm","26":"pa_larghezza-107-mm","27":"pa_larghezza-127-mm","28":"pa_larghezza-160-mm","30":"first","31":"onbackorder","32":"taxable","33":"shipping-taxable","34":"product-type-simple"},"acf":[],"yoast_head":"<!-- This site is optimized with the Yoast SEO plugin v27.4 - https:\/\/yoast.com\/product\/yoast-seo-wordpress\/ -->\n<title>Lenox Contestor GT\u2122 - Lenox Sawmasters IT<\/title>\n<meta name=\"robots\" content=\"index, follow, max-snippet:-1, max-image-preview:large, max-video-preview:-1\" \/>\n<link rel=\"canonical\" href=\"https:\/\/www.lenoxsawmasters.com\/it\/prodotto\/lenox-contestor-gt\/\" \/>\n<meta property=\"og:locale\" content=\"it_IT\" \/>\n<meta property=\"og:type\" content=\"article\" \/>\n<meta property=\"og:title\" content=\"Lenox Contestor GT\u2122 - Lenox Sawmasters IT\" \/>\n<meta property=\"og:description\" content=\"Tagli di alta qualit\u00e0 TAGLI PI\u00d9 DRITTI SU MATERIALI PI\u00d9 GRANDI E DIFFICILI DA TAGLIARE Esclusivo design della trincea per il rinforzo del profilo FORMAZIONE OTTIMALE DEL TRUCIOLO SULLE LEGHE PER LA FORMATURA A FREDDO Denti rettificati di precisione &#8211; superficie del dente e dell&#8217;avvallamento pi\u00f9 liscia Impostazione e profilo speciale del dente brevettati\" \/>\n<meta property=\"og:url\" content=\"https:\/\/www.lenoxsawmasters.com\/it\/prodotto\/lenox-contestor-gt\/\" \/>\n<meta property=\"og:site_name\" content=\"Lenox Sawmasters IT\" \/>\n<meta property=\"article:modified_time\" content=\"2024-04-29T14:15:15+00:00\" \/>\n<meta property=\"og:image\" content=\"https:\/\/www.lenoxsawmasters.com\/it\/wp-content\/uploads\/sites\/8\/2023\/03\/Contestor-GT-3.png\" \/>\n\t<meta property=\"og:image:width\" content=\"945\" \/>\n\t<meta property=\"og:image:height\" content=\"518\" \/>\n\t<meta property=\"og:image:type\" content=\"image\/png\" \/>\n<meta name=\"twitter:card\" content=\"summary_large_image\" \/>\n<meta name=\"twitter:label1\" content=\"Tempo di lettura stimato\" \/>\n\t<meta name=\"twitter:data1\" content=\"1 minuto\" \/>\n<script type=\"application\/ld+json\" class=\"yoast-schema-graph\">{\"@context\":\"https:\\\/\\\/schema.org\",\"@graph\":[{\"@type\":\"WebPage\",\"@id\":\"https:\\\/\\\/www.lenoxsawmasters.com\\\/it\\\/prodotto\\\/lenox-contestor-gt\\\/\",\"url\":\"https:\\\/\\\/www.lenoxsawmasters.com\\\/it\\\/prodotto\\\/lenox-contestor-gt\\\/\",\"name\":\"Lenox Contestor GT\u2122 - Lenox Sawmasters IT\",\"isPartOf\":{\"@id\":\"https:\\\/\\\/www.lenoxsawmasters.com\\\/it\\\/#website\"},\"primaryImageOfPage\":{\"@id\":\"https:\\\/\\\/www.lenoxsawmasters.com\\\/it\\\/prodotto\\\/lenox-contestor-gt\\\/#primaryimage\"},\"image\":{\"@id\":\"https:\\\/\\\/www.lenoxsawmasters.com\\\/it\\\/prodotto\\\/lenox-contestor-gt\\\/#primaryimage\"},\"thumbnailUrl\":\"https:\\\/\\\/www.lenoxsawmasters.com\\\/it\\\/wp-content\\\/uploads\\\/sites\\\/8\\\/2023\\\/03\\\/Contestor-GT-3.png\",\"datePublished\":\"2016-12-09T12:56:08+00:00\",\"dateModified\":\"2024-04-29T14:15:15+00:00\",\"breadcrumb\":{\"@id\":\"https:\\\/\\\/www.lenoxsawmasters.com\\\/it\\\/prodotto\\\/lenox-contestor-gt\\\/#breadcrumb\"},\"inLanguage\":\"it-IT\",\"potentialAction\":[{\"@type\":\"ReadAction\",\"target\":[\"https:\\\/\\\/www.lenoxsawmasters.com\\\/it\\\/prodotto\\\/lenox-contestor-gt\\\/\"]}]},{\"@type\":\"ImageObject\",\"inLanguage\":\"it-IT\",\"@id\":\"https:\\\/\\\/www.lenoxsawmasters.com\\\/it\\\/prodotto\\\/lenox-contestor-gt\\\/#primaryimage\",\"url\":\"https:\\\/\\\/www.lenoxsawmasters.com\\\/it\\\/wp-content\\\/uploads\\\/sites\\\/8\\\/2023\\\/03\\\/Contestor-GT-3.png\",\"contentUrl\":\"https:\\\/\\\/www.lenoxsawmasters.com\\\/it\\\/wp-content\\\/uploads\\\/sites\\\/8\\\/2023\\\/03\\\/Contestor-GT-3.png\",\"width\":945,\"height\":518},{\"@type\":\"BreadcrumbList\",\"@id\":\"https:\\\/\\\/www.lenoxsawmasters.com\\\/it\\\/prodotto\\\/lenox-contestor-gt\\\/#breadcrumb\",\"itemListElement\":[{\"@type\":\"ListItem\",\"position\":1,\"name\":\"Home\",\"item\":\"https:\\\/\\\/www.lenoxsawmasters.com\\\/it\\\/\"},{\"@type\":\"ListItem\",\"position\":2,\"name\":\"Negozio\",\"item\":\"https:\\\/\\\/www.lenoxsawmasters.com\\\/it\\\/negozio\\\/\"},{\"@type\":\"ListItem\",\"position\":3,\"name\":\"Lenox Contestor GT\u2122\"}]},{\"@type\":\"WebSite\",\"@id\":\"https:\\\/\\\/www.lenoxsawmasters.com\\\/it\\\/#website\",\"url\":\"https:\\\/\\\/www.lenoxsawmasters.com\\\/it\\\/\",\"name\":\"Lenoxsawmasters\",\"description\":\"Always Hungry\",\"publisher\":{\"@id\":\"https:\\\/\\\/www.lenoxsawmasters.com\\\/it\\\/#organization\"},\"alternateName\":\"Lenoxsawmasters\",\"potentialAction\":[{\"@type\":\"SearchAction\",\"target\":{\"@type\":\"EntryPoint\",\"urlTemplate\":\"https:\\\/\\\/www.lenoxsawmasters.com\\\/it\\\/?s={search_term_string}\"},\"query-input\":{\"@type\":\"PropertyValueSpecification\",\"valueRequired\":true,\"valueName\":\"search_term_string\"}}],\"inLanguage\":\"it-IT\"},{\"@type\":\"Organization\",\"@id\":\"https:\\\/\\\/www.lenoxsawmasters.com\\\/it\\\/#organization\",\"name\":\"Lenoxsawmasters\",\"alternateName\":\"Lenoxsawmasters\",\"url\":\"https:\\\/\\\/www.lenoxsawmasters.com\\\/it\\\/\",\"logo\":{\"@type\":\"ImageObject\",\"inLanguage\":\"it-IT\",\"@id\":\"https:\\\/\\\/www.lenoxsawmasters.com\\\/it\\\/#\\\/schema\\\/logo\\\/image\\\/\",\"url\":\"https:\\\/\\\/www.lenoxsawmasters.com\\\/it\\\/wp-content\\\/uploads\\\/sites\\\/8\\\/2023\\\/05\\\/lenox-sawmasters-favicon.png\",\"contentUrl\":\"https:\\\/\\\/www.lenoxsawmasters.com\\\/it\\\/wp-content\\\/uploads\\\/sites\\\/8\\\/2023\\\/05\\\/lenox-sawmasters-favicon.png\",\"width\":522,\"height\":522,\"caption\":\"Lenoxsawmasters\"},\"image\":{\"@id\":\"https:\\\/\\\/www.lenoxsawmasters.com\\\/it\\\/#\\\/schema\\\/logo\\\/image\\\/\"}}]}<\/script>\n<!-- \/ Yoast SEO plugin. -->","yoast_head_json":{"title":"Lenox Contestor GT\u2122 - Lenox Sawmasters IT","robots":{"index":"index","follow":"follow","max-snippet":"max-snippet:-1","max-image-preview":"max-image-preview:large","max-video-preview":"max-video-preview:-1"},"canonical":"https:\/\/www.lenoxsawmasters.com\/it\/prodotto\/lenox-contestor-gt\/","og_locale":"it_IT","og_type":"article","og_title":"Lenox Contestor GT\u2122 - Lenox Sawmasters IT","og_description":"Tagli di alta qualit\u00e0 TAGLI PI\u00d9 DRITTI SU MATERIALI PI\u00d9 GRANDI E DIFFICILI DA TAGLIARE Esclusivo design della trincea per il rinforzo del profilo FORMAZIONE OTTIMALE DEL TRUCIOLO SULLE LEGHE PER LA FORMATURA A FREDDO Denti rettificati di precisione &#8211; superficie del dente e dell&#8217;avvallamento pi\u00f9 liscia Impostazione e profilo speciale del dente brevettati","og_url":"https:\/\/www.lenoxsawmasters.com\/it\/prodotto\/lenox-contestor-gt\/","og_site_name":"Lenox Sawmasters IT","article_modified_time":"2024-04-29T14:15:15+00:00","og_image":[{"width":945,"height":518,"url":"https:\/\/www.lenoxsawmasters.com\/it\/wp-content\/uploads\/sites\/8\/2023\/03\/Contestor-GT-3.png","type":"image\/png"}],"twitter_card":"summary_large_image","twitter_misc":{"Tempo di lettura stimato":"1 minuto"},"schema":{"@context":"https:\/\/schema.org","@graph":[{"@type":"WebPage","@id":"https:\/\/www.lenoxsawmasters.com\/it\/prodotto\/lenox-contestor-gt\/","url":"https:\/\/www.lenoxsawmasters.com\/it\/prodotto\/lenox-contestor-gt\/","name":"Lenox Contestor GT\u2122 - Lenox Sawmasters IT","isPartOf":{"@id":"https:\/\/www.lenoxsawmasters.com\/it\/#website"},"primaryImageOfPage":{"@id":"https:\/\/www.lenoxsawmasters.com\/it\/prodotto\/lenox-contestor-gt\/#primaryimage"},"image":{"@id":"https:\/\/www.lenoxsawmasters.com\/it\/prodotto\/lenox-contestor-gt\/#primaryimage"},"thumbnailUrl":"https:\/\/www.lenoxsawmasters.com\/it\/wp-content\/uploads\/sites\/8\/2023\/03\/Contestor-GT-3.png","datePublished":"2016-12-09T12:56:08+00:00","dateModified":"2024-04-29T14:15:15+00:00","breadcrumb":{"@id":"https:\/\/www.lenoxsawmasters.com\/it\/prodotto\/lenox-contestor-gt\/#breadcrumb"},"inLanguage":"it-IT","potentialAction":[{"@type":"ReadAction","target":["https:\/\/www.lenoxsawmasters.com\/it\/prodotto\/lenox-contestor-gt\/"]}]},{"@type":"ImageObject","inLanguage":"it-IT","@id":"https:\/\/www.lenoxsawmasters.com\/it\/prodotto\/lenox-contestor-gt\/#primaryimage","url":"https:\/\/www.lenoxsawmasters.com\/it\/wp-content\/uploads\/sites\/8\/2023\/03\/Contestor-GT-3.png","contentUrl":"https:\/\/www.lenoxsawmasters.com\/it\/wp-content\/uploads\/sites\/8\/2023\/03\/Contestor-GT-3.png","width":945,"height":518},{"@type":"BreadcrumbList","@id":"https:\/\/www.lenoxsawmasters.com\/it\/prodotto\/lenox-contestor-gt\/#breadcrumb","itemListElement":[{"@type":"ListItem","position":1,"name":"Home","item":"https:\/\/www.lenoxsawmasters.com\/it\/"},{"@type":"ListItem","position":2,"name":"Negozio","item":"https:\/\/www.lenoxsawmasters.com\/it\/negozio\/"},{"@type":"ListItem","position":3,"name":"Lenox Contestor GT\u2122"}]},{"@type":"WebSite","@id":"https:\/\/www.lenoxsawmasters.com\/it\/#website","url":"https:\/\/www.lenoxsawmasters.com\/it\/","name":"Lenoxsawmasters","description":"Always Hungry","publisher":{"@id":"https:\/\/www.lenoxsawmasters.com\/it\/#organization"},"alternateName":"Lenoxsawmasters","potentialAction":[{"@type":"SearchAction","target":{"@type":"EntryPoint","urlTemplate":"https:\/\/www.lenoxsawmasters.com\/it\/?s={search_term_string}"},"query-input":{"@type":"PropertyValueSpecification","valueRequired":true,"valueName":"search_term_string"}}],"inLanguage":"it-IT"},{"@type":"Organization","@id":"https:\/\/www.lenoxsawmasters.com\/it\/#organization","name":"Lenoxsawmasters","alternateName":"Lenoxsawmasters","url":"https:\/\/www.lenoxsawmasters.com\/it\/","logo":{"@type":"ImageObject","inLanguage":"it-IT","@id":"https:\/\/www.lenoxsawmasters.com\/it\/#\/schema\/logo\/image\/","url":"https:\/\/www.lenoxsawmasters.com\/it\/wp-content\/uploads\/sites\/8\/2023\/05\/lenox-sawmasters-favicon.png","contentUrl":"https:\/\/www.lenoxsawmasters.com\/it\/wp-content\/uploads\/sites\/8\/2023\/05\/lenox-sawmasters-favicon.png","width":522,"height":522,"caption":"Lenoxsawmasters"},"image":{"@id":"https:\/\/www.lenoxsawmasters.com\/it\/#\/schema\/logo\/image\/"}}]}},"_links":{"self":[{"href":"https:\/\/www.lenoxsawmasters.com\/it\/wp-json\/wp\/v2\/product\/320","targetHints":{"allow":["GET"]}}],"collection":[{"href":"https:\/\/www.lenoxsawmasters.com\/it\/wp-json\/wp\/v2\/product"}],"about":[{"href":"https:\/\/www.lenoxsawmasters.com\/it\/wp-json\/wp\/v2\/types\/product"}],"wp:featuredmedia":[{"embeddable":true,"href":"https:\/\/www.lenoxsawmasters.com\/it\/wp-json\/wp\/v2\/media\/321"}],"wp:attachment":[{"href":"https:\/\/www.lenoxsawmasters.com\/it\/wp-json\/wp\/v2\/media?parent=320"}],"wp:term":[{"taxonomy":"product_brand","embeddable":true,"href":"https:\/\/www.lenoxsawmasters.com\/it\/wp-json\/wp\/v2\/product_brand?post=320"},{"taxonomy":"product_cat","embeddable":true,"href":"https:\/\/www.lenoxsawmasters.com\/it\/wp-json\/wp\/v2\/product_cat?post=320"},{"taxonomy":"product_tag","embeddable":true,"href":"https:\/\/www.lenoxsawmasters.com\/it\/wp-json\/wp\/v2\/product_tag?post=320"}],"curies":[{"name":"wp","href":"https:\/\/api.w.org\/{rel}","templated":true}]}}