{"id":75,"date":"2019-02-25T14:07:28","date_gmt":"2019-02-25T13:07:28","guid":{"rendered":"https:\/\/lenoxsawmasters.kwaaidevelop.nl\/en\/?page_id=75"},"modified":"2023-12-01T12:20:26","modified_gmt":"2023-12-01T11:20:26","slug":"informativa-sulla-privacy","status":"publish","type":"page","link":"https:\/\/www.lenoxsawmasters.com\/it\/informativa-sulla-privacy\/","title":{"rendered":"Informativa sulla privacy"},"content":{"rendered":"\n<style type=\"text\/css\" data-created_by=\"avia_inline_auto\" id=\"style-css-av-sn7a7-b36a14dd4363fac0f2480630bf815f71\">\n.avia-section.av-sn7a7-b36a14dd4363fac0f2480630bf815f71{\nbackground-repeat:no-repeat;\nbackground-image:url(https:\/\/www.lenoxsawmasters.com\/it\/wp-content\/uploads\/sites\/8\/2023\/05\/productie-bandzagen-lenoxsawmasters.jpg);\nbackground-position:100% 50%;\nbackground-attachment:scroll;\n}\n<\/style>\n<div id='av_section_1'  class='avia-section av-sn7a7-b36a14dd4363fac0f2480630bf815f71 main_color avia-section-default avia-no-border-styling  avia-builder-el-0  el_before_av_section  avia-builder-el-first  avia-full-stretch avia-bg-style-scroll av-minimum-height av-minimum-height-40 av-height-percent  container_wrap sidebar_right'  data-section-bg-repeat='stretch' data-av_minimum_height_pc='40' data-av_min_height_opt='percent'><div class='container av-section-cont-open' ><main  role=\"main\" itemprop=\"mainContentOfPage\"  class='template-page content  av-content-small alpha units'><div class='post-entry post-entry-type-page post-entry-75'><div class='entry-content-wrapper clearfix'>\n<\/div><\/div><\/main><!-- close content main element --><\/div><\/div><div id='av_section_2'  class='avia-section av-s76yz-48071cc13b9368b0cffbb7d964172e98 main_color avia-section-default avia-no-border-styling  avia-builder-el-1  el_after_av_section  avia-builder-el-last  avia-bg-style-scroll container_wrap sidebar_right'  ><div class='container av-section-cont-open' ><div class='template-page content  av-content-small alpha units'><div class='post-entry post-entry-type-page post-entry-75'><div class='entry-content-wrapper clearfix'>\n<div  class='flex_column av-rnkhn-94baaa0d386418c6539ba176a820c0ab av_one_fifth  avia-builder-el-2  el_before_av_three_fifth  avia-builder-el-first  first flex_column_div  '     ><\/div><div  class='flex_column av-qvhor-36056f0a8c62e82965745045dd283da5 av_three_fifth  avia-builder-el-3  el_after_av_one_fifth  el_before_av_one_fifth  flex_column_div  '     ><section  class='av_textblock_section av-li01f3ss-052d1648332afc913160cbb2978ef5cc '   itemscope=\"itemscope\" itemtype=\"https:\/\/schema.org\/CreativeWork\" ><div class='avia_textblock'  itemprop=\"text\" ><h1 style=\"text-align: left;\">Informativa sulla privacy<\/h1>\n<\/div><\/section><br \/>\n<section  class='av_textblock_section av-li01gt7o-6f08160a40908826620549d772a42e3d '   itemscope=\"itemscope\" itemtype=\"https:\/\/schema.org\/CreativeWork\" ><div class='avia_textblock'  itemprop=\"text\" ><p><strong>Titolari del trattamento dei dati personali<\/strong><br \/>\nQualsiasi dato personale fornito o raccolto tramite le operazioni che effettuerai su WWW.MAGNABOSCOEXPRESS.COM verr\u00e0 trattato da MAGNABOSCO GUIDO SRL, con sede ad Arzignano (Vicenza).<br \/>\n<strong><br \/>\nQuali dati personali dei clienti vengono raccolti su MagnaboscoExpress.com?<\/strong><br \/>\nI dati personali che riceviamo dai nostri clienti ci aiutano a personalizzare ed a migliorare continuamente i tuoi acquisti sul sito. Utilizziamo tali dati in particolare per gestire ordini, fornire prodotti e servizi, elaborare pagamenti, comunicare con te in merito a ordini, prodotti, servizi ed offerte promozionali, aggiornare i nostri registri e, in genere, gestire il tuo account, mostrare contenuti quali liste dei desideri e recensioni dei clienti e consigliare prodotti e servizi che potrebbero essere di tuo interesse. Utilizziamo questi dati anche per migliorare il nostro negozio on line e la nostra piattaforma, per prevenire o smascherare frodi o abusi a danno del nostro sito web e per consentire a terze parti di svolgere attivit\u00e0 tecniche, logistiche e di altro tipo per nostro conto.<\/p>\n<p>Ecco alcune categorie di dati personali che raccogliamo.<br \/>\n<strong><br \/>\nDati personali forniti da te:<\/strong><br \/>\nRiceviamo e conserviamo qualsiasi dato che inserisci nel nostro sito o che ci fornisci in qualsiasi altro modo. Utilizziamo i dati che fornisci per dare riscontro alle tue richieste, personalizzare i nostri suggerimenti per te migliorare la nostra offerta on-line e le nostre comunicazioni con te.<br \/>\n<strong><br \/>\nDati personali che vengono raccolti automaticamente:<\/strong><br \/>\nRiceviamo e conserviamo alcune categorie di dati personali ogni volta che interagisci con noi. Ad esempio, come molti siti web, utilizziamo &#8220;cookie&#8221; e otteniamo alcuni dati quando il tuo browser web accede a MagnaboscoExpress.com o ad annunci pubblicitari e ad altri contenuti presentati con riferimento a MagnaboscoExpress.com su altri siti web.<br \/>\n<strong><br \/>\nComunicazioni via e-mail:<\/strong><br \/>\nMonitoriamo le nostre comunicazioni via e-mail e le salviamo in modo da rispondere velocemente alle necessit\u00e0 dei clienti.<br \/>\n<strong><br \/>\nDati personali ricevuti da altre fonti:<\/strong><br \/>\nPotremmo ricevere tuoi dati personali da parte di altre fonti ed aggiungerli alle informazioni relative al tuo account.<br \/>\n<strong><br \/>\nCookie:<\/strong><br \/>\nPer consentire ai nostri sistemi di riconoscere il tuo dispositivo e per fornirti funzionalita&#8217;, utilizziamo i cookie.<br \/>\n<strong><br \/>\nI dati personali raccolti tramite MagnaboscoExpress.com<\/strong>\u00a0<strong>vengono ceduti a terzi?<\/strong><br \/>\nI dati personali dei nostri clienti sono una componente importante del nostro lavoro e non rientra tra le nostre attivit\u00e0 cederli ad altri. Pertanto i dati personali verranno comunicati solo in conformit\u00e0 alle modalit\u00e0 di seguito descritte oltre ad essere condivisi con MAGNABOSCO GUIDO SRL e le societ\u00e0 poste sotto il suo controllo. Le stesse, nello svolgimento delle proprie attivit\u00e0 agiscono in maniera conforme a questa Informativa sulla privacy o comunque a norme che prevedono tutele analoghe a quelle descritte in questa Informativa sulla privacy.<\/p>\n<ul>\n<li><strong>Terzi fornitori di servizi:<\/strong><\/li>\n<\/ul>\n<p>Ci serviamo di altre imprese e di persone fisiche affinch\u00e9 svolgano certe attivit\u00e0 per nostro conto. Ad esempio, per evadere ordini, consegnare pacchi, inviare posta tradizionale ed e-mail, rimuovere informazioni ripetitive dalle liste clienti, analizzare dati, fornire assistenza marketing, fornire risultati di ricerche e link (includendo elenchi e link a pagamento), effettuare pagamenti con carte di credito e fornire servizi alla clientela. Questi fornitori hanno accesso solo ai dati personali che sono necessari per svolgere i propri compiti. Ti garantiamo che gli stessi non possono utilizzare gli stessi dati per altri scopi e sono inoltre tenuti a trattare i dati personali in conformit\u00e0 a questa Informativa sulla privacy, e ai sensi delle normative applicabili in materia di protezione dei dati personali.<\/p>\n<ul>\n<li><strong>Trasferimenti di azienda:<\/strong><\/li>\n<\/ul>\n<p>Poich\u00e9 la nostra attivit\u00e0 \u00e8 in continuo sviluppo, potremmo vendere o acquistare negozi, filiali o unit\u00e0 produttive. In genere, in tali operazioni, i dati personali della clientela rientrano nel patrimonio aziendale che viene trasferito, ma rimangono soggetti agli impegni assunti in qualsiasi precedente Informativa sulla Privacy (a meno che, naturalmente, il cliente non dia espressamente il suo consenso a procedere diversamente). Inoltre, nell&#8217;improbabile ipotesi in cui la propriet\u00e0 di MAGNABOSCO GUIDO SRL o sostanzialmente tutti i suoi beni vengano ceduti a terzi, i dati personali della clientela rientreranno naturalmente tra i beni trasferiti.<\/p>\n<ul>\n<li><strong>Tutela di MagnaboscoExpress.com<\/strong>\u00a0<strong>e altri soggetti:<\/strong><\/li>\n<\/ul>\n<p>Divulghiamo dati relativi all&#8217;account e altri dati personali solo nel caso in cui ci\u00f2 venga espressamente richiesto per legge; per far rispettare o applicare le nostre Condizioni generali di uso e vendita ed altri accordi; per tutelare nostri beni o diritti, nonch\u00e9 la sicurezza di MagnaboscoExpress.com, dei nostri utenti o di altri soggetti. Questo include lo scambio di informazioni con altre societ\u00e0 ed organizzazioni che provvedono alla prevenzione di frodi o alla riduzione del rischio del credito. Ovviamente, questo non include la vendita, la condivisione o la divulgazione in altro modo di dati personali ricevuti dai clienti per finalit\u00e0 commerciali, in contrasto con gli impegni assunti in questa Informativa sulla privacy.<\/p>\n<ul>\n<li><strong>Con il tuo consenso:<\/strong><\/li>\n<\/ul>\n<p>In casi diversi da quelli indicati sopra, sarai informato ogni volta in cui i tuoi dati personali saranno comunicati a terzi ed avrai la possibilit\u00e0 di scegliere se comunicare o meno a terzi i tuoi dati personali. Ogni volta che i dati personali vengono trasferiti ad aziende, enti o istituzioni con sede in paesi al di fuori della Comunit\u00e0 Europea, ci assicureremo che i dati vengano trasferiti in conformit\u00e0 a questa Informativa sulla privacy e secondo quanto indicato dalla normativa vigente in materia di protezione dei dati nell&#8217;ambito della comunicazione di dati a terzi come sopra indicato.<\/p>\n<h3><strong>INFORMATIVE E REVISIONI<\/strong><\/h3>\n<p>Se hai ancora dubbi sull&#8217;Informativa sulla privacy sul sito MagnaboscoExpress.com, inviaci un&#8217;e-mail.<br \/>\nLe nostre attivit\u00e0 cambiano costantemente e, pertanto, anche l&#8217;Informativa sulla privacy e le Condizioni generali di uso e vendita saranno soggette a modifiche. Se non diversamente dichiarato, l&#8217;attuale Informativa sulla privacy si applica a tutti i dati personali che abbiamo su te e sul tuo account. In ogni modo, manteniamo le nostre promesse e non modificheremo mai in maniera sostanziale le nostre policy e le nostre procedure. Nel caso in cui, invece, dovessero rendersi necessarie modifiche sostanziali, provvederemo ad informarti in modo che tu possa esprimere o meno il tuo consenso alle modifiche.<\/p>\n<\/div><\/section><\/p><\/div><div  class='flex_column av-2o77-0bc7d691f031d74bd36d0556110acb15 av_one_fifth  avia-builder-el-6  el_after_av_three_fifth  avia-builder-el-last  flex_column_div  '     ><\/div><\/div><\/div><\/div><!-- close content main div --><\/div><\/div><div id='after_section_2'  class='main_color av_default_container_wrap container_wrap sidebar_right'  ><div class='container av-section-cont-open' ><div class='template-page content  av-content-small alpha units'><div class='post-entry post-entry-type-page post-entry-75'><div class='entry-content-wrapper clearfix'>\n","protected":false},"excerpt":{"rendered":"","protected":false},"author":21,"featured_media":0,"parent":0,"menu_order":0,"comment_status":"closed","ping_status":"closed","template":"","meta":{"_acf_changed":false,"footnotes":""},"class_list":["post-75","page","type-page","status-publish","hentry"],"acf":[],"yoast_head":"<!-- This site is optimized with the Yoast SEO plugin v27.4 - https:\/\/yoast.com\/product\/yoast-seo-wordpress\/ -->\n<title>Informativa sulla privacy - Lenox Sawmasters IT<\/title>\n<meta name=\"robots\" content=\"noindex, follow\" \/>\n<meta property=\"og:locale\" content=\"it_IT\" \/>\n<meta property=\"og:type\" content=\"article\" \/>\n<meta property=\"og:title\" content=\"Informativa sulla privacy - Lenox Sawmasters IT\" \/>\n<meta property=\"og:url\" content=\"https:\/\/www.lenoxsawmasters.com\/it\/informativa-sulla-privacy\/\" \/>\n<meta property=\"og:site_name\" content=\"Lenox Sawmasters IT\" \/>\n<meta property=\"article:modified_time\" content=\"2023-12-01T11:20:26+00:00\" \/>\n<meta property=\"og:image\" content=\"https:\/\/www.lenoxsawmasters.com\/it\/wp-content\/uploads\/sites\/8\/2023\/09\/lenox-sawmasters-logo.png\" \/>\n\t<meta property=\"og:image:width\" content=\"1200\" \/>\n\t<meta property=\"og:image:height\" content=\"675\" \/>\n\t<meta property=\"og:image:type\" content=\"image\/png\" \/>\n<meta name=\"twitter:card\" content=\"summary_large_image\" \/>\n<meta name=\"twitter:label1\" content=\"Tempo di lettura stimato\" \/>\n\t<meta name=\"twitter:data1\" content=\"9 minuti\" \/>\n<script type=\"application\/ld+json\" class=\"yoast-schema-graph\">{\"@context\":\"https:\\\/\\\/schema.org\",\"@graph\":[{\"@type\":\"WebPage\",\"@id\":\"https:\\\/\\\/www.lenoxsawmasters.com\\\/it\\\/informativa-sulla-privacy\\\/\",\"url\":\"https:\\\/\\\/www.lenoxsawmasters.com\\\/it\\\/informativa-sulla-privacy\\\/\",\"name\":\"Informativa sulla privacy - Lenox Sawmasters IT\",\"isPartOf\":{\"@id\":\"https:\\\/\\\/www.lenoxsawmasters.com\\\/it\\\/#website\"},\"datePublished\":\"2019-02-25T13:07:28+00:00\",\"dateModified\":\"2023-12-01T11:20:26+00:00\",\"breadcrumb\":{\"@id\":\"https:\\\/\\\/www.lenoxsawmasters.com\\\/it\\\/informativa-sulla-privacy\\\/#breadcrumb\"},\"inLanguage\":\"it-IT\",\"potentialAction\":[{\"@type\":\"ReadAction\",\"target\":[\"https:\\\/\\\/www.lenoxsawmasters.com\\\/it\\\/informativa-sulla-privacy\\\/\"]}]},{\"@type\":\"BreadcrumbList\",\"@id\":\"https:\\\/\\\/www.lenoxsawmasters.com\\\/it\\\/informativa-sulla-privacy\\\/#breadcrumb\",\"itemListElement\":[{\"@type\":\"ListItem\",\"position\":1,\"name\":\"Home\",\"item\":\"https:\\\/\\\/www.lenoxsawmasters.com\\\/it\\\/\"},{\"@type\":\"ListItem\",\"position\":2,\"name\":\"Informativa sulla privacy\"}]},{\"@type\":\"WebSite\",\"@id\":\"https:\\\/\\\/www.lenoxsawmasters.com\\\/it\\\/#website\",\"url\":\"https:\\\/\\\/www.lenoxsawmasters.com\\\/it\\\/\",\"name\":\"Lenoxsawmasters\",\"description\":\"Always Hungry\",\"publisher\":{\"@id\":\"https:\\\/\\\/www.lenoxsawmasters.com\\\/it\\\/#organization\"},\"alternateName\":\"Lenoxsawmasters\",\"potentialAction\":[{\"@type\":\"SearchAction\",\"target\":{\"@type\":\"EntryPoint\",\"urlTemplate\":\"https:\\\/\\\/www.lenoxsawmasters.com\\\/it\\\/?s={search_term_string}\"},\"query-input\":{\"@type\":\"PropertyValueSpecification\",\"valueRequired\":true,\"valueName\":\"search_term_string\"}}],\"inLanguage\":\"it-IT\"},{\"@type\":\"Organization\",\"@id\":\"https:\\\/\\\/www.lenoxsawmasters.com\\\/it\\\/#organization\",\"name\":\"Lenoxsawmasters\",\"alternateName\":\"Lenoxsawmasters\",\"url\":\"https:\\\/\\\/www.lenoxsawmasters.com\\\/it\\\/\",\"logo\":{\"@type\":\"ImageObject\",\"inLanguage\":\"it-IT\",\"@id\":\"https:\\\/\\\/www.lenoxsawmasters.com\\\/it\\\/#\\\/schema\\\/logo\\\/image\\\/\",\"url\":\"https:\\\/\\\/www.lenoxsawmasters.com\\\/it\\\/wp-content\\\/uploads\\\/sites\\\/8\\\/2023\\\/05\\\/lenox-sawmasters-favicon.png\",\"contentUrl\":\"https:\\\/\\\/www.lenoxsawmasters.com\\\/it\\\/wp-content\\\/uploads\\\/sites\\\/8\\\/2023\\\/05\\\/lenox-sawmasters-favicon.png\",\"width\":522,\"height\":522,\"caption\":\"Lenoxsawmasters\"},\"image\":{\"@id\":\"https:\\\/\\\/www.lenoxsawmasters.com\\\/it\\\/#\\\/schema\\\/logo\\\/image\\\/\"}}]}<\/script>\n<!-- \/ Yoast SEO plugin. -->","yoast_head_json":{"title":"Informativa sulla privacy - Lenox Sawmasters IT","robots":{"index":"noindex","follow":"follow"},"og_locale":"it_IT","og_type":"article","og_title":"Informativa sulla privacy - Lenox Sawmasters IT","og_url":"https:\/\/www.lenoxsawmasters.com\/it\/informativa-sulla-privacy\/","og_site_name":"Lenox Sawmasters IT","article_modified_time":"2023-12-01T11:20:26+00:00","og_image":[{"width":1200,"height":675,"url":"https:\/\/www.lenoxsawmasters.com\/it\/wp-content\/uploads\/sites\/8\/2023\/09\/lenox-sawmasters-logo.png","type":"image\/png"}],"twitter_card":"summary_large_image","twitter_misc":{"Tempo di lettura stimato":"9 minuti"},"schema":{"@context":"https:\/\/schema.org","@graph":[{"@type":"WebPage","@id":"https:\/\/www.lenoxsawmasters.com\/it\/informativa-sulla-privacy\/","url":"https:\/\/www.lenoxsawmasters.com\/it\/informativa-sulla-privacy\/","name":"Informativa sulla privacy - Lenox Sawmasters IT","isPartOf":{"@id":"https:\/\/www.lenoxsawmasters.com\/it\/#website"},"datePublished":"2019-02-25T13:07:28+00:00","dateModified":"2023-12-01T11:20:26+00:00","breadcrumb":{"@id":"https:\/\/www.lenoxsawmasters.com\/it\/informativa-sulla-privacy\/#breadcrumb"},"inLanguage":"it-IT","potentialAction":[{"@type":"ReadAction","target":["https:\/\/www.lenoxsawmasters.com\/it\/informativa-sulla-privacy\/"]}]},{"@type":"BreadcrumbList","@id":"https:\/\/www.lenoxsawmasters.com\/it\/informativa-sulla-privacy\/#breadcrumb","itemListElement":[{"@type":"ListItem","position":1,"name":"Home","item":"https:\/\/www.lenoxsawmasters.com\/it\/"},{"@type":"ListItem","position":2,"name":"Informativa sulla privacy"}]},{"@type":"WebSite","@id":"https:\/\/www.lenoxsawmasters.com\/it\/#website","url":"https:\/\/www.lenoxsawmasters.com\/it\/","name":"Lenoxsawmasters","description":"Always Hungry","publisher":{"@id":"https:\/\/www.lenoxsawmasters.com\/it\/#organization"},"alternateName":"Lenoxsawmasters","potentialAction":[{"@type":"SearchAction","target":{"@type":"EntryPoint","urlTemplate":"https:\/\/www.lenoxsawmasters.com\/it\/?s={search_term_string}"},"query-input":{"@type":"PropertyValueSpecification","valueRequired":true,"valueName":"search_term_string"}}],"inLanguage":"it-IT"},{"@type":"Organization","@id":"https:\/\/www.lenoxsawmasters.com\/it\/#organization","name":"Lenoxsawmasters","alternateName":"Lenoxsawmasters","url":"https:\/\/www.lenoxsawmasters.com\/it\/","logo":{"@type":"ImageObject","inLanguage":"it-IT","@id":"https:\/\/www.lenoxsawmasters.com\/it\/#\/schema\/logo\/image\/","url":"https:\/\/www.lenoxsawmasters.com\/it\/wp-content\/uploads\/sites\/8\/2023\/05\/lenox-sawmasters-favicon.png","contentUrl":"https:\/\/www.lenoxsawmasters.com\/it\/wp-content\/uploads\/sites\/8\/2023\/05\/lenox-sawmasters-favicon.png","width":522,"height":522,"caption":"Lenoxsawmasters"},"image":{"@id":"https:\/\/www.lenoxsawmasters.com\/it\/#\/schema\/logo\/image\/"}}]}},"_links":{"self":[{"href":"https:\/\/www.lenoxsawmasters.com\/it\/wp-json\/wp\/v2\/pages\/75","targetHints":{"allow":["GET"]}}],"collection":[{"href":"https:\/\/www.lenoxsawmasters.com\/it\/wp-json\/wp\/v2\/pages"}],"about":[{"href":"https:\/\/www.lenoxsawmasters.com\/it\/wp-json\/wp\/v2\/types\/page"}],"author":[{"embeddable":true,"href":"https:\/\/www.lenoxsawmasters.com\/it\/wp-json\/wp\/v2\/users\/21"}],"replies":[{"embeddable":true,"href":"https:\/\/www.lenoxsawmasters.com\/it\/wp-json\/wp\/v2\/comments?post=75"}],"version-history":[{"count":7,"href":"https:\/\/www.lenoxsawmasters.com\/it\/wp-json\/wp\/v2\/pages\/75\/revisions"}],"predecessor-version":[{"id":2098,"href":"https:\/\/www.lenoxsawmasters.com\/it\/wp-json\/wp\/v2\/pages\/75\/revisions\/2098"}],"wp:attachment":[{"href":"https:\/\/www.lenoxsawmasters.com\/it\/wp-json\/wp\/v2\/media?parent=75"}],"curies":[{"name":"wp","href":"https:\/\/api.w.org\/{rel}","templated":true}]}}