{"id":703,"date":"2023-05-22T22:51:16","date_gmt":"2023-05-22T20:51:16","guid":{"rendered":"https:\/\/lenoxsawmasters.kwaaidevelop.nl\/en\/?page_id=703"},"modified":"2023-11-29T10:17:52","modified_gmt":"2023-11-29T09:17:52","slug":"chi-siamo","status":"publish","type":"page","link":"https:\/\/www.lenoxsawmasters.com\/it\/chi-siamo\/","title":{"rendered":"Chi siamo"},"content":{"rendered":"\n<style type=\"text\/css\" data-created_by=\"avia_inline_auto\" id=\"style-css-av-2ijj4v-7e027fe1b1ea590d317e336f0fbcd136\">\n.avia-section.av-2ijj4v-7e027fe1b1ea590d317e336f0fbcd136{\nbackground-repeat:no-repeat;\nbackground-image:url(https:\/\/www.lenoxsawmasters.com\/it\/wp-content\/uploads\/sites\/8\/2023\/05\/productie-bandzagen-lenoxsawmasters.jpg);\nbackground-position:100% 50%;\nbackground-attachment:scroll;\n}\n<\/style>\n<div id='av_section_1'  class='avia-section av-2ijj4v-7e027fe1b1ea590d317e336f0fbcd136 main_color avia-section-default avia-no-border-styling  avia-builder-el-0  el_before_av_section  avia-builder-el-first  avia-full-stretch avia-bg-style-scroll av-minimum-height av-minimum-height-40 av-height-percent  container_wrap sidebar_right'  data-section-bg-repeat='stretch' data-av_minimum_height_pc='40' data-av_min_height_opt='percent'><div class='container av-section-cont-open' ><main  role=\"main\" itemprop=\"mainContentOfPage\"  class='template-page content  av-content-small alpha units'><div class='post-entry post-entry-type-page post-entry-703'><div class='entry-content-wrapper clearfix'>\n<\/div><\/div><\/main><!-- close content main element --><\/div><\/div><div id='av_section_2'  class='avia-section av-2d5ce7-07f926d5879fd74135b796e97859da4b main_color avia-section-default avia-no-border-styling  avia-builder-el-1  el_after_av_section  el_before_av_section  avia-bg-style-scroll container_wrap sidebar_right'  ><div class='container av-section-cont-open' ><div class='template-page content  av-content-small alpha units'><div class='post-entry post-entry-type-page post-entry-703'><div class='entry-content-wrapper clearfix'>\n<div  class='flex_column av-2b9i9j-3971a49f655343ec4ee11b0d64e7c47a av_one_half  avia-builder-el-2  el_before_av_one_half  avia-builder-el-first  first flex_column_div av-animated-generic bottom-to-top  '     ><section  class='av_textblock_section av-lj7640is-fca4814e4dbaba3edb2bd9982aade5dc '   itemscope=\"itemscope\" itemtype=\"https:\/\/schema.org\/CreativeWork\" ><div class='avia_textblock kj-title-big-secundairy'  itemprop=\"text\" ><h1>Su Lenoxsawmasters<\/h1>\n<p><strong>Lame a nastro di classe mondiale Lenox<\/strong><\/p>\n<p>Siamo un teami di ingegneri e specialisti nel taglio dei metalli a vostra disposzione per rindividuare i miglioramenti possibili nel processo e nelle singole operazioni di taglio e realizzarli.<\/p>\n<p>Trent&#8217;anni di grandi risultati in partnership con Lenox . 99% di spedizioni puntuali. Servizio di consegna in 24 ore. Il nostro centro di saldatura realizza tutte le lame personalizzate, su misura per voi.<\/p>\n<p>La nostra missione \u00e8 rendere pi\u00f9 semplice ogni processo, condividere esperienza e soluzioni. Un ascolto continuo delle vostre necessit\u00e0 e un colloquio con tutti i costruttori di segatrici per ottimizzare sempre pi\u00f9 i nostri prodotti.<\/p>\n<\/div><\/section><\/div><div  class='flex_column av-tnj3j-f373eb5a416eea8c8bbf2de8fe032b7c av_one_half  avia-builder-el-4  el_after_av_one_half  avia-builder-el-last  flex_column_div av-animated-generic bottom-to-top  '     ><style type=\"text\/css\" data-created_by=\"avia_inline_auto\" id=\"style-css-av-ihe8v-5d791dba8a346b4736f75146032824ae\">\n.avia-image-container.av-ihe8v-5d791dba8a346b4736f75146032824ae img.avia_image{\nbox-shadow:none;\n}\n.avia-image-container.av-ihe8v-5d791dba8a346b4736f75146032824ae .av-image-caption-overlay-center{\ncolor:#ffffff;\n}\n<\/style>\n<div  class='avia-image-container av-ihe8v-5d791dba8a346b4736f75146032824ae av-styling-no-styling avia-align-center  avia-builder-el-5  avia-builder-el-no-sibling  kj-about-us-image'   itemprop=\"image\" itemscope=\"itemscope\" itemtype=\"https:\/\/schema.org\/ImageObject\" ><div class=\"avia-image-container-inner\"><div class=\"avia-image-overlay-wrap\"><img decoding=\"async\" fetchpriority=\"high\" class='wp-image-669 avia-img-lazy-loading-not-669 avia_image ' src=\"https:\/\/www.lenoxsawmasters.com\/it\/wp-content\/uploads\/sites\/8\/2023\/05\/lenoxsawmasters-kwaliteit.jpg\" alt='' title='lenoxsawmasters-kwaliteit'  height=\"600\" width=\"899\"  itemprop=\"thumbnailUrl\"  \/><\/div><\/div><\/div><\/div>\n\n<\/div><\/div><\/div><!-- close content main div --><\/div><\/div>\n<style type=\"text\/css\" data-created_by=\"avia_inline_auto\" id=\"style-css-av-1oxh1r-cb878d526d4e95ca581021ca1795e26e\">\n.avia-section.av-1oxh1r-cb878d526d4e95ca581021ca1795e26e{\nbackground-color:#003da5;\nbackground-image:url(https:\/\/www.lenoxsawmasters.com\/it\/wp-content\/uploads\/sites\/8\/2023\/05\/beeldmerk-lenoxsawmasters-white.png);\nbackground-repeat:no-repeat;\nbackground-position:50% 50%;\nbackground-attachment:scroll;\n}\n<\/style>\n<div id='av_section_3'  class='avia-section av-1oxh1r-cb878d526d4e95ca581021ca1795e26e main_color avia-section-huge avia-no-border-styling  avia-builder-el-6  el_after_av_section  el_before_av_section  avia-bg-style-scroll container_wrap sidebar_right'  data-section-bg-repeat='no-repeat'><div class='container av-section-cont-open' ><div class='template-page content  av-content-small alpha units'><div class='post-entry post-entry-type-page post-entry-703'><div class='entry-content-wrapper clearfix'>\n<div class='flex_column_table av-1ml1p3-f5f505e156353647d5692c71fe077068 sc-av_one_half av-equal-height-column-flextable'><div  class='flex_column av-1ml1p3-f5f505e156353647d5692c71fe077068 av_one_half  avia-builder-el-7  el_before_av_one_half  avia-builder-el-first  first flex_column_table_cell av-equal-height-column av-align-top av-animated-generic bottom-to-top  '     ><style type=\"text\/css\" data-created_by=\"avia_inline_auto\" id=\"style-css-av-1f4f67-4f1942b347116e7b57702b78c24e98b9\">\n#top .av_textblock_section.av-1f4f67-4f1942b347116e7b57702b78c24e98b9 .avia_textblock{\ncolor:#ffffff;\n}\n<\/style>\n<section  class='av_textblock_section av-1f4f67-4f1942b347116e7b57702b78c24e98b9 '   itemscope=\"itemscope\" itemtype=\"https:\/\/schema.org\/CreativeWork\" ><div class='avia_textblock av_inherit_color'  itemprop=\"text\" ><h3><strong>Qualit\u00e0 lenox, supporto Magnabosco<\/strong><\/h3>\n<p>Abbiamo una grande disponibilit\u00e0 di magazzino e il nostro centro saldatura \u00e8 organizzato in modo da poter spedire gli anelli saldati in 24 ore.<\/p>\n<h3><strong>Distributori in Italia<\/strong><\/h3>\n<p>Magnabosco \u00e8 distributore Lenox in Italia dal 1992.<strong>\u00a0 <\/strong><\/p>\n<\/div><\/section><\/div><div class='av-flex-placeholder'><\/div><div  class='flex_column av-184nwf-1d438b717b930393933ab2aa52fab498 av_one_half  avia-builder-el-9  el_after_av_one_half  avia-builder-el-last  flex_column_table_cell av-equal-height-column av-align-top av-animated-generic bottom-to-top  '     ><style type=\"text\/css\" data-created_by=\"avia_inline_auto\" id=\"style-css-av-13vggv-834b91db41deba45d2bb32365a96db86\">\n#top .av_textblock_section.av-13vggv-834b91db41deba45d2bb32365a96db86 .avia_textblock{\ncolor:#ffffff;\n}\n<\/style>\n<section  class='av_textblock_section av-13vggv-834b91db41deba45d2bb32365a96db86 '   itemscope=\"itemscope\" itemtype=\"https:\/\/schema.org\/CreativeWork\" ><div class='avia_textblock av_inherit_color'  itemprop=\"text\" ><h3><strong>Garanzia Lenox <\/strong><\/h3>\n<p>Se le lame che vi cosiglieremo non avranno un risultato migliore di quelle che usate non le pagherete. Questo \u00e8 il sistema di prova garantito Lenox.<\/p>\n<h3><strong>Supporto Tecnico<\/strong><\/h3>\n<p>Qualsiasi domanda sulle lame a nastro trover\u00e0 la risposta del <a href=\"https:\/\/www.lenoxsawmasters.com\/it\/contatto\/\">nostro team du assistenza per assicurarvi la soluzione migliore<\/a>.<\/p>\n<\/div><\/section><\/div><\/div><!--close column table wrapper. Autoclose: 1 -->\n\n<\/div><\/div><\/div><!-- close content main div --><\/div><\/div><div id='av_section_4'  class='avia-section av-yo0s7-a73770000a33e44aa176f0803fe8bbc1 main_color avia-section-default avia-no-border-styling  avia-builder-el-11  el_after_av_section  avia-builder-el-last  avia-bg-style-scroll container_wrap sidebar_right'  ><div class='container av-section-cont-open' ><div class='template-page content  av-content-small alpha units'><div class='post-entry post-entry-type-page post-entry-703'><div class='entry-content-wrapper clearfix'>\n<div  class='flex_column av-1fwlj-d45b420286c59d2670aac0ec3bad73fe av_one_half  avia-builder-el-12  el_before_av_one_half  avia-builder-el-first  first flex_column_div av-animated-generic bottom-to-top  '     ><style type=\"text\/css\" data-created_by=\"avia_inline_auto\" id=\"style-css-av-827av-a0929dbec37f5d1d1dc910d66901562b\">\n.avia-image-container.av-827av-a0929dbec37f5d1d1dc910d66901562b img.avia_image{\nbox-shadow:none;\n}\n.avia-image-container.av-827av-a0929dbec37f5d1d1dc910d66901562b .av-image-caption-overlay-center{\ncolor:#ffffff;\n}\n<\/style>\n<div  class='avia-image-container av-827av-a0929dbec37f5d1d1dc910d66901562b av-styling-no-styling avia-align-center  avia-builder-el-13  avia-builder-el-no-sibling  kj-about-us-image'   itemprop=\"image\" itemscope=\"itemscope\" itemtype=\"https:\/\/schema.org\/ImageObject\" ><div class=\"avia-image-container-inner\"><div class=\"avia-image-overlay-wrap\"><img decoding=\"async\" fetchpriority=\"high\" class='wp-image-720 avia-img-lazy-loading-not-720 avia_image ' src=\"https:\/\/www.lenoxsawmasters.com\/it\/wp-content\/uploads\/sites\/8\/2023\/05\/lenoxsawmasters-experts-bandzagen-1.jpg\" alt='' title='lenoxsawmasters-experts-bandzagen'  height=\"703\" width=\"1000\"  itemprop=\"thumbnailUrl\" srcset=\"https:\/\/www.lenoxsawmasters.com\/it\/wp-content\/uploads\/sites\/8\/2023\/05\/lenoxsawmasters-experts-bandzagen-1.jpg 1000w, https:\/\/www.lenoxsawmasters.com\/it\/wp-content\/uploads\/sites\/8\/2023\/05\/lenoxsawmasters-experts-bandzagen-1-300x211.jpg 300w, https:\/\/www.lenoxsawmasters.com\/it\/wp-content\/uploads\/sites\/8\/2023\/05\/lenoxsawmasters-experts-bandzagen-1-768x540.jpg 768w, https:\/\/www.lenoxsawmasters.com\/it\/wp-content\/uploads\/sites\/8\/2023\/05\/lenoxsawmasters-experts-bandzagen-1-705x496.jpg 705w, https:\/\/www.lenoxsawmasters.com\/it\/wp-content\/uploads\/sites\/8\/2023\/05\/lenoxsawmasters-experts-bandzagen-1-450x316.jpg 450w, https:\/\/www.lenoxsawmasters.com\/it\/wp-content\/uploads\/sites\/8\/2023\/05\/lenoxsawmasters-experts-bandzagen-1-600x422.jpg 600w\" sizes=\"(max-width: 1000px) 100vw, 1000px\" \/><\/div><\/div><\/div><\/div><div  class='flex_column av-f8lrr-8e38f63ca277cdb860f5838b5f23614a av_one_half  avia-builder-el-14  el_after_av_one_half  avia-builder-el-last  flex_column_div av-animated-generic bottom-to-top  '     ><section  class='av_textblock_section av-14l6v-0fa1934d63b76586a379a5c8a8eb4b74 '   itemscope=\"itemscope\" itemtype=\"https:\/\/schema.org\/CreativeWork\" ><div class='avia_textblock kj-title-big-secundairy'  itemprop=\"text\" ><h2>Magnabosco Industrie<\/h2>\n<p><strong>Distributore Lenox per Europa e Medio oriente<\/strong><\/p>\n<p>Analizziamo i vostri processi di taglio dei metalli per capire le vostre necessit\u00e0. Dopo questa analisi vi proporremo il prodotto pi\u00f9 indicato. Un nostro tecnico sa\u00e0 a vostra disposizione durante il test per darvi tutte le informazioni necessarie alle regolazioni della macchina e sui parametri di lavoro. La presenza del nostro tecnico sar\u00e0 organizzata per dare una completa formazione sul taglio ai vostri operatori.<\/p>\n<p>L&#8217;analisi e i test ci consentiranno di ottimizzare il vostro processo riducendo gli sprechi e diminuendo il costo effettivo per taglio.<\/p>\n<\/div><\/section><\/div><\/div><\/div><\/div><!-- close content main div --><\/div><\/div><div id='after_section_4'  class='main_color av_default_container_wrap container_wrap sidebar_right'  ><div class='container av-section-cont-open' ><div class='template-page content  av-content-small alpha units'><div class='post-entry post-entry-type-page post-entry-703'><div class='entry-content-wrapper clearfix'>\n","protected":false},"excerpt":{"rendered":"","protected":false},"author":21,"featured_media":0,"parent":0,"menu_order":0,"comment_status":"closed","ping_status":"closed","template":"","meta":{"_acf_changed":false,"footnotes":""},"class_list":["post-703","page","type-page","status-publish","hentry"],"acf":[],"yoast_head":"<!-- This site is optimized with the Yoast SEO plugin v27.4 - https:\/\/yoast.com\/product\/yoast-seo-wordpress\/ -->\n<title>Lenox Sawmasters | Scoprite i nostri strumenti di alta qualit\u00e0<\/title>\n<meta name=\"description\" content=\"Conoscere Lenox Sawmasters. Siamo orgogliosi di offrire lame e utensili da taglio della migliore qualit\u00e0 disponibile - e lo garantiamo. Scoprite di pi\u00f9 su di noi oggi stesso!\" \/>\n<meta name=\"robots\" content=\"index, follow, max-snippet:-1, max-image-preview:large, max-video-preview:-1\" \/>\n<link rel=\"canonical\" href=\"https:\/\/www.lenoxsawmasters.com\/it\/chi-siamo\/\" \/>\n<meta property=\"og:locale\" content=\"it_IT\" \/>\n<meta property=\"og:type\" content=\"article\" \/>\n<meta property=\"og:title\" content=\"Lenox Sawmasters | Scoprite i nostri strumenti di alta qualit\u00e0\" \/>\n<meta property=\"og:description\" content=\"Conoscere Lenox Sawmasters. Siamo orgogliosi di offrire lame e utensili da taglio della migliore qualit\u00e0 disponibile - e lo garantiamo. Scoprite di pi\u00f9 su di noi oggi stesso!\" \/>\n<meta property=\"og:url\" content=\"https:\/\/www.lenoxsawmasters.com\/it\/chi-siamo\/\" \/>\n<meta property=\"og:site_name\" content=\"Lenox Sawmasters IT\" \/>\n<meta property=\"article:modified_time\" content=\"2023-11-29T09:17:52+00:00\" \/>\n<meta property=\"og:image\" content=\"https:\/\/www.lenoxsawmasters.com\/it\/wp-content\/uploads\/sites\/8\/2023\/09\/lenox-sawmasters-logo.png\" \/>\n\t<meta property=\"og:image:width\" content=\"1200\" \/>\n\t<meta property=\"og:image:height\" content=\"675\" \/>\n\t<meta property=\"og:image:type\" content=\"image\/png\" \/>\n<meta name=\"twitter:card\" content=\"summary_large_image\" \/>\n<meta name=\"twitter:label1\" content=\"Tempo di lettura stimato\" \/>\n\t<meta name=\"twitter:data1\" content=\"9 minuti\" \/>\n<script type=\"application\/ld+json\" class=\"yoast-schema-graph\">{\"@context\":\"https:\\\/\\\/schema.org\",\"@graph\":[{\"@type\":\"WebPage\",\"@id\":\"https:\\\/\\\/www.lenoxsawmasters.com\\\/it\\\/chi-siamo\\\/\",\"url\":\"https:\\\/\\\/www.lenoxsawmasters.com\\\/it\\\/chi-siamo\\\/\",\"name\":\"Lenox Sawmasters | Scoprite i nostri strumenti di alta qualit\u00e0\",\"isPartOf\":{\"@id\":\"https:\\\/\\\/www.lenoxsawmasters.com\\\/it\\\/#website\"},\"datePublished\":\"2023-05-22T20:51:16+00:00\",\"dateModified\":\"2023-11-29T09:17:52+00:00\",\"description\":\"Conoscere Lenox Sawmasters. Siamo orgogliosi di offrire lame e utensili da taglio della migliore qualit\u00e0 disponibile - e lo garantiamo. Scoprite di pi\u00f9 su di noi oggi stesso!\",\"breadcrumb\":{\"@id\":\"https:\\\/\\\/www.lenoxsawmasters.com\\\/it\\\/chi-siamo\\\/#breadcrumb\"},\"inLanguage\":\"it-IT\",\"potentialAction\":[{\"@type\":\"ReadAction\",\"target\":[\"https:\\\/\\\/www.lenoxsawmasters.com\\\/it\\\/chi-siamo\\\/\"]}]},{\"@type\":\"BreadcrumbList\",\"@id\":\"https:\\\/\\\/www.lenoxsawmasters.com\\\/it\\\/chi-siamo\\\/#breadcrumb\",\"itemListElement\":[{\"@type\":\"ListItem\",\"position\":1,\"name\":\"Home\",\"item\":\"https:\\\/\\\/www.lenoxsawmasters.com\\\/it\\\/\"},{\"@type\":\"ListItem\",\"position\":2,\"name\":\"Chi siamo\"}]},{\"@type\":\"WebSite\",\"@id\":\"https:\\\/\\\/www.lenoxsawmasters.com\\\/it\\\/#website\",\"url\":\"https:\\\/\\\/www.lenoxsawmasters.com\\\/it\\\/\",\"name\":\"Lenoxsawmasters\",\"description\":\"Always Hungry\",\"publisher\":{\"@id\":\"https:\\\/\\\/www.lenoxsawmasters.com\\\/it\\\/#organization\"},\"alternateName\":\"Lenoxsawmasters\",\"potentialAction\":[{\"@type\":\"SearchAction\",\"target\":{\"@type\":\"EntryPoint\",\"urlTemplate\":\"https:\\\/\\\/www.lenoxsawmasters.com\\\/it\\\/?s={search_term_string}\"},\"query-input\":{\"@type\":\"PropertyValueSpecification\",\"valueRequired\":true,\"valueName\":\"search_term_string\"}}],\"inLanguage\":\"it-IT\"},{\"@type\":\"Organization\",\"@id\":\"https:\\\/\\\/www.lenoxsawmasters.com\\\/it\\\/#organization\",\"name\":\"Lenoxsawmasters\",\"alternateName\":\"Lenoxsawmasters\",\"url\":\"https:\\\/\\\/www.lenoxsawmasters.com\\\/it\\\/\",\"logo\":{\"@type\":\"ImageObject\",\"inLanguage\":\"it-IT\",\"@id\":\"https:\\\/\\\/www.lenoxsawmasters.com\\\/it\\\/#\\\/schema\\\/logo\\\/image\\\/\",\"url\":\"https:\\\/\\\/www.lenoxsawmasters.com\\\/it\\\/wp-content\\\/uploads\\\/sites\\\/8\\\/2023\\\/05\\\/lenox-sawmasters-favicon.png\",\"contentUrl\":\"https:\\\/\\\/www.lenoxsawmasters.com\\\/it\\\/wp-content\\\/uploads\\\/sites\\\/8\\\/2023\\\/05\\\/lenox-sawmasters-favicon.png\",\"width\":522,\"height\":522,\"caption\":\"Lenoxsawmasters\"},\"image\":{\"@id\":\"https:\\\/\\\/www.lenoxsawmasters.com\\\/it\\\/#\\\/schema\\\/logo\\\/image\\\/\"}}]}<\/script>\n<!-- \/ Yoast SEO plugin. -->","yoast_head_json":{"title":"Lenox Sawmasters | Scoprite i nostri strumenti di alta qualit\u00e0","description":"Conoscere Lenox Sawmasters. Siamo orgogliosi di offrire lame e utensili da taglio della migliore qualit\u00e0 disponibile - e lo garantiamo. Scoprite di pi\u00f9 su di noi oggi stesso!","robots":{"index":"index","follow":"follow","max-snippet":"max-snippet:-1","max-image-preview":"max-image-preview:large","max-video-preview":"max-video-preview:-1"},"canonical":"https:\/\/www.lenoxsawmasters.com\/it\/chi-siamo\/","og_locale":"it_IT","og_type":"article","og_title":"Lenox Sawmasters | Scoprite i nostri strumenti di alta qualit\u00e0","og_description":"Conoscere Lenox Sawmasters. Siamo orgogliosi di offrire lame e utensili da taglio della migliore qualit\u00e0 disponibile - e lo garantiamo. Scoprite di pi\u00f9 su di noi oggi stesso!","og_url":"https:\/\/www.lenoxsawmasters.com\/it\/chi-siamo\/","og_site_name":"Lenox Sawmasters IT","article_modified_time":"2023-11-29T09:17:52+00:00","og_image":[{"width":1200,"height":675,"url":"https:\/\/www.lenoxsawmasters.com\/it\/wp-content\/uploads\/sites\/8\/2023\/09\/lenox-sawmasters-logo.png","type":"image\/png"}],"twitter_card":"summary_large_image","twitter_misc":{"Tempo di lettura stimato":"9 minuti"},"schema":{"@context":"https:\/\/schema.org","@graph":[{"@type":"WebPage","@id":"https:\/\/www.lenoxsawmasters.com\/it\/chi-siamo\/","url":"https:\/\/www.lenoxsawmasters.com\/it\/chi-siamo\/","name":"Lenox Sawmasters | Scoprite i nostri strumenti di alta qualit\u00e0","isPartOf":{"@id":"https:\/\/www.lenoxsawmasters.com\/it\/#website"},"datePublished":"2023-05-22T20:51:16+00:00","dateModified":"2023-11-29T09:17:52+00:00","description":"Conoscere Lenox Sawmasters. Siamo orgogliosi di offrire lame e utensili da taglio della migliore qualit\u00e0 disponibile - e lo garantiamo. Scoprite di pi\u00f9 su di noi oggi stesso!","breadcrumb":{"@id":"https:\/\/www.lenoxsawmasters.com\/it\/chi-siamo\/#breadcrumb"},"inLanguage":"it-IT","potentialAction":[{"@type":"ReadAction","target":["https:\/\/www.lenoxsawmasters.com\/it\/chi-siamo\/"]}]},{"@type":"BreadcrumbList","@id":"https:\/\/www.lenoxsawmasters.com\/it\/chi-siamo\/#breadcrumb","itemListElement":[{"@type":"ListItem","position":1,"name":"Home","item":"https:\/\/www.lenoxsawmasters.com\/it\/"},{"@type":"ListItem","position":2,"name":"Chi siamo"}]},{"@type":"WebSite","@id":"https:\/\/www.lenoxsawmasters.com\/it\/#website","url":"https:\/\/www.lenoxsawmasters.com\/it\/","name":"Lenoxsawmasters","description":"Always Hungry","publisher":{"@id":"https:\/\/www.lenoxsawmasters.com\/it\/#organization"},"alternateName":"Lenoxsawmasters","potentialAction":[{"@type":"SearchAction","target":{"@type":"EntryPoint","urlTemplate":"https:\/\/www.lenoxsawmasters.com\/it\/?s={search_term_string}"},"query-input":{"@type":"PropertyValueSpecification","valueRequired":true,"valueName":"search_term_string"}}],"inLanguage":"it-IT"},{"@type":"Organization","@id":"https:\/\/www.lenoxsawmasters.com\/it\/#organization","name":"Lenoxsawmasters","alternateName":"Lenoxsawmasters","url":"https:\/\/www.lenoxsawmasters.com\/it\/","logo":{"@type":"ImageObject","inLanguage":"it-IT","@id":"https:\/\/www.lenoxsawmasters.com\/it\/#\/schema\/logo\/image\/","url":"https:\/\/www.lenoxsawmasters.com\/it\/wp-content\/uploads\/sites\/8\/2023\/05\/lenox-sawmasters-favicon.png","contentUrl":"https:\/\/www.lenoxsawmasters.com\/it\/wp-content\/uploads\/sites\/8\/2023\/05\/lenox-sawmasters-favicon.png","width":522,"height":522,"caption":"Lenoxsawmasters"},"image":{"@id":"https:\/\/www.lenoxsawmasters.com\/it\/#\/schema\/logo\/image\/"}}]}},"_links":{"self":[{"href":"https:\/\/www.lenoxsawmasters.com\/it\/wp-json\/wp\/v2\/pages\/703","targetHints":{"allow":["GET"]}}],"collection":[{"href":"https:\/\/www.lenoxsawmasters.com\/it\/wp-json\/wp\/v2\/pages"}],"about":[{"href":"https:\/\/www.lenoxsawmasters.com\/it\/wp-json\/wp\/v2\/types\/page"}],"author":[{"embeddable":true,"href":"https:\/\/www.lenoxsawmasters.com\/it\/wp-json\/wp\/v2\/users\/21"}],"replies":[{"embeddable":true,"href":"https:\/\/www.lenoxsawmasters.com\/it\/wp-json\/wp\/v2\/comments?post=703"}],"version-history":[{"count":12,"href":"https:\/\/www.lenoxsawmasters.com\/it\/wp-json\/wp\/v2\/pages\/703\/revisions"}],"predecessor-version":[{"id":2067,"href":"https:\/\/www.lenoxsawmasters.com\/it\/wp-json\/wp\/v2\/pages\/703\/revisions\/2067"}],"wp:attachment":[{"href":"https:\/\/www.lenoxsawmasters.com\/it\/wp-json\/wp\/v2\/media?parent=703"}],"curies":[{"name":"wp","href":"https:\/\/api.w.org\/{rel}","templated":true}]}}