{"id":343,"date":"2016-12-09T15:48:35","date_gmt":"2016-12-09T14:48:35","guid":{"rendered":"https:\/\/lenoxsawmasters.kwaaidevelop.nl\/de\/product\/lenox-tri-master\/"},"modified":"2024-05-10T16:16:04","modified_gmt":"2024-05-10T14:16:04","slug":"lenox-tri-master","status":"publish","type":"product","link":"https:\/\/www.lenoxsawmasters.com\/de\/produkt\/lenox-tri-master\/","title":{"rendered":"Lenox Tri-Master\u2122"},"content":{"rendered":"<p><em>Vielseitiges Blatt mit Hartmetallz\u00e4hnen<\/em><\/p>\n<p><strong>DREIFACH PR\u00c4ZISIONSGESCHLIFFENE Z\u00c4HNE<\/strong><br \/>\nGlatte Schnitte, hervorragendes Finish<\/p>\n<p><strong>VERST\u00c4RKUNG AUS HOCHWERTIGEM STAHL<\/strong><br \/>\nDie Klinge h\u00e4lt l\u00e4nger<\/p>\n<p><strong>KLINGE F\u00dcR DEN UNIVERSELLEN EINSATZ<\/strong><br \/>\nPerfekt zum Schneiden einer Vielzahl von Materialien<\/p>\n","protected":false},"excerpt":{"rendered":"<p>Vielseitiges Blatt mit Hartmetallz\u00e4hnen DREIFACH PR\u00c4ZISIONSGESCHLIFFENE Z\u00c4HNE Glatte Schnitte, hervorragendes Finish VERST\u00c4RKUNG AUS HOCHWERTIGEM STAHL Die Klinge h\u00e4lt l\u00e4nger KLINGE F\u00dcR DEN UNIVERSELLEN EINSATZ Perfekt zum Schneiden einer Vielzahl von Materialien<\/p>\n","protected":false},"featured_media":344,"template":"","meta":{"_acf_changed":false},"product_brand":[],"product_cat":[49,62],"product_tag":[],"class_list":{"0":"post-343","1":"product","2":"type-product","3":"status-publish","4":"has-post-thumbnail","6":"product_cat-bandsagen","7":"product_cat-metall","8":"pa_dicke-064-mm","9":"pa_dicke-090-mm","10":"pa_dicke-107-mm","11":"pa_dicke-127-mm","12":"pa_dicke-160-mm","13":"pa_hoehe-127-mm","14":"pa_hoehe-19-mm","15":"pa_hoehe-27-mm","16":"pa_hoehe-34-mm","17":"pa_hoehe-41-mm","18":"pa_zaehne-pro-zoll-tpi-2-3","19":"pa_zaehne-pro-zoll-tpi-3-4","21":"first","22":"onbackorder","23":"taxable","24":"shipping-taxable","25":"product-type-simple"},"acf":[],"yoast_head":"<!-- This site is optimized with the Yoast SEO plugin v27.5 - https:\/\/yoast.com\/product\/yoast-seo-wordpress\/ -->\n<title>Lenox Tri-Master\u2122 - Lenox Sawmasters DE<\/title>\n<meta name=\"robots\" content=\"index, follow, max-snippet:-1, max-image-preview:large, max-video-preview:-1\" \/>\n<link rel=\"canonical\" href=\"https:\/\/www.lenoxsawmasters.com\/de\/produkt\/lenox-tri-master\/\" \/>\n<meta property=\"og:locale\" content=\"de_DE\" \/>\n<meta property=\"og:type\" content=\"article\" \/>\n<meta property=\"og:title\" content=\"Lenox Tri-Master\u2122 - Lenox Sawmasters DE\" \/>\n<meta property=\"og:description\" content=\"Vielseitiges Blatt mit Hartmetallz\u00e4hnen DREIFACH PR\u00c4ZISIONSGESCHLIFFENE Z\u00c4HNE Glatte Schnitte, hervorragendes Finish VERST\u00c4RKUNG AUS HOCHWERTIGEM STAHL Die Klinge h\u00e4lt l\u00e4nger KLINGE F\u00dcR DEN UNIVERSELLEN EINSATZ Perfekt zum Schneiden einer Vielzahl von Materialien\" \/>\n<meta property=\"og:url\" content=\"https:\/\/www.lenoxsawmasters.com\/de\/produkt\/lenox-tri-master\/\" \/>\n<meta property=\"og:site_name\" content=\"Lenox Sawmasters DE\" \/>\n<meta property=\"article:modified_time\" content=\"2024-05-10T14:16:04+00:00\" \/>\n<meta property=\"og:image\" content=\"https:\/\/www.lenoxsawmasters.com\/de\/wp-content\/uploads\/sites\/7\/2023\/03\/LENOX-Tri-Master-3.png\" \/>\n\t<meta property=\"og:image:width\" content=\"945\" \/>\n\t<meta property=\"og:image:height\" content=\"518\" \/>\n\t<meta property=\"og:image:type\" content=\"image\/png\" \/>\n<meta name=\"twitter:card\" content=\"summary_large_image\" \/>\n<meta name=\"twitter:label1\" content=\"Gesch\u00e4tzte Lesezeit\" \/>\n\t<meta name=\"twitter:data1\" content=\"1\u00a0Minute\" \/>\n<script type=\"application\/ld+json\" class=\"yoast-schema-graph\">{\"@context\":\"https:\\\/\\\/schema.org\",\"@graph\":[{\"@type\":\"WebPage\",\"@id\":\"https:\\\/\\\/www.lenoxsawmasters.com\\\/de\\\/produkt\\\/lenox-tri-master\\\/\",\"url\":\"https:\\\/\\\/www.lenoxsawmasters.com\\\/de\\\/produkt\\\/lenox-tri-master\\\/\",\"name\":\"Lenox Tri-Master\u2122 - Lenox Sawmasters DE\",\"isPartOf\":{\"@id\":\"https:\\\/\\\/www.lenoxsawmasters.com\\\/de\\\/#website\"},\"primaryImageOfPage\":{\"@id\":\"https:\\\/\\\/www.lenoxsawmasters.com\\\/de\\\/produkt\\\/lenox-tri-master\\\/#primaryimage\"},\"image\":{\"@id\":\"https:\\\/\\\/www.lenoxsawmasters.com\\\/de\\\/produkt\\\/lenox-tri-master\\\/#primaryimage\"},\"thumbnailUrl\":\"https:\\\/\\\/www.lenoxsawmasters.com\\\/de\\\/wp-content\\\/uploads\\\/sites\\\/7\\\/2023\\\/03\\\/LENOX-Tri-Master-3.png\",\"datePublished\":\"2016-12-09T14:48:35+00:00\",\"dateModified\":\"2024-05-10T14:16:04+00:00\",\"breadcrumb\":{\"@id\":\"https:\\\/\\\/www.lenoxsawmasters.com\\\/de\\\/produkt\\\/lenox-tri-master\\\/#breadcrumb\"},\"inLanguage\":\"de\",\"potentialAction\":[{\"@type\":\"ReadAction\",\"target\":[\"https:\\\/\\\/www.lenoxsawmasters.com\\\/de\\\/produkt\\\/lenox-tri-master\\\/\"]}]},{\"@type\":\"ImageObject\",\"inLanguage\":\"de\",\"@id\":\"https:\\\/\\\/www.lenoxsawmasters.com\\\/de\\\/produkt\\\/lenox-tri-master\\\/#primaryimage\",\"url\":\"https:\\\/\\\/www.lenoxsawmasters.com\\\/de\\\/wp-content\\\/uploads\\\/sites\\\/7\\\/2023\\\/03\\\/LENOX-Tri-Master-3.png\",\"contentUrl\":\"https:\\\/\\\/www.lenoxsawmasters.com\\\/de\\\/wp-content\\\/uploads\\\/sites\\\/7\\\/2023\\\/03\\\/LENOX-Tri-Master-3.png\",\"width\":945,\"height\":518},{\"@type\":\"BreadcrumbList\",\"@id\":\"https:\\\/\\\/www.lenoxsawmasters.com\\\/de\\\/produkt\\\/lenox-tri-master\\\/#breadcrumb\",\"itemListElement\":[{\"@type\":\"ListItem\",\"position\":1,\"name\":\"Home\",\"item\":\"https:\\\/\\\/www.lenoxsawmasters.com\\\/de\\\/\"},{\"@type\":\"ListItem\",\"position\":2,\"name\":\"Shop\",\"item\":\"https:\\\/\\\/www.lenoxsawmasters.com\\\/de\\\/shop\\\/\"},{\"@type\":\"ListItem\",\"position\":3,\"name\":\"Lenox Tri-Master\u2122\"}]},{\"@type\":\"WebSite\",\"@id\":\"https:\\\/\\\/www.lenoxsawmasters.com\\\/de\\\/#website\",\"url\":\"https:\\\/\\\/www.lenoxsawmasters.com\\\/de\\\/\",\"name\":\"Lenoxsawmasters\",\"description\":\"Always Hungry\",\"publisher\":{\"@id\":\"https:\\\/\\\/www.lenoxsawmasters.com\\\/de\\\/#organization\"},\"alternateName\":\"Lenoxsawmasters\",\"potentialAction\":[{\"@type\":\"SearchAction\",\"target\":{\"@type\":\"EntryPoint\",\"urlTemplate\":\"https:\\\/\\\/www.lenoxsawmasters.com\\\/de\\\/?s={search_term_string}\"},\"query-input\":{\"@type\":\"PropertyValueSpecification\",\"valueRequired\":true,\"valueName\":\"search_term_string\"}}],\"inLanguage\":\"de\"},{\"@type\":\"Organization\",\"@id\":\"https:\\\/\\\/www.lenoxsawmasters.com\\\/de\\\/#organization\",\"name\":\"Lenoxsawmasters\",\"alternateName\":\"Lenoxsawmasters\",\"url\":\"https:\\\/\\\/www.lenoxsawmasters.com\\\/de\\\/\",\"logo\":{\"@type\":\"ImageObject\",\"inLanguage\":\"de\",\"@id\":\"https:\\\/\\\/www.lenoxsawmasters.com\\\/de\\\/#\\\/schema\\\/logo\\\/image\\\/\",\"url\":\"https:\\\/\\\/www.lenoxsawmasters.com\\\/de\\\/wp-content\\\/uploads\\\/sites\\\/7\\\/2023\\\/05\\\/lenox-sawmasters-favicon.png\",\"contentUrl\":\"https:\\\/\\\/www.lenoxsawmasters.com\\\/de\\\/wp-content\\\/uploads\\\/sites\\\/7\\\/2023\\\/05\\\/lenox-sawmasters-favicon.png\",\"width\":522,\"height\":522,\"caption\":\"Lenoxsawmasters\"},\"image\":{\"@id\":\"https:\\\/\\\/www.lenoxsawmasters.com\\\/de\\\/#\\\/schema\\\/logo\\\/image\\\/\"}}]}<\/script>\n<!-- \/ Yoast SEO plugin. -->","yoast_head_json":{"title":"Lenox Tri-Master\u2122 - Lenox Sawmasters DE","robots":{"index":"index","follow":"follow","max-snippet":"max-snippet:-1","max-image-preview":"max-image-preview:large","max-video-preview":"max-video-preview:-1"},"canonical":"https:\/\/www.lenoxsawmasters.com\/de\/produkt\/lenox-tri-master\/","og_locale":"de_DE","og_type":"article","og_title":"Lenox Tri-Master\u2122 - Lenox Sawmasters DE","og_description":"Vielseitiges Blatt mit Hartmetallz\u00e4hnen DREIFACH PR\u00c4ZISIONSGESCHLIFFENE Z\u00c4HNE Glatte Schnitte, hervorragendes Finish VERST\u00c4RKUNG AUS HOCHWERTIGEM STAHL Die Klinge h\u00e4lt l\u00e4nger KLINGE F\u00dcR DEN UNIVERSELLEN EINSATZ Perfekt zum Schneiden einer Vielzahl von Materialien","og_url":"https:\/\/www.lenoxsawmasters.com\/de\/produkt\/lenox-tri-master\/","og_site_name":"Lenox Sawmasters DE","article_modified_time":"2024-05-10T14:16:04+00:00","og_image":[{"width":945,"height":518,"url":"https:\/\/www.lenoxsawmasters.com\/de\/wp-content\/uploads\/sites\/7\/2023\/03\/LENOX-Tri-Master-3.png","type":"image\/png"}],"twitter_card":"summary_large_image","twitter_misc":{"Gesch\u00e4tzte Lesezeit":"1\u00a0Minute"},"schema":{"@context":"https:\/\/schema.org","@graph":[{"@type":"WebPage","@id":"https:\/\/www.lenoxsawmasters.com\/de\/produkt\/lenox-tri-master\/","url":"https:\/\/www.lenoxsawmasters.com\/de\/produkt\/lenox-tri-master\/","name":"Lenox Tri-Master\u2122 - Lenox Sawmasters DE","isPartOf":{"@id":"https:\/\/www.lenoxsawmasters.com\/de\/#website"},"primaryImageOfPage":{"@id":"https:\/\/www.lenoxsawmasters.com\/de\/produkt\/lenox-tri-master\/#primaryimage"},"image":{"@id":"https:\/\/www.lenoxsawmasters.com\/de\/produkt\/lenox-tri-master\/#primaryimage"},"thumbnailUrl":"https:\/\/www.lenoxsawmasters.com\/de\/wp-content\/uploads\/sites\/7\/2023\/03\/LENOX-Tri-Master-3.png","datePublished":"2016-12-09T14:48:35+00:00","dateModified":"2024-05-10T14:16:04+00:00","breadcrumb":{"@id":"https:\/\/www.lenoxsawmasters.com\/de\/produkt\/lenox-tri-master\/#breadcrumb"},"inLanguage":"de","potentialAction":[{"@type":"ReadAction","target":["https:\/\/www.lenoxsawmasters.com\/de\/produkt\/lenox-tri-master\/"]}]},{"@type":"ImageObject","inLanguage":"de","@id":"https:\/\/www.lenoxsawmasters.com\/de\/produkt\/lenox-tri-master\/#primaryimage","url":"https:\/\/www.lenoxsawmasters.com\/de\/wp-content\/uploads\/sites\/7\/2023\/03\/LENOX-Tri-Master-3.png","contentUrl":"https:\/\/www.lenoxsawmasters.com\/de\/wp-content\/uploads\/sites\/7\/2023\/03\/LENOX-Tri-Master-3.png","width":945,"height":518},{"@type":"BreadcrumbList","@id":"https:\/\/www.lenoxsawmasters.com\/de\/produkt\/lenox-tri-master\/#breadcrumb","itemListElement":[{"@type":"ListItem","position":1,"name":"Home","item":"https:\/\/www.lenoxsawmasters.com\/de\/"},{"@type":"ListItem","position":2,"name":"Shop","item":"https:\/\/www.lenoxsawmasters.com\/de\/shop\/"},{"@type":"ListItem","position":3,"name":"Lenox Tri-Master\u2122"}]},{"@type":"WebSite","@id":"https:\/\/www.lenoxsawmasters.com\/de\/#website","url":"https:\/\/www.lenoxsawmasters.com\/de\/","name":"Lenoxsawmasters","description":"Always Hungry","publisher":{"@id":"https:\/\/www.lenoxsawmasters.com\/de\/#organization"},"alternateName":"Lenoxsawmasters","potentialAction":[{"@type":"SearchAction","target":{"@type":"EntryPoint","urlTemplate":"https:\/\/www.lenoxsawmasters.com\/de\/?s={search_term_string}"},"query-input":{"@type":"PropertyValueSpecification","valueRequired":true,"valueName":"search_term_string"}}],"inLanguage":"de"},{"@type":"Organization","@id":"https:\/\/www.lenoxsawmasters.com\/de\/#organization","name":"Lenoxsawmasters","alternateName":"Lenoxsawmasters","url":"https:\/\/www.lenoxsawmasters.com\/de\/","logo":{"@type":"ImageObject","inLanguage":"de","@id":"https:\/\/www.lenoxsawmasters.com\/de\/#\/schema\/logo\/image\/","url":"https:\/\/www.lenoxsawmasters.com\/de\/wp-content\/uploads\/sites\/7\/2023\/05\/lenox-sawmasters-favicon.png","contentUrl":"https:\/\/www.lenoxsawmasters.com\/de\/wp-content\/uploads\/sites\/7\/2023\/05\/lenox-sawmasters-favicon.png","width":522,"height":522,"caption":"Lenoxsawmasters"},"image":{"@id":"https:\/\/www.lenoxsawmasters.com\/de\/#\/schema\/logo\/image\/"}}]}},"_links":{"self":[{"href":"https:\/\/www.lenoxsawmasters.com\/de\/wp-json\/wp\/v2\/product\/343","targetHints":{"allow":["GET"]}}],"collection":[{"href":"https:\/\/www.lenoxsawmasters.com\/de\/wp-json\/wp\/v2\/product"}],"about":[{"href":"https:\/\/www.lenoxsawmasters.com\/de\/wp-json\/wp\/v2\/types\/product"}],"wp:featuredmedia":[{"embeddable":true,"href":"https:\/\/www.lenoxsawmasters.com\/de\/wp-json\/wp\/v2\/media\/344"}],"wp:attachment":[{"href":"https:\/\/www.lenoxsawmasters.com\/de\/wp-json\/wp\/v2\/media?parent=343"}],"wp:term":[{"taxonomy":"product_brand","embeddable":true,"href":"https:\/\/www.lenoxsawmasters.com\/de\/wp-json\/wp\/v2\/product_brand?post=343"},{"taxonomy":"product_cat","embeddable":true,"href":"https:\/\/www.lenoxsawmasters.com\/de\/wp-json\/wp\/v2\/product_cat?post=343"},{"taxonomy":"product_tag","embeddable":true,"href":"https:\/\/www.lenoxsawmasters.com\/de\/wp-json\/wp\/v2\/product_tag?post=343"}],"curies":[{"name":"wp","href":"https:\/\/api.w.org\/{rel}","templated":true}]}}