{"id":320,"date":"2016-12-09T13:56:08","date_gmt":"2016-12-09T12:56:08","guid":{"rendered":"https:\/\/lenoxsawmasters.kwaaidevelop.nl\/de\/product\/lenox-contestor-gt\/"},"modified":"2024-05-10T16:22:43","modified_gmt":"2024-05-10T14:22:43","slug":"lenox-contestor-gt","status":"publish","type":"product","link":"https:\/\/www.lenoxsawmasters.com\/de\/produkt\/lenox-contestor-gt\/","title":{"rendered":"Lenox Contestor GT\u2122"},"content":{"rendered":"<p><em>Hochwertige Schnitte<\/em><\/p>\n<p><strong>GERADERE SCHNITTE BEI GR\u00d6SSEREN, SCHWER ZU SCHNEIDENDEN MATERIALIEN<\/strong><br \/>\nEinzigartiges Graben-Design f\u00fcr Profilverst\u00e4rkung<\/p>\n<p><strong>OPTIMALE SPANBILDUNG BEI KALTVERFORMBAREN LEGIERUNGEN<\/strong><br \/>\nPr\u00e4zisionsgeschliffene Z\u00e4hne &#8211; glattere Zahn- und Grabenoberfl\u00e4che<br \/>\nPatentierte Spezialzahneinstellung und Profil<\/p>\n","protected":false},"excerpt":{"rendered":"<p>Hochwertige Schnitte GERADERE SCHNITTE BEI GR\u00d6SSEREN, SCHWER ZU SCHNEIDENDEN MATERIALIEN Einzigartiges Graben-Design f\u00fcr Profilverst\u00e4rkung OPTIMALE SPANBILDUNG BEI KALTVERFORMBAREN LEGIERUNGEN Pr\u00e4zisionsgeschliffene Z\u00e4hne &#8211; glattere Zahn- und Grabenoberfl\u00e4che Patentierte Spezialzahneinstellung und Profil<\/p>\n","protected":false},"featured_media":321,"template":"","meta":{"_acf_changed":false},"product_brand":[],"product_cat":[49,62],"product_tag":[],"class_list":{"0":"post-320","1":"product","2":"type-product","3":"status-publish","4":"has-post-thumbnail","6":"product_cat-bandsagen","7":"product_cat-metall","8":"pa_dicke-090-mm","9":"pa_dicke-107-mm","10":"pa_dicke-127-mm","11":"pa_dicke-160-mm","12":"pa_hoehe-27-mm","13":"pa_hoehe-34-mm","14":"pa_hoehe-41-mm","15":"pa_hoehe-54-mm","16":"pa_hoehe-67-mm","17":"pa_hoehe-80-mm","18":"pa_zaehne-pro-zoll-tpi-2-3","19":"pa_zaehne-pro-zoll-tpi-3-4","20":"pa_zaehne-pro-zoll-tpi-4-6","22":"first","23":"onbackorder","24":"taxable","25":"shipping-taxable","26":"product-type-simple"},"acf":[],"yoast_head":"<!-- This site is optimized with the Yoast SEO plugin v27.5 - https:\/\/yoast.com\/product\/yoast-seo-wordpress\/ -->\n<title>Lenox Contestor GT\u2122 - Lenox Sawmasters DE<\/title>\n<meta name=\"robots\" content=\"index, follow, max-snippet:-1, max-image-preview:large, max-video-preview:-1\" \/>\n<link rel=\"canonical\" href=\"https:\/\/www.lenoxsawmasters.com\/de\/produkt\/lenox-contestor-gt\/\" \/>\n<meta property=\"og:locale\" content=\"de_DE\" \/>\n<meta property=\"og:type\" content=\"article\" \/>\n<meta property=\"og:title\" content=\"Lenox Contestor GT\u2122 - Lenox Sawmasters DE\" \/>\n<meta property=\"og:description\" content=\"Hochwertige Schnitte GERADERE SCHNITTE BEI GR\u00d6SSEREN, SCHWER ZU SCHNEIDENDEN MATERIALIEN Einzigartiges Graben-Design f\u00fcr Profilverst\u00e4rkung OPTIMALE SPANBILDUNG BEI KALTVERFORMBAREN LEGIERUNGEN Pr\u00e4zisionsgeschliffene Z\u00e4hne &#8211; glattere Zahn- und Grabenoberfl\u00e4che Patentierte Spezialzahneinstellung und Profil\" \/>\n<meta property=\"og:url\" content=\"https:\/\/www.lenoxsawmasters.com\/de\/produkt\/lenox-contestor-gt\/\" \/>\n<meta property=\"og:site_name\" content=\"Lenox Sawmasters DE\" \/>\n<meta property=\"article:modified_time\" content=\"2024-05-10T14:22:43+00:00\" \/>\n<meta property=\"og:image\" content=\"https:\/\/www.lenoxsawmasters.com\/de\/wp-content\/uploads\/sites\/7\/2023\/03\/Contestor-GT-3.png\" \/>\n\t<meta property=\"og:image:width\" content=\"945\" \/>\n\t<meta property=\"og:image:height\" content=\"518\" \/>\n\t<meta property=\"og:image:type\" content=\"image\/png\" \/>\n<meta name=\"twitter:card\" content=\"summary_large_image\" \/>\n<meta name=\"twitter:label1\" content=\"Gesch\u00e4tzte Lesezeit\" \/>\n\t<meta name=\"twitter:data1\" content=\"1\u00a0Minute\" \/>\n<script type=\"application\/ld+json\" class=\"yoast-schema-graph\">{\"@context\":\"https:\\\/\\\/schema.org\",\"@graph\":[{\"@type\":\"WebPage\",\"@id\":\"https:\\\/\\\/www.lenoxsawmasters.com\\\/de\\\/produkt\\\/lenox-contestor-gt\\\/\",\"url\":\"https:\\\/\\\/www.lenoxsawmasters.com\\\/de\\\/produkt\\\/lenox-contestor-gt\\\/\",\"name\":\"Lenox Contestor GT\u2122 - Lenox Sawmasters DE\",\"isPartOf\":{\"@id\":\"https:\\\/\\\/www.lenoxsawmasters.com\\\/de\\\/#website\"},\"primaryImageOfPage\":{\"@id\":\"https:\\\/\\\/www.lenoxsawmasters.com\\\/de\\\/produkt\\\/lenox-contestor-gt\\\/#primaryimage\"},\"image\":{\"@id\":\"https:\\\/\\\/www.lenoxsawmasters.com\\\/de\\\/produkt\\\/lenox-contestor-gt\\\/#primaryimage\"},\"thumbnailUrl\":\"https:\\\/\\\/www.lenoxsawmasters.com\\\/de\\\/wp-content\\\/uploads\\\/sites\\\/7\\\/2023\\\/03\\\/Contestor-GT-3.png\",\"datePublished\":\"2016-12-09T12:56:08+00:00\",\"dateModified\":\"2024-05-10T14:22:43+00:00\",\"breadcrumb\":{\"@id\":\"https:\\\/\\\/www.lenoxsawmasters.com\\\/de\\\/produkt\\\/lenox-contestor-gt\\\/#breadcrumb\"},\"inLanguage\":\"de\",\"potentialAction\":[{\"@type\":\"ReadAction\",\"target\":[\"https:\\\/\\\/www.lenoxsawmasters.com\\\/de\\\/produkt\\\/lenox-contestor-gt\\\/\"]}]},{\"@type\":\"ImageObject\",\"inLanguage\":\"de\",\"@id\":\"https:\\\/\\\/www.lenoxsawmasters.com\\\/de\\\/produkt\\\/lenox-contestor-gt\\\/#primaryimage\",\"url\":\"https:\\\/\\\/www.lenoxsawmasters.com\\\/de\\\/wp-content\\\/uploads\\\/sites\\\/7\\\/2023\\\/03\\\/Contestor-GT-3.png\",\"contentUrl\":\"https:\\\/\\\/www.lenoxsawmasters.com\\\/de\\\/wp-content\\\/uploads\\\/sites\\\/7\\\/2023\\\/03\\\/Contestor-GT-3.png\",\"width\":945,\"height\":518},{\"@type\":\"BreadcrumbList\",\"@id\":\"https:\\\/\\\/www.lenoxsawmasters.com\\\/de\\\/produkt\\\/lenox-contestor-gt\\\/#breadcrumb\",\"itemListElement\":[{\"@type\":\"ListItem\",\"position\":1,\"name\":\"Home\",\"item\":\"https:\\\/\\\/www.lenoxsawmasters.com\\\/de\\\/\"},{\"@type\":\"ListItem\",\"position\":2,\"name\":\"Shop\",\"item\":\"https:\\\/\\\/www.lenoxsawmasters.com\\\/de\\\/shop\\\/\"},{\"@type\":\"ListItem\",\"position\":3,\"name\":\"Lenox Contestor GT\u2122\"}]},{\"@type\":\"WebSite\",\"@id\":\"https:\\\/\\\/www.lenoxsawmasters.com\\\/de\\\/#website\",\"url\":\"https:\\\/\\\/www.lenoxsawmasters.com\\\/de\\\/\",\"name\":\"Lenoxsawmasters\",\"description\":\"Always Hungry\",\"publisher\":{\"@id\":\"https:\\\/\\\/www.lenoxsawmasters.com\\\/de\\\/#organization\"},\"alternateName\":\"Lenoxsawmasters\",\"potentialAction\":[{\"@type\":\"SearchAction\",\"target\":{\"@type\":\"EntryPoint\",\"urlTemplate\":\"https:\\\/\\\/www.lenoxsawmasters.com\\\/de\\\/?s={search_term_string}\"},\"query-input\":{\"@type\":\"PropertyValueSpecification\",\"valueRequired\":true,\"valueName\":\"search_term_string\"}}],\"inLanguage\":\"de\"},{\"@type\":\"Organization\",\"@id\":\"https:\\\/\\\/www.lenoxsawmasters.com\\\/de\\\/#organization\",\"name\":\"Lenoxsawmasters\",\"alternateName\":\"Lenoxsawmasters\",\"url\":\"https:\\\/\\\/www.lenoxsawmasters.com\\\/de\\\/\",\"logo\":{\"@type\":\"ImageObject\",\"inLanguage\":\"de\",\"@id\":\"https:\\\/\\\/www.lenoxsawmasters.com\\\/de\\\/#\\\/schema\\\/logo\\\/image\\\/\",\"url\":\"https:\\\/\\\/www.lenoxsawmasters.com\\\/de\\\/wp-content\\\/uploads\\\/sites\\\/7\\\/2023\\\/05\\\/lenox-sawmasters-favicon.png\",\"contentUrl\":\"https:\\\/\\\/www.lenoxsawmasters.com\\\/de\\\/wp-content\\\/uploads\\\/sites\\\/7\\\/2023\\\/05\\\/lenox-sawmasters-favicon.png\",\"width\":522,\"height\":522,\"caption\":\"Lenoxsawmasters\"},\"image\":{\"@id\":\"https:\\\/\\\/www.lenoxsawmasters.com\\\/de\\\/#\\\/schema\\\/logo\\\/image\\\/\"}}]}<\/script>\n<!-- \/ Yoast SEO plugin. -->","yoast_head_json":{"title":"Lenox Contestor GT\u2122 - Lenox Sawmasters DE","robots":{"index":"index","follow":"follow","max-snippet":"max-snippet:-1","max-image-preview":"max-image-preview:large","max-video-preview":"max-video-preview:-1"},"canonical":"https:\/\/www.lenoxsawmasters.com\/de\/produkt\/lenox-contestor-gt\/","og_locale":"de_DE","og_type":"article","og_title":"Lenox Contestor GT\u2122 - Lenox Sawmasters DE","og_description":"Hochwertige Schnitte GERADERE SCHNITTE BEI GR\u00d6SSEREN, SCHWER ZU SCHNEIDENDEN MATERIALIEN Einzigartiges Graben-Design f\u00fcr Profilverst\u00e4rkung OPTIMALE SPANBILDUNG BEI KALTVERFORMBAREN LEGIERUNGEN Pr\u00e4zisionsgeschliffene Z\u00e4hne &#8211; glattere Zahn- und Grabenoberfl\u00e4che Patentierte Spezialzahneinstellung und Profil","og_url":"https:\/\/www.lenoxsawmasters.com\/de\/produkt\/lenox-contestor-gt\/","og_site_name":"Lenox Sawmasters DE","article_modified_time":"2024-05-10T14:22:43+00:00","og_image":[{"width":945,"height":518,"url":"https:\/\/www.lenoxsawmasters.com\/de\/wp-content\/uploads\/sites\/7\/2023\/03\/Contestor-GT-3.png","type":"image\/png"}],"twitter_card":"summary_large_image","twitter_misc":{"Gesch\u00e4tzte Lesezeit":"1\u00a0Minute"},"schema":{"@context":"https:\/\/schema.org","@graph":[{"@type":"WebPage","@id":"https:\/\/www.lenoxsawmasters.com\/de\/produkt\/lenox-contestor-gt\/","url":"https:\/\/www.lenoxsawmasters.com\/de\/produkt\/lenox-contestor-gt\/","name":"Lenox Contestor GT\u2122 - Lenox Sawmasters DE","isPartOf":{"@id":"https:\/\/www.lenoxsawmasters.com\/de\/#website"},"primaryImageOfPage":{"@id":"https:\/\/www.lenoxsawmasters.com\/de\/produkt\/lenox-contestor-gt\/#primaryimage"},"image":{"@id":"https:\/\/www.lenoxsawmasters.com\/de\/produkt\/lenox-contestor-gt\/#primaryimage"},"thumbnailUrl":"https:\/\/www.lenoxsawmasters.com\/de\/wp-content\/uploads\/sites\/7\/2023\/03\/Contestor-GT-3.png","datePublished":"2016-12-09T12:56:08+00:00","dateModified":"2024-05-10T14:22:43+00:00","breadcrumb":{"@id":"https:\/\/www.lenoxsawmasters.com\/de\/produkt\/lenox-contestor-gt\/#breadcrumb"},"inLanguage":"de","potentialAction":[{"@type":"ReadAction","target":["https:\/\/www.lenoxsawmasters.com\/de\/produkt\/lenox-contestor-gt\/"]}]},{"@type":"ImageObject","inLanguage":"de","@id":"https:\/\/www.lenoxsawmasters.com\/de\/produkt\/lenox-contestor-gt\/#primaryimage","url":"https:\/\/www.lenoxsawmasters.com\/de\/wp-content\/uploads\/sites\/7\/2023\/03\/Contestor-GT-3.png","contentUrl":"https:\/\/www.lenoxsawmasters.com\/de\/wp-content\/uploads\/sites\/7\/2023\/03\/Contestor-GT-3.png","width":945,"height":518},{"@type":"BreadcrumbList","@id":"https:\/\/www.lenoxsawmasters.com\/de\/produkt\/lenox-contestor-gt\/#breadcrumb","itemListElement":[{"@type":"ListItem","position":1,"name":"Home","item":"https:\/\/www.lenoxsawmasters.com\/de\/"},{"@type":"ListItem","position":2,"name":"Shop","item":"https:\/\/www.lenoxsawmasters.com\/de\/shop\/"},{"@type":"ListItem","position":3,"name":"Lenox Contestor GT\u2122"}]},{"@type":"WebSite","@id":"https:\/\/www.lenoxsawmasters.com\/de\/#website","url":"https:\/\/www.lenoxsawmasters.com\/de\/","name":"Lenoxsawmasters","description":"Always Hungry","publisher":{"@id":"https:\/\/www.lenoxsawmasters.com\/de\/#organization"},"alternateName":"Lenoxsawmasters","potentialAction":[{"@type":"SearchAction","target":{"@type":"EntryPoint","urlTemplate":"https:\/\/www.lenoxsawmasters.com\/de\/?s={search_term_string}"},"query-input":{"@type":"PropertyValueSpecification","valueRequired":true,"valueName":"search_term_string"}}],"inLanguage":"de"},{"@type":"Organization","@id":"https:\/\/www.lenoxsawmasters.com\/de\/#organization","name":"Lenoxsawmasters","alternateName":"Lenoxsawmasters","url":"https:\/\/www.lenoxsawmasters.com\/de\/","logo":{"@type":"ImageObject","inLanguage":"de","@id":"https:\/\/www.lenoxsawmasters.com\/de\/#\/schema\/logo\/image\/","url":"https:\/\/www.lenoxsawmasters.com\/de\/wp-content\/uploads\/sites\/7\/2023\/05\/lenox-sawmasters-favicon.png","contentUrl":"https:\/\/www.lenoxsawmasters.com\/de\/wp-content\/uploads\/sites\/7\/2023\/05\/lenox-sawmasters-favicon.png","width":522,"height":522,"caption":"Lenoxsawmasters"},"image":{"@id":"https:\/\/www.lenoxsawmasters.com\/de\/#\/schema\/logo\/image\/"}}]}},"_links":{"self":[{"href":"https:\/\/www.lenoxsawmasters.com\/de\/wp-json\/wp\/v2\/product\/320","targetHints":{"allow":["GET"]}}],"collection":[{"href":"https:\/\/www.lenoxsawmasters.com\/de\/wp-json\/wp\/v2\/product"}],"about":[{"href":"https:\/\/www.lenoxsawmasters.com\/de\/wp-json\/wp\/v2\/types\/product"}],"wp:featuredmedia":[{"embeddable":true,"href":"https:\/\/www.lenoxsawmasters.com\/de\/wp-json\/wp\/v2\/media\/321"}],"wp:attachment":[{"href":"https:\/\/www.lenoxsawmasters.com\/de\/wp-json\/wp\/v2\/media?parent=320"}],"wp:term":[{"taxonomy":"product_brand","embeddable":true,"href":"https:\/\/www.lenoxsawmasters.com\/de\/wp-json\/wp\/v2\/product_brand?post=320"},{"taxonomy":"product_cat","embeddable":true,"href":"https:\/\/www.lenoxsawmasters.com\/de\/wp-json\/wp\/v2\/product_cat?post=320"},{"taxonomy":"product_tag","embeddable":true,"href":"https:\/\/www.lenoxsawmasters.com\/de\/wp-json\/wp\/v2\/product_tag?post=320"}],"curies":[{"name":"wp","href":"https:\/\/api.w.org\/{rel}","templated":true}]}}