{"id":316,"date":"2016-12-09T13:27:05","date_gmt":"2016-12-09T12:27:05","guid":{"rendered":"https:\/\/lenoxsawmasters.kwaaidevelop.nl\/de\/product\/lenox-qxp\/"},"modified":"2024-05-10T16:23:19","modified_gmt":"2024-05-10T14:23:19","slug":"lenox-qxp","status":"publish","type":"product","link":"https:\/\/www.lenoxsawmasters.com\/de\/produkt\/lenox-qxp\/","title":{"rendered":"Lenox QXP\u2122"},"content":{"rendered":"<p><em>Lange Lebensdauer der Klinge bei hohen Schnittgeschwindigkeiten<\/em><\/p>\n<p><strong>LANGE LEBENSDAUER. SCHNELLES S\u00c4GEN<\/strong><br \/>\nSolide Teile mit leichter bis mittlerer Bearbeitbarkeit<br \/>\nPatentierte Tr\u00e4gerstahlpr\u00e4paration sorgt f\u00fcr erh\u00f6hte Erm\u00fcdungsfestigkeit<\/p>\n<p><strong>DRINGT MIT WENIGER VORSCHUBKRAFT EIN<\/strong><br \/>\nExtrem positive Spanwinkelzahnform<\/p>\n<p><strong>ERH\u00d6HTE SCHNITTGESCHWINDIGKEITEN<\/strong><br \/>\nTiefes Graben-Design<\/p>\n","protected":false},"excerpt":{"rendered":"<p>Lange Lebensdauer der Klinge bei hohen Schnittgeschwindigkeiten LANGE LEBENSDAUER. SCHNELLES S\u00c4GEN Solide Teile mit leichter bis mittlerer Bearbeitbarkeit Patentierte Tr\u00e4gerstahlpr\u00e4paration sorgt f\u00fcr erh\u00f6hte Erm\u00fcdungsfestigkeit DRINGT MIT WENIGER VORSCHUBKRAFT EIN Extrem positive Spanwinkelzahnform ERH\u00d6HTE SCHNITTGESCHWINDIGKEITEN Tiefes Graben-Design<\/p>\n","protected":false},"featured_media":317,"template":"","meta":{"_acf_changed":false},"product_brand":[],"product_cat":[49,62],"product_tag":[],"class_list":{"0":"post-316","1":"product","2":"type-product","3":"status-publish","4":"has-post-thumbnail","6":"product_cat-bandsagen","7":"product_cat-metall","8":"pa_dicke-090-mm","9":"pa_dicke-107-mm","10":"pa_dicke-127-mm","11":"pa_dicke-160-mm","12":"pa_hoehe-19-mm","13":"pa_hoehe-27-mm","14":"pa_hoehe-34-mm","15":"pa_hoehe-41-mm","16":"pa_hoehe-54-mm","17":"pa_hoehe-67-mm","18":"pa_hoehe-80-mm","19":"pa_zaehne-pro-zoll-tpi-2-3","20":"pa_zaehne-pro-zoll-tpi-3-4","21":"pa_zaehne-pro-zoll-tpi-4-6","22":"pa_zaehne-pro-zoll-tpi-5-8","24":"first","25":"onbackorder","26":"featured","27":"taxable","28":"shipping-taxable","29":"product-type-simple"},"acf":[],"yoast_head":"<!-- This site is optimized with the Yoast SEO plugin v27.5 - https:\/\/yoast.com\/product\/yoast-seo-wordpress\/ -->\n<title>Lenox QXP\u2122 - Lenox Sawmasters DE<\/title>\n<meta name=\"robots\" content=\"index, follow, max-snippet:-1, max-image-preview:large, max-video-preview:-1\" \/>\n<link rel=\"canonical\" href=\"https:\/\/www.lenoxsawmasters.com\/de\/produkt\/lenox-qxp\/\" \/>\n<meta property=\"og:locale\" content=\"de_DE\" \/>\n<meta property=\"og:type\" content=\"article\" \/>\n<meta property=\"og:title\" content=\"Lenox QXP\u2122 - Lenox Sawmasters DE\" \/>\n<meta property=\"og:description\" content=\"Lange Lebensdauer der Klinge bei hohen Schnittgeschwindigkeiten LANGE LEBENSDAUER. SCHNELLES S\u00c4GEN Solide Teile mit leichter bis mittlerer Bearbeitbarkeit Patentierte Tr\u00e4gerstahlpr\u00e4paration sorgt f\u00fcr erh\u00f6hte Erm\u00fcdungsfestigkeit DRINGT MIT WENIGER VORSCHUBKRAFT EIN Extrem positive Spanwinkelzahnform ERH\u00d6HTE SCHNITTGESCHWINDIGKEITEN Tiefes Graben-Design\" \/>\n<meta property=\"og:url\" content=\"https:\/\/www.lenoxsawmasters.com\/de\/produkt\/lenox-qxp\/\" \/>\n<meta property=\"og:site_name\" content=\"Lenox Sawmasters DE\" \/>\n<meta property=\"article:modified_time\" content=\"2024-05-10T14:23:19+00:00\" \/>\n<meta property=\"og:image\" content=\"https:\/\/www.lenoxsawmasters.com\/de\/wp-content\/uploads\/sites\/7\/2023\/03\/Qxp-2.png\" \/>\n\t<meta property=\"og:image:width\" content=\"945\" \/>\n\t<meta property=\"og:image:height\" content=\"518\" \/>\n\t<meta property=\"og:image:type\" content=\"image\/png\" \/>\n<meta name=\"twitter:card\" content=\"summary_large_image\" \/>\n<meta name=\"twitter:label1\" content=\"Gesch\u00e4tzte Lesezeit\" \/>\n\t<meta name=\"twitter:data1\" content=\"1\u00a0Minute\" \/>\n<script type=\"application\/ld+json\" class=\"yoast-schema-graph\">{\"@context\":\"https:\\\/\\\/schema.org\",\"@graph\":[{\"@type\":\"WebPage\",\"@id\":\"https:\\\/\\\/www.lenoxsawmasters.com\\\/de\\\/produkt\\\/lenox-qxp\\\/\",\"url\":\"https:\\\/\\\/www.lenoxsawmasters.com\\\/de\\\/produkt\\\/lenox-qxp\\\/\",\"name\":\"Lenox QXP\u2122 - Lenox Sawmasters DE\",\"isPartOf\":{\"@id\":\"https:\\\/\\\/www.lenoxsawmasters.com\\\/de\\\/#website\"},\"primaryImageOfPage\":{\"@id\":\"https:\\\/\\\/www.lenoxsawmasters.com\\\/de\\\/produkt\\\/lenox-qxp\\\/#primaryimage\"},\"image\":{\"@id\":\"https:\\\/\\\/www.lenoxsawmasters.com\\\/de\\\/produkt\\\/lenox-qxp\\\/#primaryimage\"},\"thumbnailUrl\":\"https:\\\/\\\/www.lenoxsawmasters.com\\\/de\\\/wp-content\\\/uploads\\\/sites\\\/7\\\/2023\\\/03\\\/Qxp-2.png\",\"datePublished\":\"2016-12-09T12:27:05+00:00\",\"dateModified\":\"2024-05-10T14:23:19+00:00\",\"breadcrumb\":{\"@id\":\"https:\\\/\\\/www.lenoxsawmasters.com\\\/de\\\/produkt\\\/lenox-qxp\\\/#breadcrumb\"},\"inLanguage\":\"de\",\"potentialAction\":[{\"@type\":\"ReadAction\",\"target\":[\"https:\\\/\\\/www.lenoxsawmasters.com\\\/de\\\/produkt\\\/lenox-qxp\\\/\"]}]},{\"@type\":\"ImageObject\",\"inLanguage\":\"de\",\"@id\":\"https:\\\/\\\/www.lenoxsawmasters.com\\\/de\\\/produkt\\\/lenox-qxp\\\/#primaryimage\",\"url\":\"https:\\\/\\\/www.lenoxsawmasters.com\\\/de\\\/wp-content\\\/uploads\\\/sites\\\/7\\\/2023\\\/03\\\/Qxp-2.png\",\"contentUrl\":\"https:\\\/\\\/www.lenoxsawmasters.com\\\/de\\\/wp-content\\\/uploads\\\/sites\\\/7\\\/2023\\\/03\\\/Qxp-2.png\",\"width\":945,\"height\":518},{\"@type\":\"BreadcrumbList\",\"@id\":\"https:\\\/\\\/www.lenoxsawmasters.com\\\/de\\\/produkt\\\/lenox-qxp\\\/#breadcrumb\",\"itemListElement\":[{\"@type\":\"ListItem\",\"position\":1,\"name\":\"Home\",\"item\":\"https:\\\/\\\/www.lenoxsawmasters.com\\\/de\\\/\"},{\"@type\":\"ListItem\",\"position\":2,\"name\":\"Shop\",\"item\":\"https:\\\/\\\/www.lenoxsawmasters.com\\\/de\\\/shop\\\/\"},{\"@type\":\"ListItem\",\"position\":3,\"name\":\"Lenox QXP\u2122\"}]},{\"@type\":\"WebSite\",\"@id\":\"https:\\\/\\\/www.lenoxsawmasters.com\\\/de\\\/#website\",\"url\":\"https:\\\/\\\/www.lenoxsawmasters.com\\\/de\\\/\",\"name\":\"Lenoxsawmasters\",\"description\":\"Always Hungry\",\"publisher\":{\"@id\":\"https:\\\/\\\/www.lenoxsawmasters.com\\\/de\\\/#organization\"},\"alternateName\":\"Lenoxsawmasters\",\"potentialAction\":[{\"@type\":\"SearchAction\",\"target\":{\"@type\":\"EntryPoint\",\"urlTemplate\":\"https:\\\/\\\/www.lenoxsawmasters.com\\\/de\\\/?s={search_term_string}\"},\"query-input\":{\"@type\":\"PropertyValueSpecification\",\"valueRequired\":true,\"valueName\":\"search_term_string\"}}],\"inLanguage\":\"de\"},{\"@type\":\"Organization\",\"@id\":\"https:\\\/\\\/www.lenoxsawmasters.com\\\/de\\\/#organization\",\"name\":\"Lenoxsawmasters\",\"alternateName\":\"Lenoxsawmasters\",\"url\":\"https:\\\/\\\/www.lenoxsawmasters.com\\\/de\\\/\",\"logo\":{\"@type\":\"ImageObject\",\"inLanguage\":\"de\",\"@id\":\"https:\\\/\\\/www.lenoxsawmasters.com\\\/de\\\/#\\\/schema\\\/logo\\\/image\\\/\",\"url\":\"https:\\\/\\\/www.lenoxsawmasters.com\\\/de\\\/wp-content\\\/uploads\\\/sites\\\/7\\\/2023\\\/05\\\/lenox-sawmasters-favicon.png\",\"contentUrl\":\"https:\\\/\\\/www.lenoxsawmasters.com\\\/de\\\/wp-content\\\/uploads\\\/sites\\\/7\\\/2023\\\/05\\\/lenox-sawmasters-favicon.png\",\"width\":522,\"height\":522,\"caption\":\"Lenoxsawmasters\"},\"image\":{\"@id\":\"https:\\\/\\\/www.lenoxsawmasters.com\\\/de\\\/#\\\/schema\\\/logo\\\/image\\\/\"}}]}<\/script>\n<!-- \/ Yoast SEO plugin. -->","yoast_head_json":{"title":"Lenox QXP\u2122 - Lenox Sawmasters DE","robots":{"index":"index","follow":"follow","max-snippet":"max-snippet:-1","max-image-preview":"max-image-preview:large","max-video-preview":"max-video-preview:-1"},"canonical":"https:\/\/www.lenoxsawmasters.com\/de\/produkt\/lenox-qxp\/","og_locale":"de_DE","og_type":"article","og_title":"Lenox QXP\u2122 - Lenox Sawmasters DE","og_description":"Lange Lebensdauer der Klinge bei hohen Schnittgeschwindigkeiten LANGE LEBENSDAUER. SCHNELLES S\u00c4GEN Solide Teile mit leichter bis mittlerer Bearbeitbarkeit Patentierte Tr\u00e4gerstahlpr\u00e4paration sorgt f\u00fcr erh\u00f6hte Erm\u00fcdungsfestigkeit DRINGT MIT WENIGER VORSCHUBKRAFT EIN Extrem positive Spanwinkelzahnform ERH\u00d6HTE SCHNITTGESCHWINDIGKEITEN Tiefes Graben-Design","og_url":"https:\/\/www.lenoxsawmasters.com\/de\/produkt\/lenox-qxp\/","og_site_name":"Lenox Sawmasters DE","article_modified_time":"2024-05-10T14:23:19+00:00","og_image":[{"width":945,"height":518,"url":"https:\/\/www.lenoxsawmasters.com\/de\/wp-content\/uploads\/sites\/7\/2023\/03\/Qxp-2.png","type":"image\/png"}],"twitter_card":"summary_large_image","twitter_misc":{"Gesch\u00e4tzte Lesezeit":"1\u00a0Minute"},"schema":{"@context":"https:\/\/schema.org","@graph":[{"@type":"WebPage","@id":"https:\/\/www.lenoxsawmasters.com\/de\/produkt\/lenox-qxp\/","url":"https:\/\/www.lenoxsawmasters.com\/de\/produkt\/lenox-qxp\/","name":"Lenox QXP\u2122 - Lenox Sawmasters DE","isPartOf":{"@id":"https:\/\/www.lenoxsawmasters.com\/de\/#website"},"primaryImageOfPage":{"@id":"https:\/\/www.lenoxsawmasters.com\/de\/produkt\/lenox-qxp\/#primaryimage"},"image":{"@id":"https:\/\/www.lenoxsawmasters.com\/de\/produkt\/lenox-qxp\/#primaryimage"},"thumbnailUrl":"https:\/\/www.lenoxsawmasters.com\/de\/wp-content\/uploads\/sites\/7\/2023\/03\/Qxp-2.png","datePublished":"2016-12-09T12:27:05+00:00","dateModified":"2024-05-10T14:23:19+00:00","breadcrumb":{"@id":"https:\/\/www.lenoxsawmasters.com\/de\/produkt\/lenox-qxp\/#breadcrumb"},"inLanguage":"de","potentialAction":[{"@type":"ReadAction","target":["https:\/\/www.lenoxsawmasters.com\/de\/produkt\/lenox-qxp\/"]}]},{"@type":"ImageObject","inLanguage":"de","@id":"https:\/\/www.lenoxsawmasters.com\/de\/produkt\/lenox-qxp\/#primaryimage","url":"https:\/\/www.lenoxsawmasters.com\/de\/wp-content\/uploads\/sites\/7\/2023\/03\/Qxp-2.png","contentUrl":"https:\/\/www.lenoxsawmasters.com\/de\/wp-content\/uploads\/sites\/7\/2023\/03\/Qxp-2.png","width":945,"height":518},{"@type":"BreadcrumbList","@id":"https:\/\/www.lenoxsawmasters.com\/de\/produkt\/lenox-qxp\/#breadcrumb","itemListElement":[{"@type":"ListItem","position":1,"name":"Home","item":"https:\/\/www.lenoxsawmasters.com\/de\/"},{"@type":"ListItem","position":2,"name":"Shop","item":"https:\/\/www.lenoxsawmasters.com\/de\/shop\/"},{"@type":"ListItem","position":3,"name":"Lenox QXP\u2122"}]},{"@type":"WebSite","@id":"https:\/\/www.lenoxsawmasters.com\/de\/#website","url":"https:\/\/www.lenoxsawmasters.com\/de\/","name":"Lenoxsawmasters","description":"Always Hungry","publisher":{"@id":"https:\/\/www.lenoxsawmasters.com\/de\/#organization"},"alternateName":"Lenoxsawmasters","potentialAction":[{"@type":"SearchAction","target":{"@type":"EntryPoint","urlTemplate":"https:\/\/www.lenoxsawmasters.com\/de\/?s={search_term_string}"},"query-input":{"@type":"PropertyValueSpecification","valueRequired":true,"valueName":"search_term_string"}}],"inLanguage":"de"},{"@type":"Organization","@id":"https:\/\/www.lenoxsawmasters.com\/de\/#organization","name":"Lenoxsawmasters","alternateName":"Lenoxsawmasters","url":"https:\/\/www.lenoxsawmasters.com\/de\/","logo":{"@type":"ImageObject","inLanguage":"de","@id":"https:\/\/www.lenoxsawmasters.com\/de\/#\/schema\/logo\/image\/","url":"https:\/\/www.lenoxsawmasters.com\/de\/wp-content\/uploads\/sites\/7\/2023\/05\/lenox-sawmasters-favicon.png","contentUrl":"https:\/\/www.lenoxsawmasters.com\/de\/wp-content\/uploads\/sites\/7\/2023\/05\/lenox-sawmasters-favicon.png","width":522,"height":522,"caption":"Lenoxsawmasters"},"image":{"@id":"https:\/\/www.lenoxsawmasters.com\/de\/#\/schema\/logo\/image\/"}}]}},"_links":{"self":[{"href":"https:\/\/www.lenoxsawmasters.com\/de\/wp-json\/wp\/v2\/product\/316","targetHints":{"allow":["GET"]}}],"collection":[{"href":"https:\/\/www.lenoxsawmasters.com\/de\/wp-json\/wp\/v2\/product"}],"about":[{"href":"https:\/\/www.lenoxsawmasters.com\/de\/wp-json\/wp\/v2\/types\/product"}],"wp:featuredmedia":[{"embeddable":true,"href":"https:\/\/www.lenoxsawmasters.com\/de\/wp-json\/wp\/v2\/media\/317"}],"wp:attachment":[{"href":"https:\/\/www.lenoxsawmasters.com\/de\/wp-json\/wp\/v2\/media?parent=316"}],"wp:term":[{"taxonomy":"product_brand","embeddable":true,"href":"https:\/\/www.lenoxsawmasters.com\/de\/wp-json\/wp\/v2\/product_brand?post=316"},{"taxonomy":"product_cat","embeddable":true,"href":"https:\/\/www.lenoxsawmasters.com\/de\/wp-json\/wp\/v2\/product_cat?post=316"},{"taxonomy":"product_tag","embeddable":true,"href":"https:\/\/www.lenoxsawmasters.com\/de\/wp-json\/wp\/v2\/product_tag?post=316"}],"curies":[{"name":"wp","href":"https:\/\/api.w.org\/{rel}","templated":true}]}}