{"id":311,"date":"2016-12-09T13:07:52","date_gmt":"2016-12-09T12:07:52","guid":{"rendered":"https:\/\/lenoxsawmasters.kwaaidevelop.nl\/de\/product\/lenox-armor-rx\/"},"modified":"2024-05-10T16:24:06","modified_gmt":"2024-05-10T14:24:06","slug":"lenox-armor-rx","status":"publish","type":"product","link":"https:\/\/www.lenoxsawmasters.com\/de\/produkt\/lenox-armor-rx\/","title":{"rendered":"Lenox Armor\u2122 RX+\u00ae"},"content":{"rendered":"<p><em>Auf Langlebigkeit ausgelegt<\/em><\/p>\n<p><strong>AlTiN-BESCHICHTUNG F\u00dcR PRODUKTIVIT\u00c4T UND LANGE LEBENSDAUER DER KLINGE<\/strong><br \/>\nDie Kombination aus Aluminium, Titan und Stickstoff bildet eine harte und z\u00e4he Beschichtung, die jeden Zahn durch eine Verst\u00e4rkungsbarriere vor Hitze und Verschlei\u00df sch\u00fctzt.<\/p>\n<p><strong>EINZIGARTIGES, PATENTIERTES ZAHNPROFIL<\/strong><br \/>\nSpezielle, verst\u00e4rkte Zahnkonstruktion f\u00fcr weniger Zahnausbr\u00fcche bei h\u00f6heren Vorschubgeschwindigkeiten<br \/>\nMinimierte Oberschwingungen und Vibrationen<br \/>\nLeises Schneiden<\/p>\n<p><strong>HOCHWERTIGE STAHLVERST\u00c4RKUNG<\/strong><br \/>\nF\u00fcr eine l\u00e4ngere Lebensdauer<\/p>\n","protected":false},"excerpt":{"rendered":"<p>Auf Langlebigkeit ausgelegt AlTiN-BESCHICHTUNG F\u00dcR PRODUKTIVIT\u00c4T UND LANGE LEBENSDAUER DER KLINGE Die Kombination aus Aluminium, Titan und Stickstoff bildet eine harte und z\u00e4he Beschichtung, die jeden Zahn durch eine Verst\u00e4rkungsbarriere vor Hitze und Verschlei\u00df sch\u00fctzt. EINZIGARTIGES, PATENTIERTES ZAHNPROFIL Spezielle, verst\u00e4rkte Zahnkonstruktion f\u00fcr weniger Zahnausbr\u00fcche bei h\u00f6heren Vorschubgeschwindigkeiten Minimierte Oberschwingungen und Vibrationen Leises Schneiden HOCHWERTIGE STAHLVERST\u00c4RKUNG [&hellip;]<\/p>\n","protected":false},"featured_media":312,"template":"","meta":{"_acf_changed":false},"product_brand":[],"product_cat":[49,62],"product_tag":[],"class_list":{"0":"post-311","1":"product","2":"type-product","3":"status-publish","4":"has-post-thumbnail","6":"product_cat-bandsagen","7":"product_cat-metall","8":"pa_dicke-107-mm","9":"pa_dicke-127-mm","10":"pa_dicke-160-mm","11":"pa_hoehe-34-mm","12":"pa_hoehe-41-mm","13":"pa_hoehe-54-mm","14":"pa_zaehne-pro-zoll-tpi-2-3","15":"pa_zaehne-pro-zoll-tpi-3-4","16":"pa_zaehne-pro-zoll-tpi-4-6","18":"first","19":"onbackorder","20":"taxable","21":"shipping-taxable","22":"product-type-simple"},"acf":[],"yoast_head":"<!-- This site is optimized with the Yoast SEO plugin v27.5 - https:\/\/yoast.com\/product\/yoast-seo-wordpress\/ -->\n<title>Lenox Armor\u2122 RX+\u00ae - Lenox Sawmasters DE<\/title>\n<meta name=\"robots\" content=\"index, follow, max-snippet:-1, max-image-preview:large, max-video-preview:-1\" \/>\n<link rel=\"canonical\" href=\"https:\/\/www.lenoxsawmasters.com\/de\/produkt\/lenox-armor-rx\/\" \/>\n<meta property=\"og:locale\" content=\"de_DE\" \/>\n<meta property=\"og:type\" content=\"article\" \/>\n<meta property=\"og:title\" content=\"Lenox Armor\u2122 RX+\u00ae - Lenox Sawmasters DE\" \/>\n<meta property=\"og:description\" content=\"Auf Langlebigkeit ausgelegt AlTiN-BESCHICHTUNG F\u00dcR PRODUKTIVIT\u00c4T UND LANGE LEBENSDAUER DER KLINGE Die Kombination aus Aluminium, Titan und Stickstoff bildet eine harte und z\u00e4he Beschichtung, die jeden Zahn durch eine Verst\u00e4rkungsbarriere vor Hitze und Verschlei\u00df sch\u00fctzt. EINZIGARTIGES, PATENTIERTES ZAHNPROFIL Spezielle, verst\u00e4rkte Zahnkonstruktion f\u00fcr weniger Zahnausbr\u00fcche bei h\u00f6heren Vorschubgeschwindigkeiten Minimierte Oberschwingungen und Vibrationen Leises Schneiden HOCHWERTIGE STAHLVERST\u00c4RKUNG [&hellip;]\" \/>\n<meta property=\"og:url\" content=\"https:\/\/www.lenoxsawmasters.com\/de\/produkt\/lenox-armor-rx\/\" \/>\n<meta property=\"og:site_name\" content=\"Lenox Sawmasters DE\" \/>\n<meta property=\"article:modified_time\" content=\"2024-05-10T14:24:06+00:00\" \/>\n<meta property=\"og:image\" content=\"https:\/\/www.lenoxsawmasters.com\/de\/wp-content\/uploads\/sites\/7\/2023\/03\/Armor-RX-3.png\" \/>\n\t<meta property=\"og:image:width\" content=\"945\" \/>\n\t<meta property=\"og:image:height\" content=\"518\" \/>\n\t<meta property=\"og:image:type\" content=\"image\/png\" \/>\n<meta name=\"twitter:card\" content=\"summary_large_image\" \/>\n<meta name=\"twitter:label1\" content=\"Gesch\u00e4tzte Lesezeit\" \/>\n\t<meta name=\"twitter:data1\" content=\"1\u00a0Minute\" \/>\n<script type=\"application\/ld+json\" class=\"yoast-schema-graph\">{\"@context\":\"https:\\\/\\\/schema.org\",\"@graph\":[{\"@type\":\"WebPage\",\"@id\":\"https:\\\/\\\/www.lenoxsawmasters.com\\\/de\\\/produkt\\\/lenox-armor-rx\\\/\",\"url\":\"https:\\\/\\\/www.lenoxsawmasters.com\\\/de\\\/produkt\\\/lenox-armor-rx\\\/\",\"name\":\"Lenox Armor\u2122 RX+\u00ae - Lenox Sawmasters DE\",\"isPartOf\":{\"@id\":\"https:\\\/\\\/www.lenoxsawmasters.com\\\/de\\\/#website\"},\"primaryImageOfPage\":{\"@id\":\"https:\\\/\\\/www.lenoxsawmasters.com\\\/de\\\/produkt\\\/lenox-armor-rx\\\/#primaryimage\"},\"image\":{\"@id\":\"https:\\\/\\\/www.lenoxsawmasters.com\\\/de\\\/produkt\\\/lenox-armor-rx\\\/#primaryimage\"},\"thumbnailUrl\":\"https:\\\/\\\/www.lenoxsawmasters.com\\\/de\\\/wp-content\\\/uploads\\\/sites\\\/7\\\/2023\\\/03\\\/Armor-RX-3.png\",\"datePublished\":\"2016-12-09T12:07:52+00:00\",\"dateModified\":\"2024-05-10T14:24:06+00:00\",\"breadcrumb\":{\"@id\":\"https:\\\/\\\/www.lenoxsawmasters.com\\\/de\\\/produkt\\\/lenox-armor-rx\\\/#breadcrumb\"},\"inLanguage\":\"de\",\"potentialAction\":[{\"@type\":\"ReadAction\",\"target\":[\"https:\\\/\\\/www.lenoxsawmasters.com\\\/de\\\/produkt\\\/lenox-armor-rx\\\/\"]}]},{\"@type\":\"ImageObject\",\"inLanguage\":\"de\",\"@id\":\"https:\\\/\\\/www.lenoxsawmasters.com\\\/de\\\/produkt\\\/lenox-armor-rx\\\/#primaryimage\",\"url\":\"https:\\\/\\\/www.lenoxsawmasters.com\\\/de\\\/wp-content\\\/uploads\\\/sites\\\/7\\\/2023\\\/03\\\/Armor-RX-3.png\",\"contentUrl\":\"https:\\\/\\\/www.lenoxsawmasters.com\\\/de\\\/wp-content\\\/uploads\\\/sites\\\/7\\\/2023\\\/03\\\/Armor-RX-3.png\",\"width\":945,\"height\":518},{\"@type\":\"BreadcrumbList\",\"@id\":\"https:\\\/\\\/www.lenoxsawmasters.com\\\/de\\\/produkt\\\/lenox-armor-rx\\\/#breadcrumb\",\"itemListElement\":[{\"@type\":\"ListItem\",\"position\":1,\"name\":\"Home\",\"item\":\"https:\\\/\\\/www.lenoxsawmasters.com\\\/de\\\/\"},{\"@type\":\"ListItem\",\"position\":2,\"name\":\"Shop\",\"item\":\"https:\\\/\\\/www.lenoxsawmasters.com\\\/de\\\/shop\\\/\"},{\"@type\":\"ListItem\",\"position\":3,\"name\":\"Lenox Armor\u2122 RX+\u00ae\"}]},{\"@type\":\"WebSite\",\"@id\":\"https:\\\/\\\/www.lenoxsawmasters.com\\\/de\\\/#website\",\"url\":\"https:\\\/\\\/www.lenoxsawmasters.com\\\/de\\\/\",\"name\":\"Lenoxsawmasters\",\"description\":\"Always Hungry\",\"publisher\":{\"@id\":\"https:\\\/\\\/www.lenoxsawmasters.com\\\/de\\\/#organization\"},\"alternateName\":\"Lenoxsawmasters\",\"potentialAction\":[{\"@type\":\"SearchAction\",\"target\":{\"@type\":\"EntryPoint\",\"urlTemplate\":\"https:\\\/\\\/www.lenoxsawmasters.com\\\/de\\\/?s={search_term_string}\"},\"query-input\":{\"@type\":\"PropertyValueSpecification\",\"valueRequired\":true,\"valueName\":\"search_term_string\"}}],\"inLanguage\":\"de\"},{\"@type\":\"Organization\",\"@id\":\"https:\\\/\\\/www.lenoxsawmasters.com\\\/de\\\/#organization\",\"name\":\"Lenoxsawmasters\",\"alternateName\":\"Lenoxsawmasters\",\"url\":\"https:\\\/\\\/www.lenoxsawmasters.com\\\/de\\\/\",\"logo\":{\"@type\":\"ImageObject\",\"inLanguage\":\"de\",\"@id\":\"https:\\\/\\\/www.lenoxsawmasters.com\\\/de\\\/#\\\/schema\\\/logo\\\/image\\\/\",\"url\":\"https:\\\/\\\/www.lenoxsawmasters.com\\\/de\\\/wp-content\\\/uploads\\\/sites\\\/7\\\/2023\\\/05\\\/lenox-sawmasters-favicon.png\",\"contentUrl\":\"https:\\\/\\\/www.lenoxsawmasters.com\\\/de\\\/wp-content\\\/uploads\\\/sites\\\/7\\\/2023\\\/05\\\/lenox-sawmasters-favicon.png\",\"width\":522,\"height\":522,\"caption\":\"Lenoxsawmasters\"},\"image\":{\"@id\":\"https:\\\/\\\/www.lenoxsawmasters.com\\\/de\\\/#\\\/schema\\\/logo\\\/image\\\/\"}}]}<\/script>\n<!-- \/ Yoast SEO plugin. -->","yoast_head_json":{"title":"Lenox Armor\u2122 RX+\u00ae - Lenox Sawmasters DE","robots":{"index":"index","follow":"follow","max-snippet":"max-snippet:-1","max-image-preview":"max-image-preview:large","max-video-preview":"max-video-preview:-1"},"canonical":"https:\/\/www.lenoxsawmasters.com\/de\/produkt\/lenox-armor-rx\/","og_locale":"de_DE","og_type":"article","og_title":"Lenox Armor\u2122 RX+\u00ae - Lenox Sawmasters DE","og_description":"Auf Langlebigkeit ausgelegt AlTiN-BESCHICHTUNG F\u00dcR PRODUKTIVIT\u00c4T UND LANGE LEBENSDAUER DER KLINGE Die Kombination aus Aluminium, Titan und Stickstoff bildet eine harte und z\u00e4he Beschichtung, die jeden Zahn durch eine Verst\u00e4rkungsbarriere vor Hitze und Verschlei\u00df sch\u00fctzt. EINZIGARTIGES, PATENTIERTES ZAHNPROFIL Spezielle, verst\u00e4rkte Zahnkonstruktion f\u00fcr weniger Zahnausbr\u00fcche bei h\u00f6heren Vorschubgeschwindigkeiten Minimierte Oberschwingungen und Vibrationen Leises Schneiden HOCHWERTIGE STAHLVERST\u00c4RKUNG [&hellip;]","og_url":"https:\/\/www.lenoxsawmasters.com\/de\/produkt\/lenox-armor-rx\/","og_site_name":"Lenox Sawmasters DE","article_modified_time":"2024-05-10T14:24:06+00:00","og_image":[{"width":945,"height":518,"url":"https:\/\/www.lenoxsawmasters.com\/de\/wp-content\/uploads\/sites\/7\/2023\/03\/Armor-RX-3.png","type":"image\/png"}],"twitter_card":"summary_large_image","twitter_misc":{"Gesch\u00e4tzte Lesezeit":"1\u00a0Minute"},"schema":{"@context":"https:\/\/schema.org","@graph":[{"@type":"WebPage","@id":"https:\/\/www.lenoxsawmasters.com\/de\/produkt\/lenox-armor-rx\/","url":"https:\/\/www.lenoxsawmasters.com\/de\/produkt\/lenox-armor-rx\/","name":"Lenox Armor\u2122 RX+\u00ae - Lenox Sawmasters DE","isPartOf":{"@id":"https:\/\/www.lenoxsawmasters.com\/de\/#website"},"primaryImageOfPage":{"@id":"https:\/\/www.lenoxsawmasters.com\/de\/produkt\/lenox-armor-rx\/#primaryimage"},"image":{"@id":"https:\/\/www.lenoxsawmasters.com\/de\/produkt\/lenox-armor-rx\/#primaryimage"},"thumbnailUrl":"https:\/\/www.lenoxsawmasters.com\/de\/wp-content\/uploads\/sites\/7\/2023\/03\/Armor-RX-3.png","datePublished":"2016-12-09T12:07:52+00:00","dateModified":"2024-05-10T14:24:06+00:00","breadcrumb":{"@id":"https:\/\/www.lenoxsawmasters.com\/de\/produkt\/lenox-armor-rx\/#breadcrumb"},"inLanguage":"de","potentialAction":[{"@type":"ReadAction","target":["https:\/\/www.lenoxsawmasters.com\/de\/produkt\/lenox-armor-rx\/"]}]},{"@type":"ImageObject","inLanguage":"de","@id":"https:\/\/www.lenoxsawmasters.com\/de\/produkt\/lenox-armor-rx\/#primaryimage","url":"https:\/\/www.lenoxsawmasters.com\/de\/wp-content\/uploads\/sites\/7\/2023\/03\/Armor-RX-3.png","contentUrl":"https:\/\/www.lenoxsawmasters.com\/de\/wp-content\/uploads\/sites\/7\/2023\/03\/Armor-RX-3.png","width":945,"height":518},{"@type":"BreadcrumbList","@id":"https:\/\/www.lenoxsawmasters.com\/de\/produkt\/lenox-armor-rx\/#breadcrumb","itemListElement":[{"@type":"ListItem","position":1,"name":"Home","item":"https:\/\/www.lenoxsawmasters.com\/de\/"},{"@type":"ListItem","position":2,"name":"Shop","item":"https:\/\/www.lenoxsawmasters.com\/de\/shop\/"},{"@type":"ListItem","position":3,"name":"Lenox Armor\u2122 RX+\u00ae"}]},{"@type":"WebSite","@id":"https:\/\/www.lenoxsawmasters.com\/de\/#website","url":"https:\/\/www.lenoxsawmasters.com\/de\/","name":"Lenoxsawmasters","description":"Always Hungry","publisher":{"@id":"https:\/\/www.lenoxsawmasters.com\/de\/#organization"},"alternateName":"Lenoxsawmasters","potentialAction":[{"@type":"SearchAction","target":{"@type":"EntryPoint","urlTemplate":"https:\/\/www.lenoxsawmasters.com\/de\/?s={search_term_string}"},"query-input":{"@type":"PropertyValueSpecification","valueRequired":true,"valueName":"search_term_string"}}],"inLanguage":"de"},{"@type":"Organization","@id":"https:\/\/www.lenoxsawmasters.com\/de\/#organization","name":"Lenoxsawmasters","alternateName":"Lenoxsawmasters","url":"https:\/\/www.lenoxsawmasters.com\/de\/","logo":{"@type":"ImageObject","inLanguage":"de","@id":"https:\/\/www.lenoxsawmasters.com\/de\/#\/schema\/logo\/image\/","url":"https:\/\/www.lenoxsawmasters.com\/de\/wp-content\/uploads\/sites\/7\/2023\/05\/lenox-sawmasters-favicon.png","contentUrl":"https:\/\/www.lenoxsawmasters.com\/de\/wp-content\/uploads\/sites\/7\/2023\/05\/lenox-sawmasters-favicon.png","width":522,"height":522,"caption":"Lenoxsawmasters"},"image":{"@id":"https:\/\/www.lenoxsawmasters.com\/de\/#\/schema\/logo\/image\/"}}]}},"_links":{"self":[{"href":"https:\/\/www.lenoxsawmasters.com\/de\/wp-json\/wp\/v2\/product\/311","targetHints":{"allow":["GET"]}}],"collection":[{"href":"https:\/\/www.lenoxsawmasters.com\/de\/wp-json\/wp\/v2\/product"}],"about":[{"href":"https:\/\/www.lenoxsawmasters.com\/de\/wp-json\/wp\/v2\/types\/product"}],"wp:featuredmedia":[{"embeddable":true,"href":"https:\/\/www.lenoxsawmasters.com\/de\/wp-json\/wp\/v2\/media\/312"}],"wp:attachment":[{"href":"https:\/\/www.lenoxsawmasters.com\/de\/wp-json\/wp\/v2\/media?parent=311"}],"wp:term":[{"taxonomy":"product_brand","embeddable":true,"href":"https:\/\/www.lenoxsawmasters.com\/de\/wp-json\/wp\/v2\/product_brand?post=311"},{"taxonomy":"product_cat","embeddable":true,"href":"https:\/\/www.lenoxsawmasters.com\/de\/wp-json\/wp\/v2\/product_cat?post=311"},{"taxonomy":"product_tag","embeddable":true,"href":"https:\/\/www.lenoxsawmasters.com\/de\/wp-json\/wp\/v2\/product_tag?post=311"}],"curies":[{"name":"wp","href":"https:\/\/api.w.org\/{rel}","templated":true}]}}