{"id":159,"date":"2015-09-02T13:27:01","date_gmt":"2015-09-02T11:27:01","guid":{"rendered":"https:\/\/lenoxsawmasters.kwaaidevelop.nl\/de\/product\/lenox-tri-tech-ct\/"},"modified":"2024-05-10T16:32:02","modified_gmt":"2024-05-10T14:32:02","slug":"lenox-tri-tech-ct","status":"publish","type":"product","link":"https:\/\/www.lenoxsawmasters.com\/de\/produkt\/lenox-tri-tech-ct\/","title":{"rendered":"Lenox Tri-Tech CT"},"content":{"rendered":"<p><em>W\u00e4hlen Sie eine Stil-Hartmetallklinge f\u00fcr schwer zu schneidende Metalle<\/em><\/p>\n<p><strong>RICHTIGER SCHNITT. OHNE ZU KLEMMEN.<\/strong><br \/>\nDie Verzahnung verhindert das Einklemmen in Metallen mit hoher mechanischer Belastung Der gro\u00dfe Schnittspalt erm\u00f6glicht Eintauchschnitte<\/p>\n<p><strong>DIE KLINGE H\u00c4LT L\u00c4NGER<\/strong><br \/>\nHochwertige Hartmetallspitzen sind f\u00fcr effizientes Schneiden pr\u00e4zisionsgeschliffen<br \/>\nHochwertiger Tr\u00e4gerstahl minimiert den Bruch des K\u00f6rpers<\/p>\n<p><strong>EXTREME VIELSEITIGKEIT<\/strong><br \/>\nSchneidet eine Reihe von Materialien, von hochfesten St\u00e4hlen bis zu Nickelbasislegierungen<\/p>\n","protected":false},"excerpt":{"rendered":"<p>W\u00e4hlen Sie eine Stil-Hartmetallklinge f\u00fcr schwer zu schneidende Metalle RICHTIGER SCHNITT. OHNE ZU KLEMMEN. Die Verzahnung verhindert das Einklemmen in Metallen mit hoher mechanischer Belastung Der gro\u00dfe Schnittspalt erm\u00f6glicht Eintauchschnitte DIE KLINGE H\u00c4LT L\u00c4NGER Hochwertige Hartmetallspitzen sind f\u00fcr effizientes Schneiden pr\u00e4zisionsgeschliffen Hochwertiger Tr\u00e4gerstahl minimiert den Bruch des K\u00f6rpers EXTREME VIELSEITIGKEIT Schneidet eine Reihe von Materialien, [&hellip;]<\/p>\n","protected":false},"featured_media":160,"template":"","meta":{"_acf_changed":false},"product_brand":[],"product_cat":[49,62],"product_tag":[],"class_list":{"0":"post-159","1":"product","2":"type-product","3":"status-publish","4":"has-post-thumbnail","6":"product_cat-bandsagen","7":"product_cat-metall","8":"pa_dicke-107-mm","9":"pa_dicke-127-mm","10":"pa_dicke-160-mm","11":"pa_hoehe-34-mm","12":"pa_hoehe-41-mm","13":"pa_hoehe-54-mm","14":"pa_hoehe-67-mm","15":"pa_hoehe-80-mm","17":"first","18":"onbackorder","19":"taxable","20":"shipping-taxable","21":"product-type-simple"},"acf":[],"yoast_head":"<!-- This site is optimized with the Yoast SEO plugin v27.5 - https:\/\/yoast.com\/product\/yoast-seo-wordpress\/ -->\n<title>Lenox Tri-Tech CT - Lenox Sawmasters DE<\/title>\n<meta name=\"robots\" content=\"index, follow, max-snippet:-1, max-image-preview:large, max-video-preview:-1\" \/>\n<link rel=\"canonical\" href=\"https:\/\/www.lenoxsawmasters.com\/de\/produkt\/lenox-tri-tech-ct\/\" \/>\n<meta property=\"og:locale\" content=\"de_DE\" \/>\n<meta property=\"og:type\" content=\"article\" \/>\n<meta property=\"og:title\" content=\"Lenox Tri-Tech CT - Lenox Sawmasters DE\" \/>\n<meta property=\"og:description\" content=\"W\u00e4hlen Sie eine Stil-Hartmetallklinge f\u00fcr schwer zu schneidende Metalle RICHTIGER SCHNITT. OHNE ZU KLEMMEN. Die Verzahnung verhindert das Einklemmen in Metallen mit hoher mechanischer Belastung Der gro\u00dfe Schnittspalt erm\u00f6glicht Eintauchschnitte DIE KLINGE H\u00c4LT L\u00c4NGER Hochwertige Hartmetallspitzen sind f\u00fcr effizientes Schneiden pr\u00e4zisionsgeschliffen Hochwertiger Tr\u00e4gerstahl minimiert den Bruch des K\u00f6rpers EXTREME VIELSEITIGKEIT Schneidet eine Reihe von Materialien, [&hellip;]\" \/>\n<meta property=\"og:url\" content=\"https:\/\/www.lenoxsawmasters.com\/de\/produkt\/lenox-tri-tech-ct\/\" \/>\n<meta property=\"og:site_name\" content=\"Lenox Sawmasters DE\" \/>\n<meta property=\"article:modified_time\" content=\"2024-05-10T14:32:02+00:00\" \/>\n<meta property=\"og:image\" content=\"https:\/\/www.lenoxsawmasters.com\/de\/wp-content\/uploads\/sites\/7\/2023\/03\/Tri-Tech-CT-Bandzaag-2.png\" \/>\n\t<meta property=\"og:image:width\" content=\"945\" \/>\n\t<meta property=\"og:image:height\" content=\"776\" \/>\n\t<meta property=\"og:image:type\" content=\"image\/png\" \/>\n<meta name=\"twitter:card\" content=\"summary_large_image\" \/>\n<meta name=\"twitter:label1\" content=\"Gesch\u00e4tzte Lesezeit\" \/>\n\t<meta name=\"twitter:data1\" content=\"1\u00a0Minute\" \/>\n<script type=\"application\/ld+json\" class=\"yoast-schema-graph\">{\"@context\":\"https:\\\/\\\/schema.org\",\"@graph\":[{\"@type\":\"WebPage\",\"@id\":\"https:\\\/\\\/www.lenoxsawmasters.com\\\/de\\\/produkt\\\/lenox-tri-tech-ct\\\/\",\"url\":\"https:\\\/\\\/www.lenoxsawmasters.com\\\/de\\\/produkt\\\/lenox-tri-tech-ct\\\/\",\"name\":\"Lenox Tri-Tech CT - Lenox Sawmasters DE\",\"isPartOf\":{\"@id\":\"https:\\\/\\\/www.lenoxsawmasters.com\\\/de\\\/#website\"},\"primaryImageOfPage\":{\"@id\":\"https:\\\/\\\/www.lenoxsawmasters.com\\\/de\\\/produkt\\\/lenox-tri-tech-ct\\\/#primaryimage\"},\"image\":{\"@id\":\"https:\\\/\\\/www.lenoxsawmasters.com\\\/de\\\/produkt\\\/lenox-tri-tech-ct\\\/#primaryimage\"},\"thumbnailUrl\":\"https:\\\/\\\/www.lenoxsawmasters.com\\\/de\\\/wp-content\\\/uploads\\\/sites\\\/7\\\/2023\\\/03\\\/Tri-Tech-CT-Bandzaag-2.png\",\"datePublished\":\"2015-09-02T11:27:01+00:00\",\"dateModified\":\"2024-05-10T14:32:02+00:00\",\"breadcrumb\":{\"@id\":\"https:\\\/\\\/www.lenoxsawmasters.com\\\/de\\\/produkt\\\/lenox-tri-tech-ct\\\/#breadcrumb\"},\"inLanguage\":\"de\",\"potentialAction\":[{\"@type\":\"ReadAction\",\"target\":[\"https:\\\/\\\/www.lenoxsawmasters.com\\\/de\\\/produkt\\\/lenox-tri-tech-ct\\\/\"]}]},{\"@type\":\"ImageObject\",\"inLanguage\":\"de\",\"@id\":\"https:\\\/\\\/www.lenoxsawmasters.com\\\/de\\\/produkt\\\/lenox-tri-tech-ct\\\/#primaryimage\",\"url\":\"https:\\\/\\\/www.lenoxsawmasters.com\\\/de\\\/wp-content\\\/uploads\\\/sites\\\/7\\\/2023\\\/03\\\/Tri-Tech-CT-Bandzaag-2.png\",\"contentUrl\":\"https:\\\/\\\/www.lenoxsawmasters.com\\\/de\\\/wp-content\\\/uploads\\\/sites\\\/7\\\/2023\\\/03\\\/Tri-Tech-CT-Bandzaag-2.png\",\"width\":945,\"height\":776},{\"@type\":\"BreadcrumbList\",\"@id\":\"https:\\\/\\\/www.lenoxsawmasters.com\\\/de\\\/produkt\\\/lenox-tri-tech-ct\\\/#breadcrumb\",\"itemListElement\":[{\"@type\":\"ListItem\",\"position\":1,\"name\":\"Home\",\"item\":\"https:\\\/\\\/www.lenoxsawmasters.com\\\/de\\\/\"},{\"@type\":\"ListItem\",\"position\":2,\"name\":\"Shop\",\"item\":\"https:\\\/\\\/www.lenoxsawmasters.com\\\/de\\\/shop\\\/\"},{\"@type\":\"ListItem\",\"position\":3,\"name\":\"Lenox Tri-Tech CT\"}]},{\"@type\":\"WebSite\",\"@id\":\"https:\\\/\\\/www.lenoxsawmasters.com\\\/de\\\/#website\",\"url\":\"https:\\\/\\\/www.lenoxsawmasters.com\\\/de\\\/\",\"name\":\"Lenoxsawmasters\",\"description\":\"Always Hungry\",\"publisher\":{\"@id\":\"https:\\\/\\\/www.lenoxsawmasters.com\\\/de\\\/#organization\"},\"alternateName\":\"Lenoxsawmasters\",\"potentialAction\":[{\"@type\":\"SearchAction\",\"target\":{\"@type\":\"EntryPoint\",\"urlTemplate\":\"https:\\\/\\\/www.lenoxsawmasters.com\\\/de\\\/?s={search_term_string}\"},\"query-input\":{\"@type\":\"PropertyValueSpecification\",\"valueRequired\":true,\"valueName\":\"search_term_string\"}}],\"inLanguage\":\"de\"},{\"@type\":\"Organization\",\"@id\":\"https:\\\/\\\/www.lenoxsawmasters.com\\\/de\\\/#organization\",\"name\":\"Lenoxsawmasters\",\"alternateName\":\"Lenoxsawmasters\",\"url\":\"https:\\\/\\\/www.lenoxsawmasters.com\\\/de\\\/\",\"logo\":{\"@type\":\"ImageObject\",\"inLanguage\":\"de\",\"@id\":\"https:\\\/\\\/www.lenoxsawmasters.com\\\/de\\\/#\\\/schema\\\/logo\\\/image\\\/\",\"url\":\"https:\\\/\\\/www.lenoxsawmasters.com\\\/de\\\/wp-content\\\/uploads\\\/sites\\\/7\\\/2023\\\/05\\\/lenox-sawmasters-favicon.png\",\"contentUrl\":\"https:\\\/\\\/www.lenoxsawmasters.com\\\/de\\\/wp-content\\\/uploads\\\/sites\\\/7\\\/2023\\\/05\\\/lenox-sawmasters-favicon.png\",\"width\":522,\"height\":522,\"caption\":\"Lenoxsawmasters\"},\"image\":{\"@id\":\"https:\\\/\\\/www.lenoxsawmasters.com\\\/de\\\/#\\\/schema\\\/logo\\\/image\\\/\"}}]}<\/script>\n<!-- \/ Yoast SEO plugin. -->","yoast_head_json":{"title":"Lenox Tri-Tech CT - Lenox Sawmasters DE","robots":{"index":"index","follow":"follow","max-snippet":"max-snippet:-1","max-image-preview":"max-image-preview:large","max-video-preview":"max-video-preview:-1"},"canonical":"https:\/\/www.lenoxsawmasters.com\/de\/produkt\/lenox-tri-tech-ct\/","og_locale":"de_DE","og_type":"article","og_title":"Lenox Tri-Tech CT - Lenox Sawmasters DE","og_description":"W\u00e4hlen Sie eine Stil-Hartmetallklinge f\u00fcr schwer zu schneidende Metalle RICHTIGER SCHNITT. OHNE ZU KLEMMEN. Die Verzahnung verhindert das Einklemmen in Metallen mit hoher mechanischer Belastung Der gro\u00dfe Schnittspalt erm\u00f6glicht Eintauchschnitte DIE KLINGE H\u00c4LT L\u00c4NGER Hochwertige Hartmetallspitzen sind f\u00fcr effizientes Schneiden pr\u00e4zisionsgeschliffen Hochwertiger Tr\u00e4gerstahl minimiert den Bruch des K\u00f6rpers EXTREME VIELSEITIGKEIT Schneidet eine Reihe von Materialien, [&hellip;]","og_url":"https:\/\/www.lenoxsawmasters.com\/de\/produkt\/lenox-tri-tech-ct\/","og_site_name":"Lenox Sawmasters DE","article_modified_time":"2024-05-10T14:32:02+00:00","og_image":[{"width":945,"height":776,"url":"https:\/\/www.lenoxsawmasters.com\/de\/wp-content\/uploads\/sites\/7\/2023\/03\/Tri-Tech-CT-Bandzaag-2.png","type":"image\/png"}],"twitter_card":"summary_large_image","twitter_misc":{"Gesch\u00e4tzte Lesezeit":"1\u00a0Minute"},"schema":{"@context":"https:\/\/schema.org","@graph":[{"@type":"WebPage","@id":"https:\/\/www.lenoxsawmasters.com\/de\/produkt\/lenox-tri-tech-ct\/","url":"https:\/\/www.lenoxsawmasters.com\/de\/produkt\/lenox-tri-tech-ct\/","name":"Lenox Tri-Tech CT - Lenox Sawmasters DE","isPartOf":{"@id":"https:\/\/www.lenoxsawmasters.com\/de\/#website"},"primaryImageOfPage":{"@id":"https:\/\/www.lenoxsawmasters.com\/de\/produkt\/lenox-tri-tech-ct\/#primaryimage"},"image":{"@id":"https:\/\/www.lenoxsawmasters.com\/de\/produkt\/lenox-tri-tech-ct\/#primaryimage"},"thumbnailUrl":"https:\/\/www.lenoxsawmasters.com\/de\/wp-content\/uploads\/sites\/7\/2023\/03\/Tri-Tech-CT-Bandzaag-2.png","datePublished":"2015-09-02T11:27:01+00:00","dateModified":"2024-05-10T14:32:02+00:00","breadcrumb":{"@id":"https:\/\/www.lenoxsawmasters.com\/de\/produkt\/lenox-tri-tech-ct\/#breadcrumb"},"inLanguage":"de","potentialAction":[{"@type":"ReadAction","target":["https:\/\/www.lenoxsawmasters.com\/de\/produkt\/lenox-tri-tech-ct\/"]}]},{"@type":"ImageObject","inLanguage":"de","@id":"https:\/\/www.lenoxsawmasters.com\/de\/produkt\/lenox-tri-tech-ct\/#primaryimage","url":"https:\/\/www.lenoxsawmasters.com\/de\/wp-content\/uploads\/sites\/7\/2023\/03\/Tri-Tech-CT-Bandzaag-2.png","contentUrl":"https:\/\/www.lenoxsawmasters.com\/de\/wp-content\/uploads\/sites\/7\/2023\/03\/Tri-Tech-CT-Bandzaag-2.png","width":945,"height":776},{"@type":"BreadcrumbList","@id":"https:\/\/www.lenoxsawmasters.com\/de\/produkt\/lenox-tri-tech-ct\/#breadcrumb","itemListElement":[{"@type":"ListItem","position":1,"name":"Home","item":"https:\/\/www.lenoxsawmasters.com\/de\/"},{"@type":"ListItem","position":2,"name":"Shop","item":"https:\/\/www.lenoxsawmasters.com\/de\/shop\/"},{"@type":"ListItem","position":3,"name":"Lenox Tri-Tech CT"}]},{"@type":"WebSite","@id":"https:\/\/www.lenoxsawmasters.com\/de\/#website","url":"https:\/\/www.lenoxsawmasters.com\/de\/","name":"Lenoxsawmasters","description":"Always Hungry","publisher":{"@id":"https:\/\/www.lenoxsawmasters.com\/de\/#organization"},"alternateName":"Lenoxsawmasters","potentialAction":[{"@type":"SearchAction","target":{"@type":"EntryPoint","urlTemplate":"https:\/\/www.lenoxsawmasters.com\/de\/?s={search_term_string}"},"query-input":{"@type":"PropertyValueSpecification","valueRequired":true,"valueName":"search_term_string"}}],"inLanguage":"de"},{"@type":"Organization","@id":"https:\/\/www.lenoxsawmasters.com\/de\/#organization","name":"Lenoxsawmasters","alternateName":"Lenoxsawmasters","url":"https:\/\/www.lenoxsawmasters.com\/de\/","logo":{"@type":"ImageObject","inLanguage":"de","@id":"https:\/\/www.lenoxsawmasters.com\/de\/#\/schema\/logo\/image\/","url":"https:\/\/www.lenoxsawmasters.com\/de\/wp-content\/uploads\/sites\/7\/2023\/05\/lenox-sawmasters-favicon.png","contentUrl":"https:\/\/www.lenoxsawmasters.com\/de\/wp-content\/uploads\/sites\/7\/2023\/05\/lenox-sawmasters-favicon.png","width":522,"height":522,"caption":"Lenoxsawmasters"},"image":{"@id":"https:\/\/www.lenoxsawmasters.com\/de\/#\/schema\/logo\/image\/"}}]}},"_links":{"self":[{"href":"https:\/\/www.lenoxsawmasters.com\/de\/wp-json\/wp\/v2\/product\/159","targetHints":{"allow":["GET"]}}],"collection":[{"href":"https:\/\/www.lenoxsawmasters.com\/de\/wp-json\/wp\/v2\/product"}],"about":[{"href":"https:\/\/www.lenoxsawmasters.com\/de\/wp-json\/wp\/v2\/types\/product"}],"wp:featuredmedia":[{"embeddable":true,"href":"https:\/\/www.lenoxsawmasters.com\/de\/wp-json\/wp\/v2\/media\/160"}],"wp:attachment":[{"href":"https:\/\/www.lenoxsawmasters.com\/de\/wp-json\/wp\/v2\/media?parent=159"}],"wp:term":[{"taxonomy":"product_brand","embeddable":true,"href":"https:\/\/www.lenoxsawmasters.com\/de\/wp-json\/wp\/v2\/product_brand?post=159"},{"taxonomy":"product_cat","embeddable":true,"href":"https:\/\/www.lenoxsawmasters.com\/de\/wp-json\/wp\/v2\/product_cat?post=159"},{"taxonomy":"product_tag","embeddable":true,"href":"https:\/\/www.lenoxsawmasters.com\/de\/wp-json\/wp\/v2\/product_tag?post=159"}],"curies":[{"name":"wp","href":"https:\/\/api.w.org\/{rel}","templated":true}]}}