{"id":689,"date":"2023-05-22T22:17:19","date_gmt":"2023-05-22T20:17:19","guid":{"rendered":"https:\/\/lenoxsawmasters.kwaaidevelop.nl\/de\/?page_id=689"},"modified":"2023-09-11T14:58:54","modified_gmt":"2023-09-11T12:58:54","slug":"allgemeine-bedingungen-und-konditionen","status":"publish","type":"page","link":"https:\/\/www.lenoxsawmasters.com\/de\/allgemeine-bedingungen-und-konditionen\/","title":{"rendered":"Allgemeine Bedingungen und Konditionen"},"content":{"rendered":"\n<style type=\"text\/css\" data-created_by=\"avia_inline_auto\" id=\"style-css-av-hiez5-5312f99499ca0f2479da2e99796684ea\">\n.avia-section.av-hiez5-5312f99499ca0f2479da2e99796684ea{\nbackground-repeat:no-repeat;\nbackground-image:url(https:\/\/www.lenoxsawmasters.com\/de\/wp-content\/uploads\/sites\/7\/2023\/05\/productie-bandzagen-lenoxsawmasters.jpg);\nbackground-position:100% 50%;\nbackground-attachment:scroll;\n}\n<\/style>\n<div id='av_section_1'  class='avia-section av-hiez5-5312f99499ca0f2479da2e99796684ea main_color avia-section-default avia-no-border-styling  avia-builder-el-0  el_before_av_section  avia-builder-el-first  avia-full-stretch avia-bg-style-scroll av-minimum-height av-minimum-height-40 av-height-percent  container_wrap sidebar_right'  data-section-bg-repeat='stretch' data-av_minimum_height_pc='40' data-av_min_height_opt='percent'><div class='container av-section-cont-open' ><main  role=\"main\" itemprop=\"mainContentOfPage\"  class='template-page content  av-content-small alpha units'><div class='post-entry post-entry-type-page post-entry-689'><div class='entry-content-wrapper clearfix'>\n<\/div><\/div><\/main><!-- close content main element --><\/div><\/div><div id='av_section_2'  class='avia-section av-uzfmh-9048442419d30a81c025e01c2f20f5db main_color avia-section-default avia-no-border-styling  avia-builder-el-1  el_after_av_section  avia-builder-el-last  avia-bg-style-scroll container_wrap sidebar_right'  ><div class='container av-section-cont-open' ><div class='template-page content  av-content-small alpha units'><div class='post-entry post-entry-type-page post-entry-689'><div class='entry-content-wrapper clearfix'>\n<div  class='flex_column av-p2hq9-27079798702c0a39c2dd9864b576b56c av_one_fifth  avia-builder-el-2  el_before_av_three_fifth  avia-builder-el-first  first flex_column_div  '     ><\/div><div  class='flex_column av-n4pdt-2777f43a87d459d156d5540ce696a74b av_three_fifth  avia-builder-el-3  el_after_av_one_fifth  el_before_av_one_fifth  flex_column_div  '     ><section  class='av_textblock_section av-ef4sx-cf5fd3f6d02ccbbd9beaa75a33723b2a '   itemscope=\"itemscope\" itemtype=\"https:\/\/schema.org\/CreativeWork\" ><div class='avia_textblock'  itemprop=\"text\" ><h1 style=\"text-align: center\">Allgemeine Gesch\u00e4ftsbedingungen Globe Europe BV<\/h1>\n<h2>1. Allgemeines.<\/h2>\n<p>Diese Allgemeinen Gesch\u00e4ftsbedingungen gelten f\u00fcr alle unsere Angebote, Vertr\u00e4ge und Lieferungen; Abweichungen von diesen Bedingungen sind nur m\u00f6glich, wenn sie ausdr\u00fccklich und schriftlich vereinbart wurden.<\/p>\n<p>Allgemeine Gesch\u00e4ftsbedingungen von Vertragspartnern werden nicht anerkannt und finden keine Anwendung, es sei denn, sie wurden ausdr\u00fccklich schriftlich vereinbart.<\/p>\n<h2>2. Angebote und Vereinbarungen.<\/h2>\n<p>Alle unsere Angebote sind freibleibend oder &#8211; falls eine Frist gesetzt wird &#8211; nur f\u00fcr den angegebenen Zeitraum verbindlich.<\/p>\n<p>Vereinbarungen \u00fcber die Lieferung von Waren und\/oder Dienstleistungen werden erst nach schriftlicher Best\u00e4tigung durch uns wirksam.<\/p>\n<p>Artikel II.2 gilt auch f\u00fcr alle Vertr\u00e4ge und Angebote, die von unseren Agenten, Vertretern, Vermittlern und\/oder Wiederverk\u00e4ufern geschlossen oder abgegeben werden.<\/p>\n<p>Die Angaben von Ma\u00dfen, Gewichten usw. sind so genau wie m\u00f6glich; wir behalten uns geringf\u00fcgige Abweichungen in der Ausf\u00fchrung vor.<\/p>\n<p>Der Inhalt unserer schriftlichen Best\u00e4tigung ist f\u00fcr unsere Gegenpartei verbindlich, es sei denn, ihre Richtigkeit wird innerhalb von acht Tagen nach Versand schriftlich bestritten.<\/p>\n<h2>3. Preise.<\/h2>\n<p>Sofern nicht schriftlich etwas anderes vereinbart wurde, verstehen sich unsere Preise ohne Mehrwertsteuer.<\/p>\n<p>Erh\u00f6hungen von L\u00f6hnen, Sozialabgaben, Rohstoffen, Wechselkursen, staatlichen Abgaben (insbesondere Steuern), Frachten und\/oder Z\u00f6llen, die nach der Abgabe unserer Angebote eintreten, werden an die Gegenpartei f\u00fcr die Waren weitergegeben, die zum Zeitpunkt des Inkrafttretens einer solchen Erh\u00f6hung noch nicht von uns geliefert worden sind.<\/p>\n<h2>4. Lieferung, Lieferzeiten und -bedingungen.<\/h2>\n<p>Sofern nicht anders vereinbart, erfolgt die Lieferung von Internet-Shop-Artikeln mit einem Gesamtbestellwert von mehr als 350,00 Euro ohne Mehrwertsteuer immer frei Haus*. Unterhalb dieses Betrages betragen die Versandkosten 10,- Euro. (* Sendungen, die per Nachnahme verschickt werden, werden mit einem von Globe Europe BV festgelegten Betrag berechnet. Dieser Betrag kann auf der Homepage von Globe Europe BV unter der Rubrik Versand eingesehen werden.<\/p>\n<p>Alle Waren reisen auf Kosten und Risiko des K\u00e4ufers.<\/p>\n<p>Bei Lieferungen ab unserem Lager erfolgt die Lieferung, wenn die Waren dem K\u00e4ufer in unserem Lager zur Verf\u00fcgung gestellt werden; die Abnahme muss innerhalb von 30 Tagen nach der Mitteilung an den K\u00e4ufer, dass die Waren verf\u00fcgbar sind, erfolgen. Wird die Ware nicht rechtzeitig abgenommen, ger\u00e4t der K\u00e4ufer bereits mit Ablauf von drei Tagen nach Absendung unserer schriftlichen Mahnung in Verzug, ohne dass es einer Inverzugsetzung bedarf. Wir sind dann berechtigt, durch einfache Mitteilung ohne gerichtliche Intervention vom Vertrag f\u00fcr den noch nicht erf\u00fcllten Teil zur\u00fcckzutreten, unbeschadet unseres Rechts auf Schadenersatz.<\/p>\n<p>Unsere Lieferfristen sind unverbindlich. Eine \u00dcberschreitung der Lieferfrist berechtigt den Auftraggeber niemals zu irgendeinem Schadenersatz, zur Aufl\u00f6sung des Vertrags oder zur Nichterf\u00fcllung irgendeiner Verpflichtung, die sich f\u00fcr ihn aus diesem oder irgendeinem anderen mit diesem Vertrag zusammenh\u00e4ngenden Vertrag ergeben k\u00f6nnte; auch ist der Auftraggeber nicht berechtigt, mit oder ohne gerichtliche Genehmigung, T\u00e4tigkeiten zur Ausf\u00fchrung des Vertrags selbst auszuf\u00fchren oder von Dritten ausf\u00fchren zu lassen.<\/p>\n<p>Wenn die Lieferung in Teilen erfolgt, gilt jede Lieferung als gesondertes Gesch\u00e4ft mit all seinen Rechtsfolgen.<\/p>\n<p>F\u00e4lle h\u00f6herer Gewalt, insbesondere Beschlagnahmungen jeder Art und aus jedem Grund, Betriebs- und\/oder Lieferst\u00f6rungen, Treibstoffmangel sowie alle sonstigen unvorhergesehenen Ereignisse im Lager des Verk\u00e4ufers, bei den Unternehmen, von denen der Verk\u00e4ufer seine Waren oder Rohstoffe bezieht, und bei der Bahn, jede sonstige Transportbehinderung oder -verz\u00f6gerung sowie die Nichtbelieferung durch unsere Lieferanten Streiks und Aussperrungen, Aus- und Einfuhrverbote bzw. Einfuhrbeschr\u00e4nkungen, Feuer oder Unf\u00e4lle, Mobilmachung, Krieg, Aufruhr oder zwingende gesetzliche Bestimmungen berechtigen den Verk\u00e4ufer, seine Lieferverpflichtungen ganz oder teilweise dauernd oder vor\u00fcbergehend aufzuheben oder zu einem sp\u00e4teren Zeitpunkt zu erf\u00fcllen und im Falle einer Teilabnahme die Abnahmefrist um die Dauer der Behinderung zu verl\u00e4ngern.<\/p>\n<h2>5. Verl\u00e4ngerter Eigentumsvorbehalt.<\/h2>\n<p>Die von uns gelieferten Waren bleiben unser Eigentum, bis der Kunde alle Forderungen, die wir gegen\u00fcber dem Kunden, gleich aus welchem Grund, haben, einschlie\u00dflich etwaiger Zinsen und Kosten, beglichen hat. Solange wir Eigent\u00fcmer der Waren sind, ist der Kunde nicht befugt, die Waren an Dritte zu verpf\u00e4nden oder das Eigentum daran zu \u00fcbertragen, es sei denn, dies geschieht im Rahmen seines normalen Gesch\u00e4ftsbetriebs oder der normalen Bestimmung der Waren. Wenn und falls der Kunde seinen Zahlungsverpflichtungen nicht oder nicht rechtzeitig nachkommt, sind wir vom Kunden unwiderruflich erm\u00e4chtigt, die gelieferten Waren ohne Inverzugsetzung oder gerichtliche Intervention zur\u00fcckzunehmen.<\/p>\n<p>Wenn ein Dritter ein Recht auf die Waren aus\u00fcben will, w\u00e4hrend diese noch in unserem Eigentum stehen, ist die Gegenpartei verpflichtet, uns unverz\u00fcglich dar\u00fcber zu informieren.<\/p>\n<p>Die vollst\u00e4ndige Zahlung im Sinne von Absatz 1 kann erst erfolgen, wenn der geschuldete Betrag bei uns eingegangen ist. Die Ausstellung von Wechseln oder anderen Handelspapieren, die Belastung eines Kontokorrentkontos oder anderes kann daher nicht als Zahlung angesehen werden.<\/p>\n<h2>6. Bezahlung.<\/h2>\n<p>Die Zahlung erfolgt per Vorab\u00fcberweisung, \u00fcber das Zahlungssystem Ideal, in dem die meisten Banken etabliert sind, per Kreditkarte (Interpay Niederlande) oder in bar bei Sendungen per Nachnahme.<\/p>\n<p>Die Nichtbezahlung einer Rechnung am F\u00e4lligkeitstag hat von Rechts wegen den sofortigen Verfall aller vom K\u00e4ufer geschuldeten Betr\u00e4ge zur Folge, einschlie\u00dflich der Betr\u00e4ge aus anderen Rechnungen.<\/p>\n<p>Die Zahlungen werden zun\u00e4chst zur Deckung der entstandenen Kosten und Zinsen und erst danach zur Deckung der ausgef\u00fchrten Lieferungen verwendet, wobei diese Zahlungen stets auf die \u00e4ltesten Rechnungen angerechnet werden.<\/p>\n<p>Unbeschadet der vorgenannten Bestimmungen behalten wir uns jederzeit das Recht vor, Zahlung bei Lieferung oder Sicherheiten f\u00fcr die Bezahlung anderer laufender Auftr\u00e4ge zu verlangen, insbesondere wenn der dem K\u00e4ufer gew\u00e4hrte Kredit nach Ansicht des Verk\u00e4ufers zu hoch ist.<\/p>\n<p>Im Falle einer au\u00dfergerichtlichen Eintreibung schuldet die Gegenpartei neben der Hauptsumme und den Zinsen 15 % Inkassokosten auf die ausstehende Hauptsumme zuz\u00fcglich der geschuldeten Mehrwertsteuer.<\/p>\n<p>Bei einer gerichtlichen Eintreibung, einschlie\u00dflich eines Konkursantrags, schuldet die Gegenpartei neben den gerichtlichen Kosten auch Zinsen und au\u00dfergerichtliche Kosten.<\/p>\n<p>Bei Zahlungsverzug des K\u00e4ufers sowie bei Konkurs, Zahlungsaufschub, Verkauf oder Liquidation seines Unternehmens oder bei Pf\u00e4ndung einer oder mehrerer seiner Waren k\u00f6nnen wir unsere Lieferverpflichtung aussetzen oder durch einfache Mitteilung vom Vertrag f\u00fcr den noch nicht erf\u00fcllten Teil zur\u00fccktreten, unbeschadet unseres Rechts auf Erf\u00fcllung oder Schadenersatz. Wir behalten uns das Recht vor, w\u00e4hrend der Laufzeit des Vertrages eine Sicherheit f\u00fcr die Zahlung zu verlangen und, falls diese nicht zu unserer Zufriedenheit geleistet wird, die Lieferung auszusetzen, bis die Sicherheit geleistet ist.<\/p>\n<h2>7. Beanstandungen.<\/h2>\n<p>Beanstandungen wegen unvollst\u00e4ndiger Lieferung oder offensichtlicher M\u00e4ngel der Ware sind uns unverz\u00fcglich, sp\u00e4testens jedoch innerhalb von acht Tagen nach Ablieferung der Ware schriftlich mitzuteilen, andernfalls k\u00f6nnen Beanstandungen nicht mehr ber\u00fccksichtigt werden und unsere Gew\u00e4hrleistungsverpflichtung f\u00fcr diese M\u00e4ngel erlischt.<\/p>\n<p>Das Reklamationsrecht erlischt, sobald die Ware weiterverarbeitet, montiert oder eingebaut oder unsachgem\u00e4\u00df gelagert worden ist.<\/p>\n<p>Werden Beanstandungen nicht gem\u00e4\u00df den Bestimmungen unter 1. erhoben oder wird uns keine Gelegenheit gegeben, das beanstandete Material zu pr\u00fcfen, erlischt jegliches Recht auf Beanstandung und\/oder Gew\u00e4hrleistung.<\/p>\n<p>Beanstandungen berechtigen die Gegenpartei nicht dazu, die Annahme oder Bezahlung der Waren zu verweigern oder die Zahlung aufzuschieben.<\/p>\n<p>Ein etwaiges Reklamationsrecht erlischt, wenn seit dem Erhalt der Waren 1\/2 Jahr verstrichen ist.<\/p>\n<p>Ein K\u00e4ufer, der seinen Verpflichtungen aus dem mit uns geschlossenen Vertrag nicht nachkommt, verwirkt damit sein Recht auf Reklamation.<\/p>\n<h2>8. Haftung.<\/h2>\n<p>Ist die von uns gelieferte Ware mangelhaft, so leisten wir nach unserer Wahl Ersatz ab Werk oder Schadensersatz bis zur H\u00f6he des Rechnungswertes dieser Ware, wenn und soweit unsere Lieferanten dazu bereit und in der Lage sind.<\/p>\n<p>Weist die von uns gelieferte Ware einen Mangel auf, so haften wir auch f\u00fcr den Schaden, den ein K\u00e4ufer dadurch erleidet, es sei denn: F\u00fcr den Schaden, den ein K\u00e4ufer infolge eines Mangels an einem von uns verkauften Produkt erleidet, der nicht auf unser Verschulden zur\u00fcckzuf\u00fchren ist, sondern die Folge eines Mangels an &#8211; von uns bei einem Hersteller oder Lieferanten gekauften &#8211; Rohstoffen und\/oder Teilen ist, die wir in den von uns verkauften und gelieferten Waren verarbeitet haben und denen der Mangel tats\u00e4chlich anhaftet, haften wir f\u00fcr den Schaden, den ein K\u00e4ufer dadurch erleidet, nur insoweit, als der Hersteller oder Lieferant von uns haftbar gemacht werden kann und dieser Hersteller oder Lieferant seinerseits uns den erlittenen Schaden tats\u00e4chlich verg\u00fctet.<\/p>\n<p>Wir haben das Produkt nicht in den Verkehr gebracht;<\/p>\n<p>Unter den gegebenen Umst\u00e4nden ist es wahrscheinlich, dass der Fehler, der den Schaden verursacht hat, zu dem Zeitpunkt, zu dem wir das Produkt in Verkehr gebracht haben, noch nicht vorhanden war oder dass der Fehler erst sp\u00e4ter aufgetreten ist;<\/p>\n<p>Das Produkt ist weder f\u00fcr den Verkauf noch f\u00fcr eine andere Form des Vertriebs mit einem wirtschaftlichen Zweck von uns hergestellt worden, noch wird es im Rahmen unserer beruflichen oder gesch\u00e4ftlichen T\u00e4tigkeit hergestellt oder vertrieben;<\/p>\n<p>Der Fehler ist eine Folge der Tatsache, dass das Produkt den zwingenden gesetzlichen Vorschriften entspricht;<\/p>\n<p>Nach dem Stand der Wissenschaft und Technik zu dem Zeitpunkt, zu dem wir das Produkt in Verkehr gebracht haben, war es unm\u00f6glich, das Vorhandensein des Fehlers zu erkennen.<\/p>\n<p>Unsere Haftung im Sinne der vorstehenden Abs\u00e4tze wird unter Ber\u00fccksichtigung aller Umst\u00e4nde gemindert oder aufgehoben, wenn der Schaden sowohl durch einen Fehler eines Produkts als auch durch ein Verschulden des K\u00e4ufers oder einer Person, f\u00fcr die der K\u00e4ufer haftet, verursacht wurde.<\/p>\n<p>Die Haftung, wie in Abs. 2 einleitende Worte dieses Artikels beschrieben, besteht nur f\u00fcr:<br \/>\nIm \u00dcbrigen haften wir in keiner Weise f\u00fcr direkte oder indirekte Sch\u00e4den, die der K\u00e4ufer infolge eines Mangels bei der Erf\u00fcllung unserer Verpflichtungen erleidet. Der K\u00e4ufer stellt uns von jeglicher Haftung gegen\u00fcber Dritten frei.<\/p>\n<p>Sch\u00e4den aufgrund von Tod oder K\u00f6rperverletzung;<\/p>\n<p>Sch\u00e4den, die durch das Produkt an einer anderen Sache verursacht werden, die \u00fcblicherweise f\u00fcr den privaten Gebrauch oder Verbrauch bestimmt ist und vom K\u00e4ufer auch \u00fcberwiegend privat genutzt oder verbraucht wird, mit Anwendung einer Selbstbeteiligung in H\u00f6he von 573 e.<\/p>\n<p>Der K\u00e4ufer muss den Schaden, den Mangel und den Kausalzusammenhang zwischen dem Mangel und dem Schaden einwandfrei und eindeutig nachweisen.<\/p>\n<p>Alle Maschinen werden mit einer Herstellergarantie geliefert, die vom Hersteller festgelegt wird. Anspr\u00fcche und\/oder die Garantie erl\u00f6schen unter anderem, wenn die Maschine missbraucht oder nicht gem\u00e4\u00df den Anweisungen gewartet wird oder wenn Dritte mit der Reparatur oder Demontage der Maschine beginnen.<\/p>\n<p>Auf Hartmetallwerkzeuge und Bohrfutter wird keine Garantie gew\u00e4hrt.<\/p>\n<p>Bei Materialien und\/oder Produkten, die wir von Dritten beziehen, gelten f\u00fcr unseren Vertragspartner die Garantiebestimmungen unserer Lieferanten.<\/p>\n<h2>9. Rechtsstreitigkeiten.<\/h2>\n<p>Alle Streitigkeiten, auch solche, die nur von einer der Parteien als solche angesehen werden, werden vom ordentlichen Gericht in Maastricht entschieden.<\/p>\n<\/div><\/section><\/div><div  class='flex_column av-obj5-e83225f9edc29a5685c3495099b78f02 av_one_fifth  avia-builder-el-5  el_after_av_three_fifth  avia-builder-el-last  flex_column_div  '     ><\/div><\/div><\/div><\/div><!-- close content main div --><\/div><\/div><div id='after_section_2'  class='main_color av_default_container_wrap container_wrap sidebar_right'  ><div class='container av-section-cont-open' ><div class='template-page content  av-content-small alpha units'><div class='post-entry post-entry-type-page post-entry-689'><div class='entry-content-wrapper clearfix'>\n","protected":false},"excerpt":{"rendered":"","protected":false},"author":21,"featured_media":0,"parent":0,"menu_order":0,"comment_status":"closed","ping_status":"closed","template":"","meta":{"_acf_changed":false,"footnotes":""},"class_list":["post-689","page","type-page","status-publish","hentry"],"acf":[],"yoast_head":"<!-- This site is optimized with the Yoast SEO plugin v27.5 - https:\/\/yoast.com\/product\/yoast-seo-wordpress\/ -->\n<title>Allgemeine Bedingungen und Konditionen | Lenox Sawmasters<\/title>\n<meta name=\"description\" content=\"Diese Allgemeinen Gesch\u00e4ftsbedingungen gelten f\u00fcr alle unsere Angebote, Vertr\u00e4ge und Lieferungen; Abweichungen von diesen Bedingungen sind nur m\u00f6glich, wenn sie ausdr\u00fccklich und schriftlich vereinbart wurden.\" \/>\n<meta name=\"robots\" content=\"index, follow, max-snippet:-1, max-image-preview:large, max-video-preview:-1\" \/>\n<link rel=\"canonical\" href=\"https:\/\/www.lenoxsawmasters.com\/de\/allgemeine-bedingungen-und-konditionen\/\" \/>\n<meta property=\"og:locale\" content=\"de_DE\" \/>\n<meta property=\"og:type\" content=\"article\" \/>\n<meta property=\"og:title\" content=\"Allgemeine Bedingungen und Konditionen | Lenox Sawmasters\" \/>\n<meta property=\"og:description\" content=\"Diese Allgemeinen Gesch\u00e4ftsbedingungen gelten f\u00fcr alle unsere Angebote, Vertr\u00e4ge und Lieferungen; Abweichungen von diesen Bedingungen sind nur m\u00f6glich, wenn sie ausdr\u00fccklich und schriftlich vereinbart wurden.\" \/>\n<meta property=\"og:url\" content=\"https:\/\/www.lenoxsawmasters.com\/de\/allgemeine-bedingungen-und-konditionen\/\" \/>\n<meta property=\"og:site_name\" content=\"Lenox Sawmasters DE\" \/>\n<meta property=\"article:modified_time\" content=\"2023-09-11T12:58:54+00:00\" \/>\n<meta property=\"og:image\" content=\"https:\/\/www.lenoxsawmasters.com\/de\/wp-content\/uploads\/sites\/7\/2023\/09\/lenox-sawmasters-logo.png\" \/>\n\t<meta property=\"og:image:width\" content=\"1200\" \/>\n\t<meta property=\"og:image:height\" content=\"675\" \/>\n\t<meta property=\"og:image:type\" content=\"image\/png\" \/>\n<meta name=\"twitter:card\" content=\"summary_large_image\" \/>\n<meta name=\"twitter:label1\" content=\"Gesch\u00e4tzte Lesezeit\" \/>\n\t<meta name=\"twitter:data1\" content=\"12\u00a0Minuten\" \/>\n<script type=\"application\/ld+json\" class=\"yoast-schema-graph\">{\"@context\":\"https:\\\/\\\/schema.org\",\"@graph\":[{\"@type\":\"WebPage\",\"@id\":\"https:\\\/\\\/www.lenoxsawmasters.com\\\/de\\\/allgemeine-bedingungen-und-konditionen\\\/\",\"url\":\"https:\\\/\\\/www.lenoxsawmasters.com\\\/de\\\/allgemeine-bedingungen-und-konditionen\\\/\",\"name\":\"Allgemeine Bedingungen und Konditionen | Lenox Sawmasters\",\"isPartOf\":{\"@id\":\"https:\\\/\\\/www.lenoxsawmasters.com\\\/de\\\/#website\"},\"datePublished\":\"2023-05-22T20:17:19+00:00\",\"dateModified\":\"2023-09-11T12:58:54+00:00\",\"description\":\"Diese Allgemeinen Gesch\u00e4ftsbedingungen gelten f\u00fcr alle unsere Angebote, Vertr\u00e4ge und Lieferungen; Abweichungen von diesen Bedingungen sind nur m\u00f6glich, wenn sie ausdr\u00fccklich und schriftlich vereinbart wurden.\",\"breadcrumb\":{\"@id\":\"https:\\\/\\\/www.lenoxsawmasters.com\\\/de\\\/allgemeine-bedingungen-und-konditionen\\\/#breadcrumb\"},\"inLanguage\":\"de\",\"potentialAction\":[{\"@type\":\"ReadAction\",\"target\":[\"https:\\\/\\\/www.lenoxsawmasters.com\\\/de\\\/allgemeine-bedingungen-und-konditionen\\\/\"]}]},{\"@type\":\"BreadcrumbList\",\"@id\":\"https:\\\/\\\/www.lenoxsawmasters.com\\\/de\\\/allgemeine-bedingungen-und-konditionen\\\/#breadcrumb\",\"itemListElement\":[{\"@type\":\"ListItem\",\"position\":1,\"name\":\"Home\",\"item\":\"https:\\\/\\\/www.lenoxsawmasters.com\\\/de\\\/\"},{\"@type\":\"ListItem\",\"position\":2,\"name\":\"Allgemeine Bedingungen und Konditionen\"}]},{\"@type\":\"WebSite\",\"@id\":\"https:\\\/\\\/www.lenoxsawmasters.com\\\/de\\\/#website\",\"url\":\"https:\\\/\\\/www.lenoxsawmasters.com\\\/de\\\/\",\"name\":\"Lenoxsawmasters\",\"description\":\"Always Hungry\",\"publisher\":{\"@id\":\"https:\\\/\\\/www.lenoxsawmasters.com\\\/de\\\/#organization\"},\"alternateName\":\"Lenoxsawmasters\",\"potentialAction\":[{\"@type\":\"SearchAction\",\"target\":{\"@type\":\"EntryPoint\",\"urlTemplate\":\"https:\\\/\\\/www.lenoxsawmasters.com\\\/de\\\/?s={search_term_string}\"},\"query-input\":{\"@type\":\"PropertyValueSpecification\",\"valueRequired\":true,\"valueName\":\"search_term_string\"}}],\"inLanguage\":\"de\"},{\"@type\":\"Organization\",\"@id\":\"https:\\\/\\\/www.lenoxsawmasters.com\\\/de\\\/#organization\",\"name\":\"Lenoxsawmasters\",\"alternateName\":\"Lenoxsawmasters\",\"url\":\"https:\\\/\\\/www.lenoxsawmasters.com\\\/de\\\/\",\"logo\":{\"@type\":\"ImageObject\",\"inLanguage\":\"de\",\"@id\":\"https:\\\/\\\/www.lenoxsawmasters.com\\\/de\\\/#\\\/schema\\\/logo\\\/image\\\/\",\"url\":\"https:\\\/\\\/www.lenoxsawmasters.com\\\/de\\\/wp-content\\\/uploads\\\/sites\\\/7\\\/2023\\\/05\\\/lenox-sawmasters-favicon.png\",\"contentUrl\":\"https:\\\/\\\/www.lenoxsawmasters.com\\\/de\\\/wp-content\\\/uploads\\\/sites\\\/7\\\/2023\\\/05\\\/lenox-sawmasters-favicon.png\",\"width\":522,\"height\":522,\"caption\":\"Lenoxsawmasters\"},\"image\":{\"@id\":\"https:\\\/\\\/www.lenoxsawmasters.com\\\/de\\\/#\\\/schema\\\/logo\\\/image\\\/\"}}]}<\/script>\n<!-- \/ Yoast SEO plugin. -->","yoast_head_json":{"title":"Allgemeine Bedingungen und Konditionen | Lenox Sawmasters","description":"Diese Allgemeinen Gesch\u00e4ftsbedingungen gelten f\u00fcr alle unsere Angebote, Vertr\u00e4ge und Lieferungen; Abweichungen von diesen Bedingungen sind nur m\u00f6glich, wenn sie ausdr\u00fccklich und schriftlich vereinbart wurden.","robots":{"index":"index","follow":"follow","max-snippet":"max-snippet:-1","max-image-preview":"max-image-preview:large","max-video-preview":"max-video-preview:-1"},"canonical":"https:\/\/www.lenoxsawmasters.com\/de\/allgemeine-bedingungen-und-konditionen\/","og_locale":"de_DE","og_type":"article","og_title":"Allgemeine Bedingungen und Konditionen | Lenox Sawmasters","og_description":"Diese Allgemeinen Gesch\u00e4ftsbedingungen gelten f\u00fcr alle unsere Angebote, Vertr\u00e4ge und Lieferungen; Abweichungen von diesen Bedingungen sind nur m\u00f6glich, wenn sie ausdr\u00fccklich und schriftlich vereinbart wurden.","og_url":"https:\/\/www.lenoxsawmasters.com\/de\/allgemeine-bedingungen-und-konditionen\/","og_site_name":"Lenox Sawmasters DE","article_modified_time":"2023-09-11T12:58:54+00:00","og_image":[{"width":1200,"height":675,"url":"https:\/\/www.lenoxsawmasters.com\/de\/wp-content\/uploads\/sites\/7\/2023\/09\/lenox-sawmasters-logo.png","type":"image\/png"}],"twitter_card":"summary_large_image","twitter_misc":{"Gesch\u00e4tzte Lesezeit":"12\u00a0Minuten"},"schema":{"@context":"https:\/\/schema.org","@graph":[{"@type":"WebPage","@id":"https:\/\/www.lenoxsawmasters.com\/de\/allgemeine-bedingungen-und-konditionen\/","url":"https:\/\/www.lenoxsawmasters.com\/de\/allgemeine-bedingungen-und-konditionen\/","name":"Allgemeine Bedingungen und Konditionen | Lenox Sawmasters","isPartOf":{"@id":"https:\/\/www.lenoxsawmasters.com\/de\/#website"},"datePublished":"2023-05-22T20:17:19+00:00","dateModified":"2023-09-11T12:58:54+00:00","description":"Diese Allgemeinen Gesch\u00e4ftsbedingungen gelten f\u00fcr alle unsere Angebote, Vertr\u00e4ge und Lieferungen; Abweichungen von diesen Bedingungen sind nur m\u00f6glich, wenn sie ausdr\u00fccklich und schriftlich vereinbart wurden.","breadcrumb":{"@id":"https:\/\/www.lenoxsawmasters.com\/de\/allgemeine-bedingungen-und-konditionen\/#breadcrumb"},"inLanguage":"de","potentialAction":[{"@type":"ReadAction","target":["https:\/\/www.lenoxsawmasters.com\/de\/allgemeine-bedingungen-und-konditionen\/"]}]},{"@type":"BreadcrumbList","@id":"https:\/\/www.lenoxsawmasters.com\/de\/allgemeine-bedingungen-und-konditionen\/#breadcrumb","itemListElement":[{"@type":"ListItem","position":1,"name":"Home","item":"https:\/\/www.lenoxsawmasters.com\/de\/"},{"@type":"ListItem","position":2,"name":"Allgemeine Bedingungen und Konditionen"}]},{"@type":"WebSite","@id":"https:\/\/www.lenoxsawmasters.com\/de\/#website","url":"https:\/\/www.lenoxsawmasters.com\/de\/","name":"Lenoxsawmasters","description":"Always Hungry","publisher":{"@id":"https:\/\/www.lenoxsawmasters.com\/de\/#organization"},"alternateName":"Lenoxsawmasters","potentialAction":[{"@type":"SearchAction","target":{"@type":"EntryPoint","urlTemplate":"https:\/\/www.lenoxsawmasters.com\/de\/?s={search_term_string}"},"query-input":{"@type":"PropertyValueSpecification","valueRequired":true,"valueName":"search_term_string"}}],"inLanguage":"de"},{"@type":"Organization","@id":"https:\/\/www.lenoxsawmasters.com\/de\/#organization","name":"Lenoxsawmasters","alternateName":"Lenoxsawmasters","url":"https:\/\/www.lenoxsawmasters.com\/de\/","logo":{"@type":"ImageObject","inLanguage":"de","@id":"https:\/\/www.lenoxsawmasters.com\/de\/#\/schema\/logo\/image\/","url":"https:\/\/www.lenoxsawmasters.com\/de\/wp-content\/uploads\/sites\/7\/2023\/05\/lenox-sawmasters-favicon.png","contentUrl":"https:\/\/www.lenoxsawmasters.com\/de\/wp-content\/uploads\/sites\/7\/2023\/05\/lenox-sawmasters-favicon.png","width":522,"height":522,"caption":"Lenoxsawmasters"},"image":{"@id":"https:\/\/www.lenoxsawmasters.com\/de\/#\/schema\/logo\/image\/"}}]}},"_links":{"self":[{"href":"https:\/\/www.lenoxsawmasters.com\/de\/wp-json\/wp\/v2\/pages\/689","targetHints":{"allow":["GET"]}}],"collection":[{"href":"https:\/\/www.lenoxsawmasters.com\/de\/wp-json\/wp\/v2\/pages"}],"about":[{"href":"https:\/\/www.lenoxsawmasters.com\/de\/wp-json\/wp\/v2\/types\/page"}],"author":[{"embeddable":true,"href":"https:\/\/www.lenoxsawmasters.com\/de\/wp-json\/wp\/v2\/users\/21"}],"replies":[{"embeddable":true,"href":"https:\/\/www.lenoxsawmasters.com\/de\/wp-json\/wp\/v2\/comments?post=689"}],"version-history":[{"count":10,"href":"https:\/\/www.lenoxsawmasters.com\/de\/wp-json\/wp\/v2\/pages\/689\/revisions"}],"predecessor-version":[{"id":1715,"href":"https:\/\/www.lenoxsawmasters.com\/de\/wp-json\/wp\/v2\/pages\/689\/revisions\/1715"}],"wp:attachment":[{"href":"https:\/\/www.lenoxsawmasters.com\/de\/wp-json\/wp\/v2\/media?parent=689"}],"curies":[{"name":"wp","href":"https:\/\/api.w.org\/{rel}","templated":true}]}}